{"id":2326,"date":"2024-12-12T14:47:00","date_gmt":"2024-12-12T12:47:00","guid":{"rendered":"https:\/\/cosmoflag.com\/?post_type=product&#038;p=2326"},"modified":"2025-08-12T21:23:43","modified_gmt":"2025-08-12T19:23:43","slug":"genderqueer-flagg","status":"publish","type":"product","link":"https:\/\/cosmoflag.com\/nb\/produkt\/genderqueer-flagg\/","title":{"rendered":"Genderqueer-flagg"},"content":{"rendered":"<h3>Funksjoner i genderqueer-flagget<\/h3>\n<p>V\u00e5rt Genderqueer-flagg er laget av polyester av h\u00f8y kvalitet, noe som gj\u00f8r det ideelt for langvarig bruk, b\u00e5de innend\u00f8rs og utend\u00f8rs. Det har metallgjennomf\u00f8ringer for enkel montering og garantert hold, selv under ugunstige v\u00e6rforhold. Flagget v\u00e5rt er tilgjengelig i 90 x 150 cm for maksimal synlighet, og oppfyller en rekke behov, enten du vil vise det p\u00e5 en stang eller p\u00e5 en vegg.<\/p>\n<h3>Et nasjonalt symbol gjennomsyret av historie<\/h3>\n<p>Genderqueer-flagget har tre horisontale striper i lavendel, hvitt og chartreuse-gr\u00f8nt. Lavendel representerer androgynitet og sammensmelting av kj\u00f8nnsidentiteter, hvitt symboliserer n\u00f8ytral eller n\u00f8ytral kj\u00f8nnsidentitet, og chartreuse-gr\u00f8nt, som er motsatsen til lavendel, representerer ikke-bin\u00e6re identiteter som faller utenfor mann-kvinne-spekteret.<\/p>\n<h3>Allsidig bruk<\/h3>\n<p>Enten det er til pride-feiringer, fellessamlinger, kulturelle arrangementer eller som pedagogisk undervisning om kj\u00f8nnsmangfold, er genderqueer-flagget egnet til alle anledninger. Det robuste designet og de blekningsbestandige fargene s\u00f8rger for at flagget beholder sin betydning og visuelle effekt over tid.<\/p>","protected":false},"excerpt":{"rendered":"<p>150 x 90 cm stort flagg med 2 solide metallgjennomf\u00f8ringer for sikker opphengning.<\/p>","protected":false},"featured_media":1124,"comment_status":"open","ping_status":"closed","template":"","meta":{"_gspb_post_css":"","iawp_total_views":4},"product_brand":[],"product_cat":[57],"product_tag":[],"class_list":{"0":"post-2326","1":"product","2":"type-product","3":"status-publish","4":"has-post-thumbnail","6":"product_cat-lgbt-flags","8":"first","9":"instock","10":"sale","11":"shipping-taxable","12":"purchasable","13":"product-type-simple"},"_links":{"self":[{"href":"https:\/\/cosmoflag.com\/nb\/wp-json\/wp\/v2\/product\/2326","targetHints":{"allow":["GET"]}}],"collection":[{"href":"https:\/\/cosmoflag.com\/nb\/wp-json\/wp\/v2\/product"}],"about":[{"href":"https:\/\/cosmoflag.com\/nb\/wp-json\/wp\/v2\/types\/product"}],"replies":[{"embeddable":true,"href":"https:\/\/cosmoflag.com\/nb\/wp-json\/wp\/v2\/comments?post=2326"}],"wp:featuredmedia":[{"embeddable":true,"href":"https:\/\/cosmoflag.com\/nb\/wp-json\/wp\/v2\/media\/1124"}],"wp:attachment":[{"href":"https:\/\/cosmoflag.com\/nb\/wp-json\/wp\/v2\/media?parent=2326"}],"wp:term":[{"taxonomy":"product_brand","embeddable":true,"href":"https:\/\/cosmoflag.com\/nb\/wp-json\/wp\/v2\/product_brand?post=2326"},{"taxonomy":"product_cat","embeddable":true,"href":"https:\/\/cosmoflag.com\/nb\/wp-json\/wp\/v2\/product_cat?post=2326"},{"taxonomy":"product_tag","embeddable":true,"href":"https:\/\/cosmoflag.com\/nb\/wp-json\/wp\/v2\/product_tag?post=2326"}],"curies":[{"name":"wp","href":"https:\/\/api.w.org\/{rel}","templated":true}]}}