{"id":2325,"date":"2024-12-12T14:41:00","date_gmt":"2024-12-12T12:41:00","guid":{"rendered":"https:\/\/cosmoflag.com\/?post_type=product&#038;p=2325"},"modified":"2025-08-12T21:23:43","modified_gmt":"2025-08-12T19:23:43","slug":"aromantisk-flagg","status":"publish","type":"product","link":"https:\/\/cosmoflag.com\/nb\/produkt\/aromantisk-flagg\/","title":{"rendered":"Aromantisk flagg"},"content":{"rendered":"<h3>Aromantiske flaggfunksjoner<\/h3>\n<p>V\u00e5rt aromantiske flagg er laget av polyester av h\u00f8y kvalitet, noe som gj\u00f8r det ideelt for langvarig bruk, b\u00e5de innend\u00f8rs og utend\u00f8rs. Det har metallgjennomf\u00f8ringer for enkel montering og garantert hold, selv under ugunstige v\u00e6rforhold. Flagget v\u00e5rt er tilgjengelig i 90 x 150 cm\/35 x 59 tommer for maksimal synlighet, og oppfyller en rekke ulike behov, enten du vil vise det p\u00e5 en stang eller en vegg.<\/p>\n<h3>Et symbol gjennomsyret av historie<\/h3>\n<p>Det aromantiske flagget har fem horisontale striper i fargene gr\u00f8nt, lysegr\u00e5tt, hvitt, gr\u00e5tt og svart, fra topp til bunn. Gr\u00f8nt representerer aromantikken, lysegr\u00e5tt sonen mellom aromantikken og romantikken, hvitt symboliserer platoniske relasjoner og aktelse mellom aromantiske partnere, m\u00f8rkegr\u00e5tt representerer den aromantiske gr\u00e5sonen og svart aseksualitet.<\/p>\n<h3>Allsidig bruk<\/h3>\n<p>Det aromantiske flagget er ideelt for Pride-arrangementer, sammenkomster i lokalsamfunnet, kulturelle arrangementer eller som et pedagogisk verkt\u00f8y, og er en meningsfull m\u00e5te \u00e5 representere det aromantiske milj\u00f8et p\u00e5 og \u00f8ke bevisstheten om denne legningen. Flagget har en robust design og farger som t\u00e5ler \u00e5 falme, slik at det beholder sin livskraft og betydning.<\/p>","protected":false},"excerpt":{"rendered":"<p>150 x 90 cm stort flagg med 2 solide metallgjennomf\u00f8ringer for sikker opphengning.<\/p>","protected":false},"featured_media":971,"comment_status":"open","ping_status":"closed","template":"","meta":{"_gspb_post_css":"","iawp_total_views":6},"product_brand":[],"product_cat":[57],"product_tag":[],"class_list":{"0":"post-2325","1":"product","2":"type-product","3":"status-publish","4":"has-post-thumbnail","6":"product_cat-lgbt-flags","8":"first","9":"instock","10":"sale","11":"shipping-taxable","12":"purchasable","13":"product-type-simple"},"_links":{"self":[{"href":"https:\/\/cosmoflag.com\/nb\/wp-json\/wp\/v2\/product\/2325","targetHints":{"allow":["GET"]}}],"collection":[{"href":"https:\/\/cosmoflag.com\/nb\/wp-json\/wp\/v2\/product"}],"about":[{"href":"https:\/\/cosmoflag.com\/nb\/wp-json\/wp\/v2\/types\/product"}],"replies":[{"embeddable":true,"href":"https:\/\/cosmoflag.com\/nb\/wp-json\/wp\/v2\/comments?post=2325"}],"wp:featuredmedia":[{"embeddable":true,"href":"https:\/\/cosmoflag.com\/nb\/wp-json\/wp\/v2\/media\/971"}],"wp:attachment":[{"href":"https:\/\/cosmoflag.com\/nb\/wp-json\/wp\/v2\/media?parent=2325"}],"wp:term":[{"taxonomy":"product_brand","embeddable":true,"href":"https:\/\/cosmoflag.com\/nb\/wp-json\/wp\/v2\/product_brand?post=2325"},{"taxonomy":"product_cat","embeddable":true,"href":"https:\/\/cosmoflag.com\/nb\/wp-json\/wp\/v2\/product_cat?post=2325"},{"taxonomy":"product_tag","embeddable":true,"href":"https:\/\/cosmoflag.com\/nb\/wp-json\/wp\/v2\/product_tag?post=2325"}],"curies":[{"name":"wp","href":"https:\/\/api.w.org\/{rel}","templated":true}]}}