{"id":2324,"date":"2024-12-12T14:36:00","date_gmt":"2024-12-12T12:36:00","guid":{"rendered":"https:\/\/cosmoflag.com\/?post_type=product&#038;p=2324"},"modified":"2025-08-12T21:23:43","modified_gmt":"2025-08-12T19:23:43","slug":"skinnflagg","status":"publish","type":"product","link":"https:\/\/cosmoflag.com\/nb\/produkt\/skinnflagg\/","title":{"rendered":"Flagg i l\u00e6r"},"content":{"rendered":"<h3>Funksjoner i l\u00e6rflagg<\/h3>\n<p>Leather-flagget v\u00e5rt er laget av polyester av h\u00f8y kvalitet, noe som gj\u00f8r det ideelt for langvarig bruk, b\u00e5de innend\u00f8rs og utend\u00f8rs. Det har metallgjennomf\u00f8ringer for enkel montering og garantert hold, selv under ugunstige v\u00e6rforhold. Flagget v\u00e5rt er tilgjengelig i 90 x 150 cm\/35 x 59 tommer for maksimal synlighet, og oppfyller en rekke ulike behov, enten du vil vise det p\u00e5 en stang eller en vegg.<\/p>\n<h3>Et symbol gjennomsyret av historie<\/h3>\n<p>L\u00e6rflagget, designet av Tony DeBlase i 1989, er et viktig symbol for l\u00e6rmilj\u00f8et. Det har vekselvis svarte og bl\u00e5 horisontale striper, med et r\u00f8dt hjerte i \u00f8verste venstre hj\u00f8rne. Hver farge har sin egen betydning: svart representerer l\u00e6r, bl\u00e5tt lojalitet og hengivenhet, og r\u00f8dt lidenskap og kj\u00e6rlighet.<\/p>\n<h3>Allsidig bruk<\/h3>\n<p>Enten det gjelder pride-parader, l\u00e6rfellesskapssamlinger, kulturelle arrangementer eller BDSM-arrangementer, er l\u00e6rflagget et kraftfullt symbol p\u00e5 stolthet og identitet. Det robuste designet og de blekningsbestandige fargene s\u00f8rger for at flagget beholder sin betydning og visuelle effekt over tid.<\/p>","protected":false},"excerpt":{"rendered":"<p>150 x 90 cm stort flagg med 2 solide metallgjennomf\u00f8ringer for sikker opphengning.<\/p>","protected":false},"featured_media":1193,"comment_status":"open","ping_status":"closed","template":"","meta":{"_gspb_post_css":"","iawp_total_views":2},"product_brand":[],"product_cat":[57],"product_tag":[],"class_list":{"0":"post-2324","1":"product","2":"type-product","3":"status-publish","4":"has-post-thumbnail","6":"product_cat-lgbt-flags","8":"first","9":"instock","10":"sale","11":"shipping-taxable","12":"purchasable","13":"product-type-simple"},"_links":{"self":[{"href":"https:\/\/cosmoflag.com\/nb\/wp-json\/wp\/v2\/product\/2324","targetHints":{"allow":["GET"]}}],"collection":[{"href":"https:\/\/cosmoflag.com\/nb\/wp-json\/wp\/v2\/product"}],"about":[{"href":"https:\/\/cosmoflag.com\/nb\/wp-json\/wp\/v2\/types\/product"}],"replies":[{"embeddable":true,"href":"https:\/\/cosmoflag.com\/nb\/wp-json\/wp\/v2\/comments?post=2324"}],"wp:featuredmedia":[{"embeddable":true,"href":"https:\/\/cosmoflag.com\/nb\/wp-json\/wp\/v2\/media\/1193"}],"wp:attachment":[{"href":"https:\/\/cosmoflag.com\/nb\/wp-json\/wp\/v2\/media?parent=2324"}],"wp:term":[{"taxonomy":"product_brand","embeddable":true,"href":"https:\/\/cosmoflag.com\/nb\/wp-json\/wp\/v2\/product_brand?post=2324"},{"taxonomy":"product_cat","embeddable":true,"href":"https:\/\/cosmoflag.com\/nb\/wp-json\/wp\/v2\/product_cat?post=2324"},{"taxonomy":"product_tag","embeddable":true,"href":"https:\/\/cosmoflag.com\/nb\/wp-json\/wp\/v2\/product_tag?post=2324"}],"curies":[{"name":"wp","href":"https:\/\/api.w.org\/{rel}","templated":true}]}}