{"id":2320,"date":"2024-12-12T14:17:00","date_gmt":"2024-12-12T12:17:00","guid":{"rendered":"https:\/\/cosmoflag.com\/?post_type=product&#038;p=2320"},"modified":"2025-08-12T21:23:45","modified_gmt":"2025-08-12T19:23:45","slug":"regnbueflagg-for-lesbiske-homofile-og-bifile","status":"publish","type":"product","link":"https:\/\/cosmoflag.com\/nb\/produkt\/regnbueflagg-for-lesbiske-homofile-og-bifile\/","title":{"rendered":"LHBT-regnbueflagg"},"content":{"rendered":"<h3>Kjennetegn ved LHBT-regnbueflagget<\/h3>\n<p>V\u00e5rt LHBT-regnbueflagg er laget av polyester av h\u00f8y kvalitet, noe som gj\u00f8r det ideelt for langvarig bruk, enten det er innend\u00f8rs eller utend\u00f8rs. Det har metallgjennomf\u00f8ringer for enkel montering og garantert hold, selv under ugunstige v\u00e6rforhold. Flagget v\u00e5rt er tilgjengelig i 90\u00d7150 cm\/35\u00d759 tommer for maksimal synlighet, og oppfyller en rekke ulike behov, enten du vil vise det p\u00e5 en stang eller en vegg.<\/p>\n<h3>Et symbol gjennomsyret av historie<\/h3>\n<p>Regnbueflagget er det universelle symbolet p\u00e5 LHBTQ+-samfunnet. Det ble skapt av Gilbert Baker i 1978 og best\u00e5r av flere b\u00e5nd i ulike farger, hver med sin egen betydning: r\u00f8dt for liv, oransje for helbredelse, gult for sol, gr\u00f8nt for natur, bl\u00e5tt for harmoni og lilla for \u00e5nd. Flagget feirer mangfoldet og samholdet i samfunnet.<\/p>\n<h3>Allsidig bruk<\/h3>\n<p>LGBT-regnbueflagget passer til alle anledninger, enten det er til pride-parader, samfunnsarrangementer, kulturdemonstrasjoner eller som et pedagogisk verkt\u00f8y for mangfold og inkludering. Det robuste designet og de blekningsbestandige fargene s\u00f8rger for at flagget beholder sin betydning og visuelle effekt over tid.<\/p>","protected":false},"excerpt":{"rendered":"<p>150 x 90 cm stort flagg med 2 solide metallgjennomf\u00f8ringer for sikker opphengning.<\/p>","protected":false},"featured_media":1219,"comment_status":"open","ping_status":"closed","template":"","meta":{"_gspb_post_css":"","iawp_total_views":78},"product_brand":[],"product_cat":[57],"product_tag":[],"class_list":{"0":"post-2320","1":"product","2":"type-product","3":"status-publish","4":"has-post-thumbnail","6":"product_cat-lgbt-flags","8":"first","9":"instock","10":"sale","11":"shipping-taxable","12":"purchasable","13":"product-type-simple"},"_links":{"self":[{"href":"https:\/\/cosmoflag.com\/nb\/wp-json\/wp\/v2\/product\/2320","targetHints":{"allow":["GET"]}}],"collection":[{"href":"https:\/\/cosmoflag.com\/nb\/wp-json\/wp\/v2\/product"}],"about":[{"href":"https:\/\/cosmoflag.com\/nb\/wp-json\/wp\/v2\/types\/product"}],"replies":[{"embeddable":true,"href":"https:\/\/cosmoflag.com\/nb\/wp-json\/wp\/v2\/comments?post=2320"}],"wp:featuredmedia":[{"embeddable":true,"href":"https:\/\/cosmoflag.com\/nb\/wp-json\/wp\/v2\/media\/1219"}],"wp:attachment":[{"href":"https:\/\/cosmoflag.com\/nb\/wp-json\/wp\/v2\/media?parent=2320"}],"wp:term":[{"taxonomy":"product_brand","embeddable":true,"href":"https:\/\/cosmoflag.com\/nb\/wp-json\/wp\/v2\/product_brand?post=2320"},{"taxonomy":"product_cat","embeddable":true,"href":"https:\/\/cosmoflag.com\/nb\/wp-json\/wp\/v2\/product_cat?post=2320"},{"taxonomy":"product_tag","embeddable":true,"href":"https:\/\/cosmoflag.com\/nb\/wp-json\/wp\/v2\/product_tag?post=2320"}],"curies":[{"name":"wp","href":"https:\/\/api.w.org\/{rel}","templated":true}]}}