{"id":2318,"date":"2024-12-12T14:12:00","date_gmt":"2024-12-12T12:12:00","guid":{"rendered":"https:\/\/cosmoflag.com\/?post_type=product&#038;p=2318"},"modified":"2025-08-12T21:23:45","modified_gmt":"2025-08-12T19:23:45","slug":"lhbt-philadelphia-pride-flagg","status":"publish","type":"product","link":"https:\/\/cosmoflag.com\/nb\/produkt\/lhbt-philadelphia-pride-flagg\/","title":{"rendered":"LGBT Philadelphia Pride-flagg"},"content":{"rendered":"<h3>LGBT Philadelphia Pride-flagget har f\u00f8lgende funksjoner<\/h3>\n<p>V\u00e5rt LGBT Philadelphia Pride-flagg er laget av polyester av h\u00f8y kvalitet, noe som gj\u00f8r det ideelt for langvarig bruk, enten det er innend\u00f8rs eller utend\u00f8rs. Det har metallgjennomf\u00f8ringer for enkel montering og garantert hold, selv under ugunstige v\u00e6rforhold. Flagget v\u00e5rt er tilgjengelig i 90\u00d7150 cm\/35\u00d759 tommer for maksimal synlighet, og oppfyller en rekke ulike behov, enten du vil vise det p\u00e5 en stang eller en vegg.<\/p>\n<p><strong>Et nasjonalt symbol gjennomsyret av historie<\/strong><\/p>\n<p>LGBT Philadelphia Pride-flagget har to striper, en svart og en brun, over de tradisjonelle seks regnbuefargene i LGBTQ+ Pride-flagget. Disse tilf\u00f8yelsene ble gjort for \u00e5 understreke mangfold og inkludering, spesielt n\u00e5r det gjelder fargede personer i LHBTQ+-samfunnet. Denne versjonen av flagget ble introdusert i 2017 for \u00e5 styrke synligheten til svarte og brune LHBTQ+-personer, og for \u00e5 bekrefte engasjementet for alle stemmer i samfunnet.<\/p>\n<p><strong>Allsidig bruk<\/strong><\/p>\n<p>Philadelphia Pride-flagget er et kraftfullt symbol p\u00e5 inkludering og egner seg perfekt til prideparader, demonstrasjoner, kulturelle arrangementer eller som et pedagogisk verkt\u00f8y. Det robuste designet og de blekningsbestandige fargene s\u00f8rger for at flagget beholder sin visuelle effekt og betydning over tid.<\/p>","protected":false},"excerpt":{"rendered":"<p>150 x 90 cm stort flagg med 2 solide metallgjennomf\u00f8ringer for sikker opphengning.<\/p>","protected":false},"featured_media":1206,"comment_status":"open","ping_status":"closed","template":"","meta":{"_gspb_post_css":"","iawp_total_views":12},"product_brand":[],"product_cat":[57],"product_tag":[],"class_list":{"0":"post-2318","1":"product","2":"type-product","3":"status-publish","4":"has-post-thumbnail","6":"product_cat-lgbt-flags","8":"first","9":"instock","10":"sale","11":"shipping-taxable","12":"purchasable","13":"product-type-simple"},"_links":{"self":[{"href":"https:\/\/cosmoflag.com\/nb\/wp-json\/wp\/v2\/product\/2318","targetHints":{"allow":["GET"]}}],"collection":[{"href":"https:\/\/cosmoflag.com\/nb\/wp-json\/wp\/v2\/product"}],"about":[{"href":"https:\/\/cosmoflag.com\/nb\/wp-json\/wp\/v2\/types\/product"}],"replies":[{"embeddable":true,"href":"https:\/\/cosmoflag.com\/nb\/wp-json\/wp\/v2\/comments?post=2318"}],"wp:featuredmedia":[{"embeddable":true,"href":"https:\/\/cosmoflag.com\/nb\/wp-json\/wp\/v2\/media\/1206"}],"wp:attachment":[{"href":"https:\/\/cosmoflag.com\/nb\/wp-json\/wp\/v2\/media?parent=2318"}],"wp:term":[{"taxonomy":"product_brand","embeddable":true,"href":"https:\/\/cosmoflag.com\/nb\/wp-json\/wp\/v2\/product_brand?post=2318"},{"taxonomy":"product_cat","embeddable":true,"href":"https:\/\/cosmoflag.com\/nb\/wp-json\/wp\/v2\/product_cat?post=2318"},{"taxonomy":"product_tag","embeddable":true,"href":"https:\/\/cosmoflag.com\/nb\/wp-json\/wp\/v2\/product_tag?post=2318"}],"curies":[{"name":"wp","href":"https:\/\/api.w.org\/{rel}","templated":true}]}}