{"id":2312,"date":"2024-12-12T13:43:00","date_gmt":"2024-12-12T11:43:00","guid":{"rendered":"https:\/\/cosmoflag.com\/?post_type=product&#038;p=2312"},"modified":"2026-04-04T13:27:14","modified_gmt":"2026-04-04T11:27:14","slug":"intersex-progress-pride-flagg","status":"publish","type":"product","link":"https:\/\/cosmoflag.com\/nb\/produkt\/intersex-progress-pride-flagg\/","title":{"rendered":"Intersex Progress Pride-flagg"},"content":{"rendered":"<h3>Funksjoner ved Intersex Progress Pride-flagget<\/h3>\n<p>V\u00e5rt Intersex Progress Pride-flagg er laget av polyester av h\u00f8y kvalitet, noe som gj\u00f8r det ideelt for langvarig bruk, enten det er innend\u00f8rs eller utend\u00f8rs. Det har metallgjennomf\u00f8ringer for enkel montering og garantert hold, selv under ugunstige v\u00e6rforhold. Flagget v\u00e5rt er tilgjengelig i st\u00f8rrelsen 90 x 150 cm for maksimal synlighet, og oppfyller en rekke ulike behov, enten du \u00f8nsker \u00e5 henge det p\u00e5 en stang eller en vegg.<\/p>\n<h3>Et nasjonalt symbol gjennomsyret av historie<\/h3>\n<p>Intersex Progress Pride-flagget har samme design som det tradisjonelle Progress Pride-flagget, men har i tillegg en lilla sirkel p\u00e5 gul bakgrunn i den h\u00f8yre pilstripen, som symboliserer interkj\u00f8nnmilj\u00f8et. Dette innovative designet fremhever viktigheten av inkludering og synlighet for interkj\u00f8nnpersoner i LHBTQ+-samfunnet. Flagget hyller ogs\u00e5 bidragene og motstandskraften til transkj\u00f8nnede, fargede og interkj\u00f8nnpersoner.<\/p>\n<h3>Allsidig bruk<\/h3>\n<p>Dette flagget er perfekt til pride-parader, samfunnsarrangementer, kulturelle demonstrasjoner eller som et pedagogisk verkt\u00f8y, og er et kraftfullt symbol p\u00e5 inkludering. Det robuste designet og de blekningsbestandige fargene s\u00f8rger for at flagget beholder sin visuelle effekt og betydning over tid.<\/p>","protected":false},"excerpt":{"rendered":"<p>150 x 90 cm stort flagg med 2 solide metallgjennomf\u00f8ringer for sikker opphengning.<\/p>","protected":false},"featured_media":1151,"comment_status":"open","ping_status":"closed","template":"","meta":{"_gspb_post_css":"","iawp_total_views":42},"product_brand":[],"product_cat":[57],"product_tag":[],"class_list":{"0":"post-2312","1":"product","2":"type-product","3":"status-publish","4":"has-post-thumbnail","6":"product_cat-lgbt-flags","8":"first","9":"instock","10":"sale","11":"shipping-taxable","12":"purchasable","13":"product-type-simple"},"_links":{"self":[{"href":"https:\/\/cosmoflag.com\/nb\/wp-json\/wp\/v2\/product\/2312","targetHints":{"allow":["GET"]}}],"collection":[{"href":"https:\/\/cosmoflag.com\/nb\/wp-json\/wp\/v2\/product"}],"about":[{"href":"https:\/\/cosmoflag.com\/nb\/wp-json\/wp\/v2\/types\/product"}],"replies":[{"embeddable":true,"href":"https:\/\/cosmoflag.com\/nb\/wp-json\/wp\/v2\/comments?post=2312"}],"wp:featuredmedia":[{"embeddable":true,"href":"https:\/\/cosmoflag.com\/nb\/wp-json\/wp\/v2\/media\/1151"}],"wp:attachment":[{"href":"https:\/\/cosmoflag.com\/nb\/wp-json\/wp\/v2\/media?parent=2312"}],"wp:term":[{"taxonomy":"product_brand","embeddable":true,"href":"https:\/\/cosmoflag.com\/nb\/wp-json\/wp\/v2\/product_brand?post=2312"},{"taxonomy":"product_cat","embeddable":true,"href":"https:\/\/cosmoflag.com\/nb\/wp-json\/wp\/v2\/product_cat?post=2312"},{"taxonomy":"product_tag","embeddable":true,"href":"https:\/\/cosmoflag.com\/nb\/wp-json\/wp\/v2\/product_tag?post=2312"}],"curies":[{"name":"wp","href":"https:\/\/api.w.org\/{rel}","templated":true}]}}