{"id":2561,"date":"2025-01-01T18:47:53","date_gmt":"2025-01-01T18:47:53","guid":{"rendered":"https:\/\/cosmoflag.com\/?page_id=2561"},"modified":"2025-01-01T18:47:54","modified_gmt":"2025-01-01T18:47:54","slug":"retningslinjer-for-refusjon-og-retur","status":"publish","type":"page","link":"https:\/\/cosmoflag.com\/nb\/retningslinjer-for-refusjon-og-retur\/","title":{"rendered":"Retningslinjer for refusjon og retur"},"content":{"rendered":"<p><strong>Retningslinjer for retur<\/strong><br>Kunder av <strong>Cosmoflag<\/strong> har 14 dager fra datoen for mottak av bestillingen til \u00e5 starte en retur. For \u00e5 starte returprosessen, vennligst send inn en foresp\u00f8rsel via kontaktskjemaet p\u00e5 nettstedet v\u00e5rt eller send oss en e-post direkte p\u00e5 <strong><a>info@cosmoflag.com<\/a><\/strong>, inkludert bestillingsnummeret ditt.<\/p>\n\n\n\n<hr class=\"wp-block-separator has-alpha-channel-opacity\"\/>\n\n\n\n<h3 class=\"wp-block-heading has-medium-font-size\" id=\"condition-of-returned-items\"><strong>TILSTANDEN TIL RETURNERTE VARER<\/strong><\/h3>\n\n\n\n<p>Varene m\u00e5 returneres i original stand og inkludere alle komponenter (emballasje, tilbeh\u00f8r og h\u00e5ndb\u00f8ker). Kunden kan bli holdt ansvarlig for eventuelle skader p\u00e5 varen under returprosessen, noe som kan f\u00f8re til at retten til refusjon eller bytte bortfaller.<\/p>\n\n\n\n<hr class=\"wp-block-separator has-alpha-channel-opacity\"\/>\n\n\n\n<h3 class=\"wp-block-heading has-medium-font-size\" id=\"return-shipping-costs\"><strong>RETURFRAKTKOSTNADER<\/strong><\/h3>\n\n\n\n<p>Returfraktkostnader er kundens ansvar. Vi anbefaler at du bruker en sporet returtjeneste for \u00e5 unng\u00e5 tvister om mottak av den returnerte varen.<\/p>\n\n\n\n<hr class=\"wp-block-separator has-alpha-channel-opacity\"\/>\n\n\n\n<h3 class=\"wp-block-heading has-medium-font-size\" id=\"defective-or-incorrect-items\"><strong>DEFEKTE ELLER FEILAKTIGE VARER<\/strong><\/h3>\n\n\n\n<p>Hvis du mottar en defekt eller feil vare, vennligst kontakt v\u00e5r kundeservice innen <strong>48 timer<\/strong> etter at du har mottatt bestillingen. Send en detaljert beskrivelse og bilder av manglene til <strong><a>info@cosmoflag.com<\/a><\/strong>. Krav som fremsettes etter 48 timer, kan bli avvist.<\/p>\n\n\n\n<hr class=\"wp-block-separator has-alpha-channel-opacity\"\/>\n\n\n\n<h3 class=\"wp-block-heading has-medium-font-size\" id=\"exclusions\"><strong>EKSKLUSJONER<\/strong><\/h3>\n\n\n\n<ul class=\"wp-block-list\">\n<li>Kun varer til ordin\u00e6r pris er kvalifisert for refusjon.<\/li>\n\n\n\n<li>Salgsvarer refunderes ikke.<\/li>\n\n\n\n<li>Hvis bestillingen din inkluderte en gratis vare (f.eks. p\u00e5 grunn av en spesiell kampanje eller leveringsfeil), og du returnerer varer som du har mottatt en gave for, m\u00e5 den gratis varen ogs\u00e5 returneres.<\/li>\n<\/ul>\n\n\n\n<hr class=\"wp-block-separator has-alpha-channel-opacity\"\/>\n\n\n\n<h3 class=\"wp-block-heading has-medium-font-size\" id=\"refund-procedure\"><strong>REFUSJONSPROSEDYRE<\/strong><\/h3>\n\n\n\n<p>Hvis en refusjon godkjennes, vil den bli behandlet, og en kreditering vil automatisk bli overf\u00f8rt til kredittkortet ditt eller den opprinnelige betalingsm\u00e5ten innen <strong>10 virkedager<\/strong> etter mottak av den returnerte varen.<\/p>\n\n\n\n<hr class=\"wp-block-separator has-alpha-channel-opacity\"\/>\n\n\n\n<h3 class=\"wp-block-heading has-medium-font-size\" id=\"shipping-cost-refunds\"><strong>REFUSJON AV FRAKTKOSTNADER<\/strong><\/h3>\n\n\n\n<ul class=\"wp-block-list\">\n<li>De opprinnelige fraktkostnadene refunderes ikke.<\/li>\n\n\n\n<li>Hvis du mottar en refusjon, vil ikke returfraktkostnadene v\u00e6re inkludert i det refunderte bel\u00f8pet.<\/li>\n\n\n\n<li>Kundene er ansvarlige for returfraktkostnadene, og vi anbefaler at du bruker en sporet leveringstjeneste for \u00e5 sikre at returen blir mottatt.<\/li>\n<\/ul>\n\n\n\n<hr class=\"wp-block-separator has-alpha-channel-opacity\"\/>\n\n\n\n<h3 class=\"wp-block-heading has-medium-font-size\" id=\"fair-return-policy\"><strong>RETTFERDIGE RETURREGLER<\/strong><\/h3>\n\n\n\n<p>Disse retningslinjene for retur og refusjon er utformet for \u00e5 v\u00e6re rettferdige for alle parter, og beskytter b\u00e5de v\u00e5re kunders interesser og <strong>Cosmoflag<\/strong>. Vi har som m\u00e5l \u00e5 l\u00f8se problemer p\u00e5 en effektiv og rettferdig m\u00e5te, og vi oppfordrer kundene til \u00e5 ta kontakt hvis det oppst\u00e5r problemer.<\/p>\n\n\n\n<hr class=\"wp-block-separator has-alpha-channel-opacity\"\/>\n\n\n\n<h3 class=\"wp-block-heading has-medium-font-size\" id=\"contact-us\"><strong>Kontakt oss<\/strong><\/h3>\n\n\n\n<p>For ytterligere sp\u00f8rsm\u00e5l eller avklaringer, vennligst kontakt v\u00e5rt kundeserviceteam p\u00e5 den oppgitte e-postadressen. Vi er her for \u00e5 hjelpe deg med \u00e5 navigere i returprosessen og sikre at du blir forn\u00f8yd.<\/p>","protected":false},"excerpt":{"rendered":"<p>Return PolicyCustomers of Cosmoflag have 14 days from the date of receiving their order to initiate a return. To start the return process, please submit a request via the contact form on our website or email us directly at info@cosmoflag.com, including your order number. CONDITION OF RETURNED ITEMS Items must be returned in their original [&hellip;]<\/p>\n","protected":false},"author":1,"featured_media":0,"parent":0,"menu_order":0,"comment_status":"closed","ping_status":"closed","template":"","meta":{"_gspb_post_css":"","iawp_total_views":4,"footnotes":""},"class_list":["post-2561","page","type-page","status-publish","hentry"],"blocksy_meta":[],"_links":{"self":[{"href":"https:\/\/cosmoflag.com\/nb\/wp-json\/wp\/v2\/pages\/2561","targetHints":{"allow":["GET"]}}],"collection":[{"href":"https:\/\/cosmoflag.com\/nb\/wp-json\/wp\/v2\/pages"}],"about":[{"href":"https:\/\/cosmoflag.com\/nb\/wp-json\/wp\/v2\/types\/page"}],"author":[{"embeddable":true,"href":"https:\/\/cosmoflag.com\/nb\/wp-json\/wp\/v2\/users\/1"}],"replies":[{"embeddable":true,"href":"https:\/\/cosmoflag.com\/nb\/wp-json\/wp\/v2\/comments?post=2561"}],"version-history":[{"count":0,"href":"https:\/\/cosmoflag.com\/nb\/wp-json\/wp\/v2\/pages\/2561\/revisions"}],"wp:attachment":[{"href":"https:\/\/cosmoflag.com\/nb\/wp-json\/wp\/v2\/media?parent=2561"}],"curies":[{"name":"wp","href":"https:\/\/api.w.org\/{rel}","templated":true}]}}