{"id":2559,"date":"2025-01-01T18:44:57","date_gmt":"2025-01-01T18:44:57","guid":{"rendered":"https:\/\/cosmoflag.com\/?page_id=2559"},"modified":"2025-01-05T14:19:20","modified_gmt":"2025-01-05T14:19:20","slug":"personvernerklaering","status":"publish","type":"page","link":"https:\/\/cosmoflag.com\/nb\/personvernerklaering\/","title":{"rendered":"Retningslinjer for personvern"},"content":{"rendered":"<h3 class=\"wp-block-heading\" id=\"introduction-to-cosmoflag-s-privacy-statement\">Introduksjon til Cosmoflags personvernerkl\u00e6ring<\/h3>\n\n\n\n<p>P\u00e5 <strong>Cosmoflag<\/strong>Vi forst\u00e5r at det er viktig \u00e5 beskytte personvernet ditt, og vi er forpliktet til \u00e5 respektere det. Som en nettbutikk dedikert til \u00e5 selge flagg av h\u00f8y kvalitet, samler vi inn visse opplysninger for \u00e5 forbedre handleopplevelsen din, samtidig som vi s\u00f8rger for sikkerheten og konfidensialiteten til personopplysningene dine.<\/p>\n\n\n\n<p>V\u00e5r personvernerkl\u00e6ring forklarer hvordan og hvorfor vi samler inn personopplysningene dine, hvordan de brukes og hvordan vi beskytter dem. Din tillit er viktig for oss, og derfor iverksetter vi alle n\u00f8dvendige tiltak for \u00e5 sikre opplysningene dine og gi deg mulighet til \u00e5 kontrollere bruken av dem.<\/p>\n\n\n\n<p>Vi oppfordrer deg til \u00e5 lese denne erkl\u00e6ringen n\u00f8ye for \u00e5 forst\u00e5 v\u00e5r praksis n\u00e5r det gjelder personopplysningene dine og hvordan vi h\u00e5ndterer dem. Hvis du har sp\u00f8rsm\u00e5l eller bekymringer, er du velkommen til \u00e5 kontakte oss. \u00c5 beskytte personvernet ditt er en sentral del av v\u00e5rt oppdrag, og vi er forpliktet til \u00e5 beskytte det strengt.<\/p>\n\n\n\n<hr class=\"wp-block-separator has-alpha-channel-opacity\"\/>\n\n\n\n<h3 class=\"wp-block-heading\" id=\"article-1-personal-information-collected\">Artikkel 1 - Personopplysninger som samles inn<\/h3>\n\n\n\n<p><strong>Informasjon som samles inn under kj\u00f8p<\/strong><br>N\u00e5r du foretar et kj\u00f8p i Cosmoflag-butikken v\u00e5r, samler vi inn personopplysningene du oppgir. Dette inkluderer navn, postadresse og e-postadresse - n\u00f8dvendig informasjon for \u00e5 fullf\u00f8re transaksjonen. Disse opplysningene gj\u00f8r det mulig for oss \u00e5 behandle bestillingene dine, administrere produktleveransen og kontakte deg om n\u00f8dvendig ang\u00e5ende kj\u00f8pet ditt.<\/p>\n\n\n\n<p><strong>Informasjon som samles inn under surfing<\/strong><br>I tillegg til den informasjonen du eksplisitt oppgir, samler vi automatisk inn visse opplysninger n\u00e5r du surfer p\u00e5 nettstedet v\u00e5rt. Dette inkluderer datamaskinens IP-adresse (Internet Protocol), som hjelper oss med \u00e5 diagnostisere serverproblemer, administrere nettstedet v\u00e5rt og identifisere forbedringer basert p\u00e5 hvordan bes\u00f8kende navigerer p\u00e5 nettstedet v\u00e5rt. Vi samler ogs\u00e5 inn informasjon om nettlesertype og operativsystem, noe som hjelper oss med \u00e5 optimalisere nettstedet for alle brukere.<\/p>\n\n\n\n<p><strong>E-postmarkedsf\u00f8ring<\/strong><br>Med din tillatelse kan vi sende deg e-post om butikken v\u00e5r, nye produkter og oppdateringer som vi tror vil interessere deg. Denne kommunikasjonen er utformet for \u00e5 forbedre opplevelsen din ved \u00e5 holde deg informert om Cosmoflags siste nyheter og tilbud. Du kan n\u00e5r som helst avslutte abonnementet hvis du ikke lenger \u00f8nsker \u00e5 motta disse oppdateringene.<\/p>\n\n\n\n<p>Det er viktig for oss \u00e5 beskytte personopplysningene dine, og vi er forpliktet til \u00e5 h\u00e5ndtere dem med omhu og ansvar. All informasjon h\u00e5ndteres i samsvar med gjeldende personvernlovgivning og v\u00e5re interne retningslinjer for personvern.<\/p>\n\n\n\n<hr class=\"wp-block-separator has-alpha-channel-opacity\"\/>\n\n\n\n<h3 class=\"wp-block-heading\" id=\"article-2-consent\">Artikkel 2 - Samtykke<\/h3>\n\n\n\n<p><strong>Innhenting av samtykke<\/strong><br>N\u00e5r du gir oss personopplysningene dine for \u00e5 fullf\u00f8re en transaksjon, bekrefte kredittkortet ditt, legge inn en bestilling, ordne med levering eller returnere et kj\u00f8p, utleder vi at du samtykker til at vi innhenter og bruker opplysningene dine kun til disse spesifikke form\u00e5lene.<\/p>\n\n\n\n<p>For all annen bruk av personopplysningene dine, for eksempel til direkte markedsf\u00f8ringskampanjer, vil vi eksplisitt be om ditt samtykke eller gi deg en mulighet til \u00e5 reservere deg.<\/p>\n\n\n\n<p><strong>Slik trekker du tilbake samtykket ditt<\/strong><br>Hvis du ombestemmer deg etter at du har gitt ditt samtykke, har du rett til n\u00e5r som helst \u00e5 trekke tilbake ditt samtykke til at vi kan kontakte deg, samle inn, bruke eller utlevere opplysningene dine. For \u00e5 trekke tilbake samtykket ditt kan du kontakte oss p\u00e5 <strong><a>info@cosmoflag.com<\/a><\/strong> eller sende et brev til v\u00e5r postadresse, der du oppgir eller bekrefter de opplysningene som er n\u00f8dvendige for at vi skal kunne identifisere og svare p\u00e5 foresp\u00f8rselen din.<\/p>\n\n\n\n<p><strong>Administrere samtykket ditt<\/strong><br>Vi er forpliktet til \u00e5 respektere de valgene du gj\u00f8r n\u00e5r det gjelder personopplysningene dine. Dette omfatter ikke bare retten til \u00e5 trekke tilbake samtykket ditt n\u00e5r som helst, men ogs\u00e5 muligheten til \u00e5 be om tilgang til personopplysningene vi har om deg, og til \u00e5 be om rettelser hvis opplysningene er un\u00f8yaktige eller ufullstendige.<\/p>\n\n\n\n<p>Din tillit er kjernen i v\u00e5r forpliktelse til personvern. Ved \u00e5 tilby tydelige alternativer for samtykke og respektere valgene dine s\u00f8rger vi for at opplysningene dine h\u00e5ndteres p\u00e5 en \u00e5pen og respektfull m\u00e5te.<\/p>\n\n\n\n<hr class=\"wp-block-separator has-alpha-channel-opacity\"\/>\n\n\n\n<h3 class=\"wp-block-heading\" id=\"article-3-disclosure\">Artikkel 3 - Offentliggj\u00f8ring<\/h3>\n\n\n\n<p><strong>Betingelser for \u00e5 utlevere personopplysningene dine<\/strong><br>Vi forplikter oss til ikke \u00e5 selge, handle med eller overf\u00f8re personopplysningene dine til tredjeparter uten ditt samtykke, med unntak av i f\u00f8lgende tilfeller<\/p>\n\n\n\n<ul class=\"wp-block-list\">\n<li><strong>Juridiske krav<\/strong>: Vi kan utlevere personopplysningene dine hvis loven krever det, eller hvis du bryter v\u00e5re vilk\u00e5r og betingelser. Dette inkluderer samarbeid med juridiske og regulerende myndigheter for \u00e5 h\u00e5ndtere etterforskning eller overholde juridiske forpliktelser.<\/li>\n\n\n\n<li><strong>Tjenesteleverand\u00f8rer<\/strong>: Personopplysningene dine kan bli delt med tredjeparter som leverer tjenester p\u00e5 v\u00e5re vegne, for eksempel betalingsbehandling, forsendelsesadministrasjon eller dataanalyse. Disse tjenesteleverand\u00f8rene er n\u00f8ye utvalgt og er kun autorisert til \u00e5 bruke opplysningene dine til \u00e5 utf\u00f8re de tjenestene vi ber dem om, i samsvar med v\u00e5re retningslinjer for personvern.<\/li>\n\n\n\n<li><strong>Forretningstransaksjoner<\/strong>: I tilfelle fusjon, oppkj\u00f8p eller salg av alle eller deler av eiendelene v\u00e5re, kan personopplysningene dine bli overf\u00f8rt. Vi vil varsle deg via e-post og\/eller et fremtredende varsel p\u00e5 nettstedet v\u00e5rt om eventuelle endringer i eierskap eller bruk av personopplysningene dine, samt hvilke alternativer du har n\u00e5r det gjelder disse opplysningene.<\/li>\n\n\n\n<li><strong>Beskyttelse av Cosmoflag og andre<\/strong>: Vi forbeholder oss retten til \u00e5 utlevere personopplysningene dine for \u00e5 beskytte v\u00e5re rettigheter, v\u00e5r sikkerhet, v\u00e5re kunders eller tredjeparters rettigheter, for eksempel i forbindelse med forebygging av svindel og reduksjon av kredittrisiko.<\/li>\n<\/ul>\n\n\n\n<p><strong>Sikkerhet og konfidensialitet<\/strong><br>I alle tilfeller av utlevering tar vi skritt for \u00e5 sikre at personopplysningene dine forblir beskyttet i samsvar med denne personvernerkl\u00e6ringen og gjeldende lovgivning. Avtaler med tredjeparter inkluderer klausuler som krever beskyttelse av personopplysningene dine og sikrer at disse partene opprettholder konfidensialiteten og sikkerheten til opplysningene.<\/p>\n\n\n\n<p>Vi forplikter oss til \u00e5 bruke personopplysningene dine p\u00e5 en ansvarlig og sikker m\u00e5te og til \u00e5 v\u00e6re \u00e5pne om i hvilke tilfeller disse opplysningene kan bli delt. Hvis du har sp\u00f8rsm\u00e5l eller bekymringer om hvordan personopplysningene dine h\u00e5ndteres, kan du kontakte oss.<\/p>\n\n\n\n<hr class=\"wp-block-separator has-alpha-channel-opacity\"\/>\n\n\n\n<h3 class=\"wp-block-heading\" id=\"article-4-wordpress-and-data-security\">Artikkel 4 - WordPress og datasikkerhet<\/h3>\n\n\n\n<p><strong>Hosting og datah\u00e5ndtering<\/strong><br>Butikken v\u00e5r ligger p\u00e5 WordPress, og bruker e-handelsplattformen WooCommerce. WooCommerce leverer nettplattformen som gj\u00f8r det mulig for oss \u00e5 selge produktene og tjenestene v\u00e5re. Opplysningene dine lagres i WooCommerces datalagringssystemer, databaser og den generelle WordPress-applikasjonen. Dataene dine oppbevares p\u00e5 sikre servere bak en brannmur.<\/p>\n\n\n\n<p><strong>Betaling<\/strong><br>Transaksjoner p\u00e5 nettstedet v\u00e5rt behandles gjennom eksterne betalingsportaler, som bruker sikkerhetsprotokoller for \u00e5 kryptere sensitive data, for eksempel kredittkortinformasjon. Selv om WooCommerce legger til rette for disse transaksjonene, lagrer den ikke kredittkortopplysningene dine n\u00e5r transaksjonen er fullf\u00f8rt.<\/p>\n\n\n\n<p>Alle betalingsportaler som brukes p\u00e5 nettstedet v\u00e5rt, overholder <strong>PCI-DSS-standarder<\/strong> som forvaltes av <strong>R\u00e5det for PCI-sikkerhetsstandarder<\/strong>, som er en felles innsats fra merkevarer som Visa, MasterCard, American Express og Discover. Disse standardene bidrar til \u00e5 sikre sikker behandling av kredittkortinformasjon i butikken og hos tjenesteleverand\u00f8rene v\u00e5re.<\/p>\n\n\n\n<p><strong>Tilgang til og h\u00e5ndtering av personopplysninger<\/strong><br>Gjennom WordPress og WooCommerce kan du opprette en brukerkonto for \u00e5 administrere dine personlige opplysninger, spore bestillinger og se betalingshistorikk. Du kan n\u00e5r som helst f\u00e5 tilgang til denne informasjonen ved \u00e5 logge inn p\u00e5 kontoen din p\u00e5 nettstedet v\u00e5rt.<\/p>\n\n\n\n<p><strong>Datasikkerhet<\/strong><br>Vi tar datasikkerhet sv\u00e6rt alvorlig og er forpliktet til \u00e5 beskytte personopplysningene dine. Tekniske sikkerhetstiltak, som SSL\/TLS-kryptering, brukes for \u00e5 beskytte personopplysningene dine som overf\u00f8res via nettstedet v\u00e5rt. I tillegg begrenser interne sikkerhetsrutiner tilgangen til opplysningene dine til autorisert personell som trenger dem for \u00e5 utf\u00f8re sine oppgaver.<\/p>\n\n\n\n<p>Hvis WooCommerce eller WordPress ikke lenger oppfyller v\u00e5re sikkerhets- eller driftskrav, forbeholder vi oss retten til \u00e5 bytte plattform. Kontinuiteten og sikkerheten til dataene dine vil fortsatt v\u00e6re v\u00e5r prioritet, og du vil bli informert om alle vesentlige endringer som p\u00e5virker hvordan personopplysningene dine h\u00e5ndteres.<\/p>\n\n\n\n<p>Hvis du har sp\u00f8rsm\u00e5l om sikkerheten til personopplysningene dine, kan du kontakte oss.<\/p>\n\n\n\n<h3 class=\"wp-block-heading\" id=\"article-6-security\">Artikkel 6 - Sikkerhet<\/h3>\n\n\n\n<p><strong>Sikkerhetstiltak<\/strong><br>P\u00e5 <strong>Cosmoflag<\/strong>er sikkerheten til personopplysningene dine av h\u00f8yeste prioritet. Vi iverksetter strenge sikkerhetstiltak for \u00e5 beskytte opplysningene dine mot uautorisert tilgang, endring, utlevering eller \u00f8deleggelse. Disse tiltakene omfatter avanserte teknologiske protokoller som SSL-kryptering (Secure Socket Layer) for sikker dataoverf\u00f8ring p\u00e5 nettstedet v\u00e5rt og sikker lagring av sensitiv informasjon.<\/p>\n\n\n\n<p><strong>Kryptering av data<\/strong><br>N\u00e5r du oppgir kredittkortinformasjon, overf\u00f8res den sikkert til serverne v\u00e5re ved hjelp av krypteringsteknologi. Opplysningene krypteres deretter i databasen v\u00e5r og er kun tilgjengelige for autoriserte personer med spesielle tilgangsrettigheter som er p\u00e5lagt \u00e5 holde disse opplysningene konfidensielle. I tillegg til SSL bruker vi AES-256-kryptering for \u00e5 beskytte lagrede data.<\/p>\n\n\n\n<p><strong>Bransjestandarder<\/strong><br>Vi f\u00f8lger bransjestandarder for beskyttelse av personopplysninger, inkludert de som er fastsatt av Payment Card Industry Data Security Standard (PCI-DSS). Sikkerhetspraksisen v\u00e5r gjennomg\u00e5s og oppdateres jevnlig for \u00e5 gjenspeile teknologiske fremskritt og beste driftspraksis.<\/p>\n\n\n\n<p><strong>Overv\u00e5king og vurdering<\/strong><br>Vi overv\u00e5ker kontinuerlig systemene v\u00e5re for \u00e5 oppdage sikkerhetshull og potensielle angrep. Ingen elektroniske overf\u00f8rings- eller lagringssystemer er imidlertid 100% sikre. Selv om vi bestreber oss p\u00e5 \u00e5 beskytte personopplysningene dine, kan vi ikke garantere absolutt sikkerhet.<\/p>\n\n\n\n<p><strong>H\u00e5ndtering av sikkerhetsbrudd<\/strong><br>I tilfelle et sikkerhetsbrudd som p\u00e5virker personopplysningene dine, vil vi handle raskt for \u00e5 identifisere \u00e5rsaken, iverksette korrigerende tiltak og varsle deg i samsvar med gjeldende lover. Vi forplikter oss til \u00e5 samarbeide med relevante myndigheter og informere deg om eventuelle tiltak du kan iverksette for \u00e5 minimere konsekvensene.<\/p>\n\n\n\n<p><strong>Brukeransvar<\/strong><br>Vi anbefaler at du tar forholdsregler for \u00e5 beskytte personopplysningene dine p\u00e5 nettet. Dette inkluderer bruk av sterke passord, regelmessig oppdatering av programvaren din og \u00e5 unng\u00e5 usikre Wi-Fi-nettverk for transaksjoner. Sikkerheten til informasjonen din avhenger ogs\u00e5 av dine proaktive tiltak.<\/p>\n\n\n\n<p>Hvis du har sp\u00f8rsm\u00e5l om sikkerheten til personopplysningene dine eller spesifikke bekymringer, er du velkommen til \u00e5 kontakte kundest\u00f8tteteamet v\u00e5rt. Vi er her for \u00e5 hjelpe deg med \u00e5 navigere og forst\u00e5 datasikkerheten hos Cosmoflag.<\/p>\n\n\n\n<hr class=\"wp-block-separator has-alpha-channel-opacity\"\/>\n\n\n\n<h3 class=\"wp-block-heading\" id=\"article-7-cookies\">Artikkel 7 - Informasjonskapsler<\/h3>\n\n\n\n<p><strong>Bruk av informasjonskapsler<\/strong><br>P\u00e5 <strong>Cosmoflag<\/strong>Vi bruker informasjonskapsler for \u00e5 forbedre brukeropplevelsen p\u00e5 nettstedet v\u00e5rt. Informasjonskapsler er sm\u00e5 datafiler som lagres p\u00e5 datamaskinen eller mobilenheten din n\u00e5r du bes\u00f8ker nettstedet v\u00e5rt. De gj\u00f8r det mulig for oss \u00e5 gjenkjenne enheten din og huske visse preferanser eller handlinger fra tidligere bes\u00f8k.<\/p>\n\n\n\n<p><strong>Typer informasjonskapsler som brukes<\/strong><\/p>\n\n\n\n<ul class=\"wp-block-list\">\n<li><strong>\u00d8ktinformasjonskapsler<\/strong>: Disse informasjonskapslene lagrer informasjon om \u00f8kten din (henviser, destinasjonsside osv.) og utl\u00f8per n\u00e5r du lukker nettleseren.<\/li>\n\n\n\n<li><strong>Vedvarende informasjonskapsler<\/strong>: Disse informasjonskapslene forblir p\u00e5 enheten din i en bestemt periode eller til du sletter dem. De brukes til \u00e5 huske preferansene dine (f.eks. innloggingsdetaljer) og gjenkjenne enheten din n\u00e5r du kommer tilbake.<\/li>\n\n\n\n<li><strong>Informasjonskapsler for ytelse og analyse<\/strong>: Disse informasjonskapslene hjelper oss med \u00e5 forst\u00e5 hvordan bes\u00f8kende samhandler med nettstedet v\u00e5rt ved \u00e5 gi innsikt i bes\u00f8kte omr\u00e5der, tid brukt p\u00e5 nettstedet og eventuelle problemer, for eksempel feilmeldinger.<\/li>\n<\/ul>\n\n\n\n<p><strong>Administrere informasjonskapsler<\/strong><br>Du kan kontrollere og administrere informasjonskapsler p\u00e5 ulike m\u00e5ter. Merk at sletting eller blokkering av informasjonskapsler kan p\u00e5virke brukeropplevelsen din, og at enkelte funksjoner kanskje ikke lenger er tilgjengelige. De fleste nettlesere godtar informasjonskapsler som standard, men du kan endre nettleserinnstillingene for \u00e5 avvise informasjonskapsler. Hvis du vil ha mer informasjon om hvordan du administrerer og sletter informasjonskapsler, kan du g\u00e5 til <a href=\"https:\/\/aboutcookies.org\" target=\"_blank\" rel=\"noopener\">omcookies.org<\/a>.<\/p>\n\n\n\n<p><strong>Samtykke til informasjonskapsler<\/strong><br>N\u00e5r du bruker nettstedet v\u00e5rt, samtykker du i at vi bruker informasjonskapsler. Ved ditt f\u00f8rste bes\u00f8k informerer et banner deg om bruk av informasjonskapsler, og du har muligheten til \u00e5 godta eller avvise dem. Hvis du fortsetter \u00e5 bruke nettstedet v\u00e5rt etter dette varselet, godtar du dette.<\/p>\n\n\n\n<p><strong>Sikkerhet og personvern<\/strong><br>Informasjonskapsler inneholder vanligvis ikke personlig identifiserbar informasjon. Informasjonen vi lagrer om deg, kan imidlertid v\u00e6re knyttet til data innhentet fra informasjonskapsler. Vi iverksetter sikkerhetstiltak for \u00e5 forhindre uautorisert tilgang til eller misbruk av dine lagrede data.<\/p>\n\n\n\n<p>Hvis du har sp\u00f8rsm\u00e5l om v\u00e5r bruk av informasjonskapsler eller ytterligere informasjon om v\u00e5re retningslinjer for informasjonskapsler, kan du kontakte oss. Vi er opptatt av \u00e5penhet i h\u00e5ndteringen av opplysningene dine og av \u00e5 respektere personvernet ditt.<\/p>\n\n\n\n<hr class=\"wp-block-separator has-alpha-channel-opacity\"\/>\n\n\n\n<h3 class=\"wp-block-heading\" id=\"article-8-age-of-consent\">Artikkel 8 - Samtykkealder<\/h3>\n\n\n\n<p><strong>Alderskrav for samtykke<\/strong><br>Ved \u00e5 bruke dette nettstedet bekrefter du at du er myndig i den staten eller provinsen der du bor, og at du har gitt samtykke til at eventuelle mindre\u00e5rige p\u00e5r\u00f8rende kan bruke dette nettstedet. Den lovlige alderen er definert av lokal lovgivning og er vanligvis 18 eller 21 \u00e5r, avhengig av jurisdiksjon.<\/p>\n\n\n\n<p><strong>Bruk av nettstedet av mindre\u00e5rige<\/strong><br>Hvis du er forelder eller foresatt og blir oppmerksom p\u00e5 at barnet ditt har oppgitt personopplysninger uten ditt samtykke, ber vi deg ta kontakt med oss. Hvis vi oppdager at en mindre\u00e5rig har oppgitt personopplysninger uten foreldrenes samtykke, vil vi iverksette tiltak for \u00e5 slette opplysningene fra serverne v\u00e5re.<\/p>\n\n\n\n<p><strong>Foreldrenes ansvar<\/strong><br>Vi oppfordrer foreldre og foresatte til \u00e5 overv\u00e5ke barnas nettaktivitet og veilede dem i \u00e5 navigere trygt p\u00e5 Internett. Cosmoflag samler ikke bevisst inn personopplysninger fra mindre\u00e5rige uten samtykke fra foreldre eller foresatte. Hvis du mistenker at barnet ditt har delt personopplysninger med oss, ber vi deg kontakte oss umiddelbart.<\/p>\n\n\n\n<p><strong>Foreldresamtykke til nettbaserte tjenester<\/strong><br>I samsvar med gjeldende lover kan det kreves at foreldre eller foresatte gir samtykke for at mindre\u00e5rige skal f\u00e5 tilgang til visse nettbaserte tjenester. Cosmoflag vil implementere prosedyrer for \u00e5 validere brukernes alder og innhente foreldres samtykke f\u00f8r innsamling av personopplysninger, i samsvar med lokale og internasjonale lover om personvern for barn.<\/p>\n\n\n\n<p><strong>Cosmoflags forpliktelse<\/strong><br>Cosmoflag er opptatt av \u00e5 beskytte personvernet og sikkerheten til alle brukere, spesielt barn. Vi iverksetter strenge tiltak for \u00e5 sikre at tilgangen til nettstedet v\u00e5rt og informasjonen vi samler inn er passende for brukerens alder, i henhold til gjeldende lover.<\/p>\n\n\n\n<p>Hvis du vil ha mer informasjon eller har sp\u00f8rsm\u00e5l om hvordan vi h\u00e5ndterer mindre\u00e5riges data og samtykke, kan du kontakte oss. Vi er opptatt av \u00e5 samarbeide med foreldre for \u00e5 skape et trygt milj\u00f8 for unge brukere av nettstedet v\u00e5rt.<\/p>\n\n\n\n<hr class=\"wp-block-separator has-alpha-channel-opacity\"\/>\n\n\n\n<h3 class=\"wp-block-heading\" id=\"article-9-changes-to-this-privacy-policy\">Artikkel 9 - Endringer i denne personvernerkl\u00e6ringen<\/h3>\n\n\n\n<p><strong>Endringer og oppdateringer<\/strong><br>Cosmoflag forbeholder seg retten til \u00e5 oppdatere eller endre denne personvernerkl\u00e6ringen n\u00e5r som helst uten forvarsel. Endringer vil tre i kraft umiddelbart etter publisering p\u00e5 v\u00e5r nettside. Vi oppfordrer deg til \u00e5 g\u00e5 gjennom denne siden regelmessig for \u00e5 holde deg informert om oppdateringer.<\/p>\n\n\n\n<p><strong>Melding om endringer<\/strong><br>Ved vesentlige endringer i denne personvernerkl\u00e6ringen vil vi fors\u00f8ke \u00e5 varsle deg om dette gjennom en fremtredende melding p\u00e5 nettstedet v\u00e5rt eller via e-post hvis du abonnerer p\u00e5 nyhetsbrevet v\u00e5rt. Dette sikrer at du alltid er klar over hvilke opplysninger vi samler inn, hvordan de brukes, og under hvilke omstendigheter (hvis noen) vi deler dem.<\/p>\n\n\n\n<p><strong>Virkningen av endringer<\/strong><br>Endringer i personvernerkl\u00e6ringen v\u00e5r kan p\u00e5virke hvordan vi h\u00e5ndterer personopplysninger som er oppgitt f\u00f8r endringsdatoen. Ved vesentlige endringer kan vi be om fornyet samtykke til de oppdaterte vilk\u00e5rene, avhengig av hva slags endringer det er snakk om.<\/p>\n\n\n\n<p><strong>Rettigheter og forpliktelser<\/strong><br>V\u00e5r rett til \u00e5 endre personvernerkl\u00e6ringen er knyttet til v\u00e5r forpliktelse til \u00e5 overholde lover og etiske standarder for personvern og databeskyttelse. Endringer vil alltid v\u00e6re i tr\u00e5d med gjeldende lover og vil ikke redusere dine rettigheter uten eksplisitt samtykke.<\/p>\n\n\n\n<p><strong>Endre historikk<\/strong><br>For \u00e5 \u00f8ke \u00e5penheten kan vi tilby en endringshistorikk for denne personvernerkl\u00e6ringen for \u00e5 hjelpe deg med \u00e5 spore oppdateringer over tid. Dette hjelper deg med \u00e5 bedre forst\u00e5 hvordan vi behandler personopplysninger og v\u00e5re p\u00e5g\u00e5ende forbedringer i personvernpraksis.<\/p>\n\n\n\n<p><strong>Kontakt<\/strong><br>Hvis du har sp\u00f8rsm\u00e5l eller bekymringer ang\u00e5ende denne personvernerkl\u00e6ringen eller endringer i den, kan du kontakte oss p\u00e5 <strong><a>info@cosmoflag.com<\/a><\/strong>. Vi er forpliktet til \u00e5 svare p\u00e5 henvendelsene dine og gi n\u00f8dvendige avklaringer om dine rettigheter og personopplysningene vi behandler.<\/p>\n\n\n\n<hr class=\"wp-block-separator has-alpha-channel-opacity\"\/>\n\n\n\n<h3 class=\"wp-block-heading\" id=\"contact-information\">Kontaktinformasjon<\/h3>\n\n\n\n<p>Hvis du har sp\u00f8rsm\u00e5l, trenger mer informasjon om personvernpraksisen v\u00e5r eller trenger hjelp med personopplysningene dine, kan du ta kontakt med kundeserviceteamet v\u00e5rt:<\/p>\n\n\n\n<ul class=\"wp-block-list\">\n<li><strong>E-post<\/strong>: Kontakt oss n\u00e5r som helst p\u00e5 <strong><a>info@cosmoflag.com<\/a><\/strong> med sp\u00f8rsm\u00e5l eller bekymringer.<\/li>\n\n\n\n<li><strong>Postadresse<\/strong>: Du kan ogs\u00e5 skrive til oss p\u00e5 adressen som er oppgitt i delen \"Kontakt\" p\u00e5 nettstedet v\u00e5rt.<\/li>\n\n\n\n<li><strong>Kontaktskjema<\/strong>: Bes\u00f8k nettstedet v\u00e5rt og bruk det tilgjengelige kontaktskjemaet for \u00e5 sende sp\u00f8rsm\u00e5lene dine direkte til teamet v\u00e5rt.<\/li>\n<\/ul>\n\n\n\n<p>Vi forplikter oss til \u00e5 behandle alle foresp\u00f8rsler raskt og gi n\u00f8dvendig st\u00f8tte for \u00e5 sikre at du er forn\u00f8yd og at personopplysningene dine er beskyttet.<\/p>","protected":false},"excerpt":{"rendered":"<p>Introduction to Cosmoflag&#8217;s Privacy Statement At Cosmoflag, we understand that protecting your privacy is essential, and we are committed to respecting it. As an online store dedicated to selling high-quality flags, we collect certain information to enhance your shopping experience while ensuring the security and confidentiality of your personal data. Our Privacy Statement explains how [&hellip;]<\/p>\n","protected":false},"author":1,"featured_media":0,"parent":0,"menu_order":0,"comment_status":"closed","ping_status":"closed","template":"","meta":{"_gspb_post_css":"","iawp_total_views":5,"footnotes":""},"class_list":["post-2559","page","type-page","status-publish","hentry"],"blocksy_meta":[],"_links":{"self":[{"href":"https:\/\/cosmoflag.com\/nb\/wp-json\/wp\/v2\/pages\/2559","targetHints":{"allow":["GET"]}}],"collection":[{"href":"https:\/\/cosmoflag.com\/nb\/wp-json\/wp\/v2\/pages"}],"about":[{"href":"https:\/\/cosmoflag.com\/nb\/wp-json\/wp\/v2\/types\/page"}],"author":[{"embeddable":true,"href":"https:\/\/cosmoflag.com\/nb\/wp-json\/wp\/v2\/users\/1"}],"replies":[{"embeddable":true,"href":"https:\/\/cosmoflag.com\/nb\/wp-json\/wp\/v2\/comments?post=2559"}],"version-history":[{"count":0,"href":"https:\/\/cosmoflag.com\/nb\/wp-json\/wp\/v2\/pages\/2559\/revisions"}],"wp:attachment":[{"href":"https:\/\/cosmoflag.com\/nb\/wp-json\/wp\/v2\/media?parent=2559"}],"curies":[{"name":"wp","href":"https:\/\/api.w.org\/{rel}","templated":true}]}}