{"id":2557,"date":"2025-01-01T18:37:03","date_gmt":"2025-01-01T18:37:03","guid":{"rendered":"https:\/\/cosmoflag.com\/?page_id=2557"},"modified":"2025-01-01T20:53:53","modified_gmt":"2025-01-01T20:53:53","slug":"juridisk-merknad","status":"publish","type":"page","link":"https:\/\/cosmoflag.com\/nb\/juridisk-merknad\/","title":{"rendered":"Juridisk merknad"},"content":{"rendered":"<h3 class=\"wp-block-heading\" id=\"identification\">Identifikasjon<\/h3>\n\n\n\n<p>Dette nettstedet drives av <strong>Cosmoflag<\/strong>.<\/p>\n\n\n\n<p><strong>Adresse<\/strong>:<br>2 rue des Jardins de Cl\u00e9op\u00e2tre, 34170 Castelnau-le-Lez, Frankrike.<\/p>\n\n\n\n<p><strong>Forlagssjef<\/strong>:<br>Mr. Koessler, Cosmoflag.<\/p>\n\n\n\n<p>For eventuelle henvendelser ang\u00e5ende driften av nettstedet, vennligst kontakt: <strong><a>info@cosmoflag.com<\/a><\/strong>.<\/p>\n\n\n\n<hr class=\"wp-block-separator has-alpha-channel-opacity\"\/>\n\n\n\n<h3 class=\"wp-block-heading\" id=\"terms-of-use\">Vilk\u00e5r for bruk<\/h3>\n\n\n\n<p>Ved \u00e5 bruke dette nettstedet bekrefter den bes\u00f8kende at han\/hun har hatt mulighet til \u00e5 gjennomg\u00e5 disse bruksvilk\u00e5rene samt de generelle salgsbetingelsene (GTCS). Cosmoflag bestreber seg etter beste evne p\u00e5 \u00e5 sikre at informasjonen p\u00e5 dette nettstedet er n\u00f8yaktig og oppdateres i tide, og forbeholder seg retten til \u00e5 endre innholdet n\u00e5r som helst uten forvarsel. Cosmoflag kan imidlertid ikke garantere n\u00f8yaktigheten, presisjonen eller fullstendigheten av informasjonen som er tilgjengelig p\u00e5 dette nettstedet.<\/p>\n\n\n\n<p>Cosmoflag fraskriver seg derfor ethvert ansvar for:<\/p>\n\n\n\n<ul class=\"wp-block-list\">\n<li>Eventuelle avbrudd p\u00e5 nettstedet eller forekomst av feil;<\/li>\n\n\n\n<li>Eventuelle un\u00f8yaktigheter eller utelatelser i informasjonen som er tilgjengelig p\u00e5 nettstedet;<\/li>\n\n\n\n<li>Eventuelle skader som f\u00f8lge av uautorisert inntrenging av en tredjepart som f\u00f8rer til endringer i informasjonen som er gitt p\u00e5 nettstedet;<\/li>\n\n\n\n<li>Og mer generelt, enhver direkte eller indirekte skade, uavhengig av \u00e5rsak, opprinnelse, art eller konsekvenser.<\/li>\n<\/ul>\n\n\n\n<hr class=\"wp-block-separator has-alpha-channel-opacity\"\/>\n\n\n\n<h3 class=\"wp-block-heading\" id=\"links\">Lenker<\/h3>\n\n\n\n<p>Nettstedet kan inneholde lenker til andre nettsteder eller eksterne internettkilder. Siden Cosmoflag ikke kan kontrollere disse eksterne nettstedene og kildene, kan Cosmoflag ikke holdes ansvarlig for tilgjengeligheten av slike eksterne nettsteder og kilder og p\u00e5tar seg intet ansvar for innhold, annonser, produkter, tjenester eller annet materiale som er tilgjengelig p\u00e5 eller fra disse eksterne nettstedene eller kildene.<\/p>\n\n\n\n<hr class=\"wp-block-separator has-alpha-channel-opacity\"\/>\n\n\n\n<h3 class=\"wp-block-heading\" id=\"intellectual-property\">Intellektuell eiendom<\/h3>\n\n\n\n<p>Nettstedet og all programvare som brukes i forbindelse med det, kan inneholde konfidensiell informasjon som er beskyttet av immaterielle rettigheter eller andre lover. Med mindre annet er oppgitt, er de immaterielle rettighetene til dokumentene p\u00e5 nettstedet og hvert av elementene som er opprettet for dette nettstedet, Cosmoflags eksklusive eiendom. Det gis ingen lisens eller andre rettigheter enn \u00e5 konsultere nettstedet.<\/p>\n\n\n\n<hr class=\"wp-block-separator has-alpha-channel-opacity\"\/>\n\n\n\n<h3 class=\"wp-block-heading\" id=\"photo-credits-and-sources\">Fotokreditering og kilder<\/h3>\n\n\n\n<p>Oppdateringene p\u00e5 denne siden skjer ikke automatisk sammen med oppdateringene av bildene som vises p\u00e5 nettstedet. Nettstedet kan vise bilder fra ulike fotografer avhengig av sesong.<\/p>\n\n\n\n<hr class=\"wp-block-separator has-alpha-channel-opacity\"\/>\n\n\n\n<h3 class=\"wp-block-heading\" id=\"data-privacy\">Personvern<\/h3>\n\n\n\n<p>All personlig informasjon som brukeren kan overf\u00f8re til Cosmoflag for visse tjenester, er underlagt bestemmelsene i den franske <strong>Lov nr. 78-17 om informasjonsteknologi, datafiler og borgerrettigheter<\/strong> av 6. januar 1978.<\/p>\n\n\n\n<p>Som s\u00e5dan har brukerne rett til \u00e5 f\u00e5 tilgang til, korrigere og slette personlig informasjon om dem. Denne retten kan ut\u00f8ves n\u00e5r som helst ved \u00e5 sende en e-post til: <strong><a>info@cosmoflag.com<\/a><\/strong>.<\/p>\n\n\n\n<hr class=\"wp-block-separator has-alpha-channel-opacity\"\/>\n\n\n\n<h3 class=\"wp-block-heading\" id=\"cookies\">Informasjonskapsler<\/h3>\n\n\n\n<p>Cosmoflag bruker informasjonskapsler for \u00e5 forbedre den personlige tjenesten som tilbys kundene og for \u00e5 m\u00e5le trafikken p\u00e5 nettstedet. Ved f\u00f8rste bes\u00f8k blir brukerne informert om bruken av disse sporingsenhetene, og fortsatt surfing inneb\u00e6rer at de godtar bruken av dem. Enhetsinnstillinger gj\u00f8r det mulig for brukere \u00e5 nekte bruken av dem.<\/p>\n\n\n\n<hr class=\"wp-block-separator has-alpha-channel-opacity\"\/>\n\n\n\n<h3 class=\"wp-block-heading\" id=\"newsletters\">Nyhetsbrev<\/h3>\n\n\n\n<p>Nyhetsbrevene v\u00e5re sendes via e-post til brukere som har valgt \u00e5 motta dem. Du kan n\u00e5r som helst melde deg av ved \u00e5 klikke p\u00e5 lenken nederst i hvert nyhetsbrev.<\/p>\n\n\n\n<hr class=\"wp-block-separator has-alpha-channel-opacity\"\/>\n\n\n\n<h3 class=\"wp-block-heading\" id=\"for-further-assistance\">For ytterligere assistanse<\/h3>\n\n\n\n<p>For andre henvendelser eller ytterligere informasjon, vennligst kontakt oss ved \u00e5 bruke metodene som er oppgitt p\u00e5 nettstedet v\u00e5rt.<\/p>","protected":false},"excerpt":{"rendered":"<p>Identification This site is operated by Cosmoflag. Address:2 rue des Jardins de Cl\u00e9op\u00e2tre, 34170 Castelnau-le-Lez, France. Publishing Manager:Mr. Koessler, Cosmoflag. For any inquiries regarding the site&#8217;s operation, please contact: info@cosmoflag.com. Terms of Use By using this site, the visitor acknowledges that they have had the opportunity to review these Terms of Use as well as [&hellip;]<\/p>\n","protected":false},"author":1,"featured_media":0,"parent":0,"menu_order":0,"comment_status":"closed","ping_status":"closed","template":"","meta":{"_gspb_post_css":"","iawp_total_views":1,"footnotes":""},"class_list":["post-2557","page","type-page","status-publish","hentry"],"blocksy_meta":[],"_links":{"self":[{"href":"https:\/\/cosmoflag.com\/nb\/wp-json\/wp\/v2\/pages\/2557","targetHints":{"allow":["GET"]}}],"collection":[{"href":"https:\/\/cosmoflag.com\/nb\/wp-json\/wp\/v2\/pages"}],"about":[{"href":"https:\/\/cosmoflag.com\/nb\/wp-json\/wp\/v2\/types\/page"}],"author":[{"embeddable":true,"href":"https:\/\/cosmoflag.com\/nb\/wp-json\/wp\/v2\/users\/1"}],"replies":[{"embeddable":true,"href":"https:\/\/cosmoflag.com\/nb\/wp-json\/wp\/v2\/comments?post=2557"}],"version-history":[{"count":0,"href":"https:\/\/cosmoflag.com\/nb\/wp-json\/wp\/v2\/pages\/2557\/revisions"}],"wp:attachment":[{"href":"https:\/\/cosmoflag.com\/nb\/wp-json\/wp\/v2\/media?parent=2557"}],"curies":[{"name":"wp","href":"https:\/\/api.w.org\/{rel}","templated":true}]}}