{"id":16,"date":"2024-05-22T13:40:16","date_gmt":"2024-05-22T13:40:16","guid":{"rendered":"https:\/\/startersites.io\/blocksy\/furniture\/?page_id=16"},"modified":"2025-01-26T20:23:02","modified_gmt":"2025-01-26T20:23:02","slug":"om-oss","status":"publish","type":"page","link":"https:\/\/cosmoflag.com\/nb\/om-oss\/","title":{"rendered":"Om oss"},"content":{"rendered":"<div class=\"wp-block-greenshift-blocks-row gspb_row gspb_row-id-gsbp-63ba5b3\" id=\"gspb_row-id-gsbp-63ba5b3\"><div class=\"gspb_row__content\"> \n<div class=\"wp-block-greenshift-blocks-row-column gspb_row__col--12 gspb_col-id-gsbp-184e5ba\" id=\"gspb_col-id-gsbp-184e5ba\">\n<div id=\"gspb_text-id-gsbp-d4d1a69\" class=\"gspb_text gspb_text-id-gsbp-d4d1a69\">V\u00e5r nettbutikk ligger i hjertet av Montpellier i S\u00f8r-Frankrike, og i over tre \u00e5r har vi gitt n\u00e6ring til lidenskapen for nasjonale, regionale, historiske og dekorative flagg. Fra v\u00e5r base i 45 rue de la Libert\u00e9, 34000 Montpellier, feirer vi den rike veven av global arv og stolthet.<br><br>Hos Cosmoflag er vi drevet av et enkelt, men dyptgripende oppdrag: \u00e5 bygge bro mellom kulturer gjennom det universelle symbolet flagg. Vi tror at hvert flagg b\u00e6rer p\u00e5 en fortelling om identitet, historie og verdier, og derfor velger vi omhyggelig ut produkter som representerer essensen av nasjoner og deres folk.<br>Nettbutikken v\u00e5r har en omfattende kolleksjon av flagg av h\u00f8y kvalitet som er designet for \u00e5 v\u00e6re holdbare og motstandsdyktige, slik at de kan fortsette \u00e5 fortelle sine historier i mange \u00e5r fremover.<br><br>Kundetilfredshet er kjernen i alt vi gj\u00f8r. V\u00e5rt dedikerte kundeserviceteam er alltid klare til \u00e5 hjelpe deg med eventuelle foresp\u00f8rsler, veilede deg gjennom kj\u00f8psprosessen eller ta opp eventuelle bekymringer om bestillingene dine. Ta gjerne kontakt via v\u00e5rt nettskjema eller via e-post p\u00e5 <a>contact@cosmoflag.com<\/a>. Vi er her hver dag for \u00e5 s\u00f8rge for at opplevelsen din blir like berikende som flaggene vi leverer.<br><br>Utforsk nettbutikken v\u00e5r og fordyp deg i fargene, historiene og tradisjonene som gj\u00f8r hvert flagg til et unikt symbol p\u00e5 nasjonal identitet.<br>Takk for at du er en del av reisen v\u00e5r p\u00e5 Cosmoflag.<br><br>Med vennlig hilsen Cosmoflag-teamet<\/div>\n<\/div>\n <\/div><\/div>","protected":false},"excerpt":{"rendered":"","protected":false},"author":1,"featured_media":0,"parent":0,"menu_order":0,"comment_status":"closed","ping_status":"closed","template":"","meta":{"_gspb_post_css":"#gspb_row-id-gsbp-63ba5b3{justify-content:space-between;margin-top:0;margin-bottom:0;display:flex;flex-wrap:wrap}#gspb_row-id-gsbp-63ba5b3>.gspb_row__content{display:flex;justify-content:space-between;margin:0 auto;width:100%;flex-wrap:wrap}.gspb_row{position:relative}div[id^=gspb_col-id]{box-sizing:border-box;position:relative;padding:var(--gs-row-column-padding, 15px min(3vw, 20px))}body.gspb-bodyfront #gspb_row-id-gsbp-63ba5b3>.gspb_row__content{width:var(--theme-container-width, 1200px);max-width:var(--theme-normal-container-max-width, 1200px)}#gspb_col-id-gsbp-184e5ba.gspb_row__col--12{width:100%}@media (max-width:575.98px){#gspb_col-id-gsbp-184e5ba.gspb_row__col--12{width:100%}}","iawp_total_views":43,"footnotes":""},"class_list":["post-16","page","type-page","status-publish","hentry"],"blocksy_meta":{"has_hero_section":"default","vertical_spacing_source":"custom","content_area_spacing":"none","styles_descriptor":{"styles":{"desktop":"","tablet":"","mobile":""},"google_fonts":[],"version":6}},"_links":{"self":[{"href":"https:\/\/cosmoflag.com\/nb\/wp-json\/wp\/v2\/pages\/16","targetHints":{"allow":["GET"]}}],"collection":[{"href":"https:\/\/cosmoflag.com\/nb\/wp-json\/wp\/v2\/pages"}],"about":[{"href":"https:\/\/cosmoflag.com\/nb\/wp-json\/wp\/v2\/types\/page"}],"author":[{"embeddable":true,"href":"https:\/\/cosmoflag.com\/nb\/wp-json\/wp\/v2\/users\/1"}],"replies":[{"embeddable":true,"href":"https:\/\/cosmoflag.com\/nb\/wp-json\/wp\/v2\/comments?post=16"}],"version-history":[{"count":0,"href":"https:\/\/cosmoflag.com\/nb\/wp-json\/wp\/v2\/pages\/16\/revisions"}],"wp:attachment":[{"href":"https:\/\/cosmoflag.com\/nb\/wp-json\/wp\/v2\/media?parent=16"}],"curies":[{"name":"wp","href":"https:\/\/api.w.org\/{rel}","templated":true}]}}