{"id":2534,"date":"2024-12-20T13:30:00","date_gmt":"2024-12-20T11:30:00","guid":{"rendered":"https:\/\/cosmoflag.com\/?post_type=product&#038;p=2534"},"modified":"2025-08-12T21:18:44","modified_gmt":"2025-08-12T19:18:44","slug":"bandiera-buddista","status":"publish","type":"product","link":"https:\/\/cosmoflag.com\/it\/prodotto\/bandiera-buddista\/","title":{"rendered":"Bandiera buddista"},"content":{"rendered":"<h3><strong>Caratteristiche della bandiera buddista<\/strong><\/h3>\n<p>La nostra bandiera buddista \u00e8 realizzata in poliestere di prima qualit\u00e0, che garantisce un'eccellente resistenza per un uso duraturo sia all'interno che all'esterno. \u00c8 dotata di occhielli in metallo per una facile installazione e una tenuta sicura, anche in condizioni atmosferiche difficili. Misurando 90 x 150 cm\/35 x 59 pollici, questa bandiera assicura un'eccellente visibilit\u00e0 su pali, pareti o durante eventi e celebrazioni spirituali.<\/p>\n<h3><strong>Un simbolo di pace e spiritualit\u00e0<\/strong><\/h3>\n<p>La bandiera buddista, introdotta per la prima volta nel 1885 e ampiamente utilizzata come simbolo universale del buddismo, presenta sei strisce verticali: blu per la pace, giallo per la saggezza, rosso per le benedizioni, bianco per la purezza e arancione per l'illuminazione. La striscia finale unisce tutti i colori, simboleggiando l'universalit\u00e0 del Dharma. Questa bandiera \u00e8 una profonda rappresentazione di armonia, tolleranza e crescita spirituale.<\/p>\n<h3><strong>Versatilit\u00e0 d'uso<\/strong><\/h3>\n<p>Perfetta per eventi spirituali, centri di meditazione, celebrazioni culturali o collezioni personali, la bandiera del Buddismo \u00e8 una rappresentazione significativa degli insegnamenti e dei valori buddisti. I suoi colori resistenti allo sbiadimento e il design robusto assicurano che rimanga vibrante e d'impatto nel tempo.<\/p>","protected":false},"excerpt":{"rendered":"<p>Bandiera di 150 x 90 cm con 2 robusti occhielli in metallo per un'appensione sicura.<\/p>","protected":false},"featured_media":1023,"comment_status":"open","ping_status":"closed","template":"","meta":{"_gspb_post_css":"","iawp_total_views":9},"product_brand":[],"product_cat":[76],"product_tag":[],"class_list":{"0":"post-2534","1":"product","2":"type-product","3":"status-publish","4":"has-post-thumbnail","6":"product_cat-religious-flags","8":"first","9":"instock","10":"sale","11":"shipping-taxable","12":"purchasable","13":"product-type-simple"},"_links":{"self":[{"href":"https:\/\/cosmoflag.com\/it\/wp-json\/wp\/v2\/product\/2534","targetHints":{"allow":["GET"]}}],"collection":[{"href":"https:\/\/cosmoflag.com\/it\/wp-json\/wp\/v2\/product"}],"about":[{"href":"https:\/\/cosmoflag.com\/it\/wp-json\/wp\/v2\/types\/product"}],"replies":[{"embeddable":true,"href":"https:\/\/cosmoflag.com\/it\/wp-json\/wp\/v2\/comments?post=2534"}],"wp:featuredmedia":[{"embeddable":true,"href":"https:\/\/cosmoflag.com\/it\/wp-json\/wp\/v2\/media\/1023"}],"wp:attachment":[{"href":"https:\/\/cosmoflag.com\/it\/wp-json\/wp\/v2\/media?parent=2534"}],"wp:term":[{"taxonomy":"product_brand","embeddable":true,"href":"https:\/\/cosmoflag.com\/it\/wp-json\/wp\/v2\/product_brand?post=2534"},{"taxonomy":"product_cat","embeddable":true,"href":"https:\/\/cosmoflag.com\/it\/wp-json\/wp\/v2\/product_cat?post=2534"},{"taxonomy":"product_tag","embeddable":true,"href":"https:\/\/cosmoflag.com\/it\/wp-json\/wp\/v2\/product_tag?post=2534"}],"curies":[{"name":"wp","href":"https:\/\/api.w.org\/{rel}","templated":true}]}}