{"id":2531,"date":"2024-12-20T12:37:00","date_gmt":"2024-12-20T10:37:00","guid":{"rendered":"https:\/\/cosmoflag.com\/?post_type=product&#038;p=2531"},"modified":"2025-08-12T21:18:45","modified_gmt":"2025-08-12T19:18:45","slug":"bandiera-del-mozambico","status":"publish","type":"product","link":"https:\/\/cosmoflag.com\/it\/prodotto\/bandiera-del-mozambico\/","title":{"rendered":"Bandiera del Mozambico"},"content":{"rendered":"<h3><strong>Caratteristiche della bandiera del Mozambico<\/strong><\/h3>\n<p>La nostra bandiera del Mozambico \u00e8 realizzata in poliestere di prima qualit\u00e0, che garantisce un'eccellente resistenza per un uso duraturo all'interno e all'esterno. \u00c8 dotata di occhielli in metallo per una facile installazione e una tenuta sicura, anche in condizioni atmosferiche difficili. Misurando 90 x 150 cm\/35 x 59 pollici, questa bandiera assicura un'eccellente visibilit\u00e0 su pali, pareti o durante le celebrazioni nazionali e gli eventi.<\/p>\n<h3><strong>Un simbolo di unit\u00e0 e resilienza<\/strong><\/h3>\n<p>La bandiera del Mozambico, adottata ufficialmente nel 1983, presenta strisce orizzontali di colore verde, nero e giallo, separate da sottili linee bianche. Un triangolo rosso sul lato di issata rappresenta la lotta per l'indipendenza del Paese. All'interno del triangolo si trova una stella gialla sovrapposta a un libro, una zappa e un AK-47, che simboleggiano l'istruzione, l'agricoltura e la difesa. Questo disegno unico incarna l'impegno del Mozambico per il progresso e l'unit\u00e0.<\/p>\n<h3><strong>Versatilit\u00e0 d'uso<\/strong><\/h3>\n<p>Perfetta per le celebrazioni nazionali, gli eventi culturali, le esposizioni didattiche o le collezioni personali, la bandiera del Mozambico \u00e8 una rappresentazione significativa dell'identit\u00e0 e dei valori del Paese. I suoi colori resistenti allo sbiadimento e il design robusto assicurano che rimanga vibrante e d'impatto nel tempo.<\/p>","protected":false},"excerpt":{"rendered":"<p>Bandiera di 150 x 90 cm con 2 robusti occhielli in metallo per un'appensione sicura.<\/p>","protected":false},"featured_media":1255,"comment_status":"open","ping_status":"closed","template":"","meta":{"_gspb_post_css":"","iawp_total_views":11},"product_brand":[],"product_cat":[60,58],"product_tag":[],"class_list":{"0":"post-2531","1":"product","2":"type-product","3":"status-publish","4":"has-post-thumbnail","6":"product_cat-africa-flags","7":"product_cat-country-flags","9":"first","10":"instock","11":"sale","12":"shipping-taxable","13":"purchasable","14":"product-type-simple"},"_links":{"self":[{"href":"https:\/\/cosmoflag.com\/it\/wp-json\/wp\/v2\/product\/2531","targetHints":{"allow":["GET"]}}],"collection":[{"href":"https:\/\/cosmoflag.com\/it\/wp-json\/wp\/v2\/product"}],"about":[{"href":"https:\/\/cosmoflag.com\/it\/wp-json\/wp\/v2\/types\/product"}],"replies":[{"embeddable":true,"href":"https:\/\/cosmoflag.com\/it\/wp-json\/wp\/v2\/comments?post=2531"}],"wp:featuredmedia":[{"embeddable":true,"href":"https:\/\/cosmoflag.com\/it\/wp-json\/wp\/v2\/media\/1255"}],"wp:attachment":[{"href":"https:\/\/cosmoflag.com\/it\/wp-json\/wp\/v2\/media?parent=2531"}],"wp:term":[{"taxonomy":"product_brand","embeddable":true,"href":"https:\/\/cosmoflag.com\/it\/wp-json\/wp\/v2\/product_brand?post=2531"},{"taxonomy":"product_cat","embeddable":true,"href":"https:\/\/cosmoflag.com\/it\/wp-json\/wp\/v2\/product_cat?post=2531"},{"taxonomy":"product_tag","embeddable":true,"href":"https:\/\/cosmoflag.com\/it\/wp-json\/wp\/v2\/product_tag?post=2531"}],"curies":[{"name":"wp","href":"https:\/\/api.w.org\/{rel}","templated":true}]}}