{"id":2528,"date":"2024-12-20T11:24:00","date_gmt":"2024-12-20T09:24:00","guid":{"rendered":"https:\/\/cosmoflag.com\/?post_type=product&#038;p=2528"},"modified":"2025-08-12T21:18:46","modified_gmt":"2025-08-12T19:18:46","slug":"bandiera-samoa","status":"publish","type":"product","link":"https:\/\/cosmoflag.com\/it\/prodotto\/bandiera-samoa\/","title":{"rendered":"Bandiera delle Samoa"},"content":{"rendered":"<h3><strong>Bandiera di Samoa Caratteristiche<\/strong><\/h3>\n<p>La nostra bandiera di Samoa \u00e8 realizzata in poliestere di prima qualit\u00e0, che garantisce un'eccellente durata per un uso duraturo sia all'interno che all'esterno. \u00c8 dotata di occhielli in metallo per una facile installazione e una tenuta sicura, anche in condizioni atmosferiche difficili. Misurando 90 x 150 cm, questa bandiera offre un'eccellente visibilit\u00e0 su pali, pareti o durante eventi e celebrazioni culturali.<\/p>\n<h3><strong>Un simbolo di unit\u00e0 e tradizione<\/strong><\/h3>\n<p>La bandiera di Samoa, adottata ufficialmente nel 1949, presenta un campo rosso che simboleggia il coraggio, mentre il cantone blu rappresenta la libert\u00e0. Le cinque stelle bianche nel cantone rappresentano la costellazione della Croce del Sud, emblema della posizione geografica di Samoa e del suo legame con il Pacifico. Questo disegno semplice ma potente riflette l'indipendenza, l'orgoglio e i valori culturali della nazione.<\/p>\n<h3><strong>Versatilit\u00e0 d'uso<\/strong><\/h3>\n<p>Perfetta per le celebrazioni nazionali, i festival culturali, le esposizioni didattiche o le collezioni personali, la bandiera di Samoa \u00e8 una rappresentazione significativa della storia e dell'identit\u00e0 della nazione. I suoi colori resistenti allo sbiadimento e il design robusto assicurano che rimanga vibrante e d'impatto nel tempo.<\/p>","protected":false},"excerpt":{"rendered":"<p>Bandiera di 150 x 90 cm con 2 robusti occhielli in metallo per un'appensione sicura.<\/p>","protected":false},"featured_media":1362,"comment_status":"open","ping_status":"closed","template":"","meta":{"_gspb_post_css":"","iawp_total_views":1},"product_brand":[],"product_cat":[67,58],"product_tag":[],"class_list":{"0":"post-2528","1":"product","2":"type-product","3":"status-publish","4":"has-post-thumbnail","6":"product_cat-oceania-flag","7":"product_cat-country-flags","9":"first","10":"instock","11":"sale","12":"shipping-taxable","13":"purchasable","14":"product-type-simple"},"_links":{"self":[{"href":"https:\/\/cosmoflag.com\/it\/wp-json\/wp\/v2\/product\/2528","targetHints":{"allow":["GET"]}}],"collection":[{"href":"https:\/\/cosmoflag.com\/it\/wp-json\/wp\/v2\/product"}],"about":[{"href":"https:\/\/cosmoflag.com\/it\/wp-json\/wp\/v2\/types\/product"}],"replies":[{"embeddable":true,"href":"https:\/\/cosmoflag.com\/it\/wp-json\/wp\/v2\/comments?post=2528"}],"wp:featuredmedia":[{"embeddable":true,"href":"https:\/\/cosmoflag.com\/it\/wp-json\/wp\/v2\/media\/1362"}],"wp:attachment":[{"href":"https:\/\/cosmoflag.com\/it\/wp-json\/wp\/v2\/media?parent=2528"}],"wp:term":[{"taxonomy":"product_brand","embeddable":true,"href":"https:\/\/cosmoflag.com\/it\/wp-json\/wp\/v2\/product_brand?post=2528"},{"taxonomy":"product_cat","embeddable":true,"href":"https:\/\/cosmoflag.com\/it\/wp-json\/wp\/v2\/product_cat?post=2528"},{"taxonomy":"product_tag","embeddable":true,"href":"https:\/\/cosmoflag.com\/it\/wp-json\/wp\/v2\/product_tag?post=2528"}],"curies":[{"name":"wp","href":"https:\/\/api.w.org\/{rel}","templated":true}]}}