{"id":2527,"date":"2024-12-20T10:45:00","date_gmt":"2024-12-20T08:45:00","guid":{"rendered":"https:\/\/cosmoflag.com\/?post_type=product&#038;p=2527"},"modified":"2025-08-12T21:18:47","modified_gmt":"2025-08-12T19:18:47","slug":"bandiera-siciliana","status":"publish","type":"product","link":"https:\/\/cosmoflag.com\/it\/prodotto\/bandiera-siciliana\/","title":{"rendered":"Bandiera della Sicilia"},"content":{"rendered":"<h3><strong>Caratteristiche della bandiera della Sicilia<\/strong><\/h3>\n<p>La nostra bandiera della Sicilia \u00e8 realizzata in poliestere di prima qualit\u00e0, che garantisce un'eccellente resistenza per un uso duraturo all'interno e all'esterno. Include occhielli in metallo per una facile installazione e una tenuta sicura, anche in condizioni atmosferiche difficili. Misurando 90 x 150 cm\/35 x 59 pollici, questa bandiera offre un'eccellente visibilit\u00e0 su pali, pareti o durante eventi culturali e festival.<\/p>\n<h3><strong>Un simbolo di patrimonio e identit\u00e0<\/strong><\/h3>\n<p>La bandiera della Sicilia, adottata ufficialmente nel 1282 e reintrodotta nel 2000, \u00e8 caratterizzata da un disegno suggestivo con due met\u00e0 diagonali di colore rosso e giallo, che rappresentano Palermo e Corleone. Al centro si trova la Trinacria, una figura a tre gambe con la testa di Medusa circondata da spighe di grano, che simboleggia la forma triangolare, la fertilit\u00e0 agricola e le antiche radici della Sicilia. Questa bandiera unica \u00e8 una potente rappresentazione della ricca storia e identit\u00e0 culturale dell'isola.<\/p>\n<h3><strong>Versatilit\u00e0 d'uso<\/strong><\/h3>\n<p>Perfetta per le celebrazioni culturali, le rievocazioni storiche, le esposizioni didattiche o le collezioni personali, la bandiera della Sicilia \u00e8 una rappresentazione significativa del patrimonio della regione. I suoi colori resistenti allo sbiadimento e il design robusto assicurano che rimanga vibrante e d'impatto nel tempo.<\/p>","protected":false},"excerpt":{"rendered":"<p>Bandiera di 150 x 90 cm con 2 robusti occhielli in metallo per un'appensione sicura.<\/p>","protected":false},"featured_media":1388,"comment_status":"open","ping_status":"closed","template":"","meta":{"_gspb_post_css":"","iawp_total_views":12},"product_brand":[],"product_cat":[70],"product_tag":[],"class_list":{"0":"post-2527","1":"product","2":"type-product","3":"status-publish","4":"has-post-thumbnail","6":"product_cat-regional-flags","8":"first","9":"instock","10":"sale","11":"shipping-taxable","12":"purchasable","13":"product-type-simple"},"_links":{"self":[{"href":"https:\/\/cosmoflag.com\/it\/wp-json\/wp\/v2\/product\/2527","targetHints":{"allow":["GET"]}}],"collection":[{"href":"https:\/\/cosmoflag.com\/it\/wp-json\/wp\/v2\/product"}],"about":[{"href":"https:\/\/cosmoflag.com\/it\/wp-json\/wp\/v2\/types\/product"}],"replies":[{"embeddable":true,"href":"https:\/\/cosmoflag.com\/it\/wp-json\/wp\/v2\/comments?post=2527"}],"wp:featuredmedia":[{"embeddable":true,"href":"https:\/\/cosmoflag.com\/it\/wp-json\/wp\/v2\/media\/1388"}],"wp:attachment":[{"href":"https:\/\/cosmoflag.com\/it\/wp-json\/wp\/v2\/media?parent=2527"}],"wp:term":[{"taxonomy":"product_brand","embeddable":true,"href":"https:\/\/cosmoflag.com\/it\/wp-json\/wp\/v2\/product_brand?post=2527"},{"taxonomy":"product_cat","embeddable":true,"href":"https:\/\/cosmoflag.com\/it\/wp-json\/wp\/v2\/product_cat?post=2527"},{"taxonomy":"product_tag","embeddable":true,"href":"https:\/\/cosmoflag.com\/it\/wp-json\/wp\/v2\/product_tag?post=2527"}],"curies":[{"name":"wp","href":"https:\/\/api.w.org\/{rel}","templated":true}]}}