{"id":2526,"date":"2024-12-20T10:42:00","date_gmt":"2024-12-20T08:42:00","guid":{"rendered":"https:\/\/cosmoflag.com\/?post_type=product&#038;p=2526"},"modified":"2025-08-12T21:18:47","modified_gmt":"2025-08-12T19:18:47","slug":"bandiera-di-andorra","status":"publish","type":"product","link":"https:\/\/cosmoflag.com\/it\/prodotto\/bandiera-di-andorra\/","title":{"rendered":"Bandiera di Andorra"},"content":{"rendered":"<h3><strong>Caratteristiche della bandiera di Andorra<\/strong><\/h3>\n<p>La nostra bandiera di Andorra \u00e8 realizzata in poliestere di prima qualit\u00e0, che garantisce un'eccellente resistenza per un uso duraturo all'interno e all'esterno. \u00c8 dotata di occhielli in metallo per una facile installazione e una tenuta sicura, anche in condizioni atmosferiche difficili. Con dimensioni di 90 x 150 cm\/35 x 59 pollici, questa bandiera assicura un'eccellente visibilit\u00e0 su pali, pareti o durante le celebrazioni nazionali e gli eventi.<\/p>\n<h3><strong>Un simbolo di unit\u00e0 e indipendenza<\/strong><\/h3>\n<p>La bandiera di Andorra, adottata ufficialmente nel 1866, presenta tre strisce verticali di colore blu, giallo e rosso. Il blu simboleggia la pace, il giallo la prosperit\u00e0 e il rosso il coraggio del popolo andorrano. Al centro si trova lo stemma, che evidenzia i legami storici della nazione con la Francia e la Spagna. Il motto \"Virtus Unita Fortior\" (la virt\u00f9 unita \u00e8 pi\u00f9 forte) incarna l'unit\u00e0 e la forza di Andorra.<\/p>\n<h3><strong>Versatilit\u00e0 d'uso<\/strong><\/h3>\n<p>Perfetta per le celebrazioni nazionali, gli eventi culturali, le esposizioni didattiche o le collezioni personali, la bandiera di Andorra \u00e8 una rappresentazione significativa dell'identit\u00e0 e del patrimonio del Paese. I suoi colori resistenti allo sbiadimento e il design robusto assicurano che rimanga vibrante e d'impatto nel tempo.<\/p>","protected":false},"excerpt":{"rendered":"<p>Bandiera di 150 x 90 cm con 2 robusti occhielli in metallo per un'appensione sicura.<\/p>","protected":false},"featured_media":1454,"comment_status":"open","ping_status":"closed","template":"","meta":{"_gspb_post_css":"","iawp_total_views":12},"product_brand":[],"product_cat":[65,58],"product_tag":[],"class_list":{"0":"post-2526","1":"product","2":"type-product","3":"status-publish","4":"has-post-thumbnail","6":"product_cat-europe-flags","7":"product_cat-country-flags","9":"first","10":"instock","11":"sale","12":"shipping-taxable","13":"purchasable","14":"product-type-simple"},"_links":{"self":[{"href":"https:\/\/cosmoflag.com\/it\/wp-json\/wp\/v2\/product\/2526","targetHints":{"allow":["GET"]}}],"collection":[{"href":"https:\/\/cosmoflag.com\/it\/wp-json\/wp\/v2\/product"}],"about":[{"href":"https:\/\/cosmoflag.com\/it\/wp-json\/wp\/v2\/types\/product"}],"replies":[{"embeddable":true,"href":"https:\/\/cosmoflag.com\/it\/wp-json\/wp\/v2\/comments?post=2526"}],"wp:featuredmedia":[{"embeddable":true,"href":"https:\/\/cosmoflag.com\/it\/wp-json\/wp\/v2\/media\/1454"}],"wp:attachment":[{"href":"https:\/\/cosmoflag.com\/it\/wp-json\/wp\/v2\/media?parent=2526"}],"wp:term":[{"taxonomy":"product_brand","embeddable":true,"href":"https:\/\/cosmoflag.com\/it\/wp-json\/wp\/v2\/product_brand?post=2526"},{"taxonomy":"product_cat","embeddable":true,"href":"https:\/\/cosmoflag.com\/it\/wp-json\/wp\/v2\/product_cat?post=2526"},{"taxonomy":"product_tag","embeddable":true,"href":"https:\/\/cosmoflag.com\/it\/wp-json\/wp\/v2\/product_tag?post=2526"}],"curies":[{"name":"wp","href":"https:\/\/api.w.org\/{rel}","templated":true}]}}