{"id":2525,"date":"2024-12-19T23:07:00","date_gmt":"2024-12-19T21:07:00","guid":{"rendered":"https:\/\/cosmoflag.com\/?post_type=product&#038;p=2525"},"modified":"2025-08-12T21:18:47","modified_gmt":"2025-08-12T19:18:47","slug":"bandiera-del-bangladesh","status":"publish","type":"product","link":"https:\/\/cosmoflag.com\/it\/prodotto\/bandiera-del-bangladesh\/","title":{"rendered":"Bandiera del Bangladesh"},"content":{"rendered":"<h3><strong>Bandiera del Bangladesh Caratteristiche<\/strong><\/h3>\n<p>La nostra bandiera del Bangladesh \u00e8 realizzata in poliestere di prima qualit\u00e0, che garantisce un'eccellente resistenza per un uso duraturo all'interno e all'esterno. \u00c8 dotata di occhielli in metallo per una facile installazione e una tenuta sicura, anche in condizioni atmosferiche difficili. Con dimensioni di 90 x 150 cm, questa bandiera garantisce un'eccellente visibilit\u00e0 su pali, pareti o durante eventi e celebrazioni nazionali.<\/p>\n<h3><strong>Un simbolo di unit\u00e0 e indipendenza<\/strong><\/h3>\n<p>La bandiera del Bangladesh, adottata ufficialmente nel 1972, presenta un campo verde intenso che simboleggia il paesaggio lussureggiante del Paese e la vitalit\u00e0 del suo popolo. Al centro si trova un audace cerchio rosso, che rappresenta il sangue versato per l'indipendenza e il sole nascente di una nuova nazione. Questo disegno minimalista ma potente riflette la resilienza e l'orgoglio del popolo del Bangladesh.<\/p>\n<h3><strong>Versatilit\u00e0 d'uso<\/strong><\/h3>\n<p>Perfetta per le celebrazioni nazionali, gli eventi culturali, le esposizioni didattiche o le collezioni personali, la bandiera del Bangladesh \u00e8 una rappresentazione significativa della storia e dei valori della nazione. I suoi colori resistenti allo sbiadimento e il design robusto assicurano che rimanga vibrante e d'impatto nel tempo.<\/p>","protected":false},"excerpt":{"rendered":"<p>Bandiera di 150 x 90 cm con 2 robusti occhielli in metallo per un'appensione sicura.<\/p>","protected":false},"featured_media":1477,"comment_status":"open","ping_status":"closed","template":"","meta":{"_gspb_post_css":"","iawp_total_views":7},"product_brand":[],"product_cat":[64,58],"product_tag":[],"class_list":{"0":"post-2525","1":"product","2":"type-product","3":"status-publish","4":"has-post-thumbnail","6":"product_cat-asia-flags","7":"product_cat-country-flags","9":"first","10":"instock","11":"sale","12":"shipping-taxable","13":"purchasable","14":"product-type-simple"},"_links":{"self":[{"href":"https:\/\/cosmoflag.com\/it\/wp-json\/wp\/v2\/product\/2525","targetHints":{"allow":["GET"]}}],"collection":[{"href":"https:\/\/cosmoflag.com\/it\/wp-json\/wp\/v2\/product"}],"about":[{"href":"https:\/\/cosmoflag.com\/it\/wp-json\/wp\/v2\/types\/product"}],"replies":[{"embeddable":true,"href":"https:\/\/cosmoflag.com\/it\/wp-json\/wp\/v2\/comments?post=2525"}],"wp:featuredmedia":[{"embeddable":true,"href":"https:\/\/cosmoflag.com\/it\/wp-json\/wp\/v2\/media\/1477"}],"wp:attachment":[{"href":"https:\/\/cosmoflag.com\/it\/wp-json\/wp\/v2\/media?parent=2525"}],"wp:term":[{"taxonomy":"product_brand","embeddable":true,"href":"https:\/\/cosmoflag.com\/it\/wp-json\/wp\/v2\/product_brand?post=2525"},{"taxonomy":"product_cat","embeddable":true,"href":"https:\/\/cosmoflag.com\/it\/wp-json\/wp\/v2\/product_cat?post=2525"},{"taxonomy":"product_tag","embeddable":true,"href":"https:\/\/cosmoflag.com\/it\/wp-json\/wp\/v2\/product_tag?post=2525"}],"curies":[{"name":"wp","href":"https:\/\/api.w.org\/{rel}","templated":true}]}}