{"id":2519,"date":"2024-12-19T22:03:00","date_gmt":"2024-12-19T20:03:00","guid":{"rendered":"https:\/\/cosmoflag.com\/?post_type=product&#038;p=2519"},"modified":"2025-08-12T21:20:26","modified_gmt":"2025-08-12T19:20:26","slug":"bandiera-della-croazia","status":"publish","type":"product","link":"https:\/\/cosmoflag.com\/it\/prodotto\/bandiera-della-croazia\/","title":{"rendered":"Bandiera della Croazia"},"content":{"rendered":"<p><strong>Bandiera della Croazia Caratteristiche<\/strong><\/p>\n<p>La nostra bandiera della Croazia \u00e8 realizzata in poliestere di prima qualit\u00e0, che garantisce un'eccellente resistenza per un uso duraturo all'interno e all'esterno. \u00c8 dotata di occhielli in metallo per una facile installazione e una tenuta sicura, anche in condizioni atmosferiche difficili. Con dimensioni di 90 x 150 cm, questa bandiera garantisce un'eccellente visibilit\u00e0 su pali, pareti o durante eventi e celebrazioni nazionali.<\/p>\n<p><strong>Un simbolo di unit\u00e0 e patrimonio<\/strong><\/p>\n<p>La bandiera della Croazia, adottata ufficialmente nel 1990, \u00e8 composta da tre strisce orizzontali di colore rosso, bianco e blu, che rappresentano la storia croata e l'unit\u00e0 del popolo. Al centro si trova lo stemma, caratterizzato da un motivo a scacchiera (rosso e bianco) che simboleggia il patrimonio della nazione. Sopra lo scudo si trovano cinque corone pi\u00f9 piccole che rappresentano le regioni storiche della Croazia: Zagabria, Dubrovnik, Dalmazia, Istria e Slavonia. Questa bandiera riflette la ricca storia culturale e l'orgoglio nazionale del Paese.<\/p>\n<p><strong>Versatilit\u00e0 d'uso<\/strong><\/p>\n<p>Perfetta per le celebrazioni nazionali, gli eventi culturali, le esposizioni didattiche o le collezioni personali, la bandiera della Croazia \u00e8 una rappresentazione significativa della storia e dell'identit\u00e0 della nazione. I suoi colori resistenti allo sbiadimento e il design robusto assicurano che rimanga vibrante e d'impatto nel tempo.<\/p>","protected":false},"excerpt":{"rendered":"<p>Bandiera di 150 x 90 cm con 2 robusti occhielli in metallo per un'appensione sicura.<\/p>","protected":false},"featured_media":1543,"comment_status":"open","ping_status":"closed","template":"","meta":{"_gspb_post_css":"","iawp_total_views":7},"product_brand":[],"product_cat":[65,58],"product_tag":[],"class_list":{"0":"post-2519","1":"product","2":"type-product","3":"status-publish","4":"has-post-thumbnail","6":"product_cat-europe-flags","7":"product_cat-country-flags","9":"first","10":"instock","11":"sale","12":"shipping-taxable","13":"purchasable","14":"product-type-simple"},"_links":{"self":[{"href":"https:\/\/cosmoflag.com\/it\/wp-json\/wp\/v2\/product\/2519","targetHints":{"allow":["GET"]}}],"collection":[{"href":"https:\/\/cosmoflag.com\/it\/wp-json\/wp\/v2\/product"}],"about":[{"href":"https:\/\/cosmoflag.com\/it\/wp-json\/wp\/v2\/types\/product"}],"replies":[{"embeddable":true,"href":"https:\/\/cosmoflag.com\/it\/wp-json\/wp\/v2\/comments?post=2519"}],"wp:featuredmedia":[{"embeddable":true,"href":"https:\/\/cosmoflag.com\/it\/wp-json\/wp\/v2\/media\/1543"}],"wp:attachment":[{"href":"https:\/\/cosmoflag.com\/it\/wp-json\/wp\/v2\/media?parent=2519"}],"wp:term":[{"taxonomy":"product_brand","embeddable":true,"href":"https:\/\/cosmoflag.com\/it\/wp-json\/wp\/v2\/product_brand?post=2519"},{"taxonomy":"product_cat","embeddable":true,"href":"https:\/\/cosmoflag.com\/it\/wp-json\/wp\/v2\/product_cat?post=2519"},{"taxonomy":"product_tag","embeddable":true,"href":"https:\/\/cosmoflag.com\/it\/wp-json\/wp\/v2\/product_tag?post=2519"}],"curies":[{"name":"wp","href":"https:\/\/api.w.org\/{rel}","templated":true}]}}