{"id":2518,"date":"2024-12-19T21:58:00","date_gmt":"2024-12-19T19:58:00","guid":{"rendered":"https:\/\/cosmoflag.com\/?post_type=product&#038;p=2518"},"modified":"2025-08-12T21:20:26","modified_gmt":"2025-08-12T19:20:26","slug":"bandiera-eritrea","status":"publish","type":"product","link":"https:\/\/cosmoflag.com\/it\/prodotto\/bandiera-eritrea\/","title":{"rendered":"Bandiera dell'Eritrea"},"content":{"rendered":"<h3><strong>Caratteristiche della bandiera eritrea<\/strong><\/h3>\n<p>La nostra bandiera dell'Eritrea \u00e8 realizzata in poliestere di prima qualit\u00e0, che garantisce un'eccellente resistenza per un uso duraturo sia all'interno che all'esterno. \u00c8 dotata di occhielli in metallo per una facile installazione e una tenuta sicura, anche in condizioni atmosferiche difficili. Misurando 90 x 150 cm\/35 x 59 pollici, questa bandiera offre un'eccezionale visibilit\u00e0 su pali, pareti o durante le celebrazioni nazionali.<\/p>\n<h3><strong>Un simbolo di unit\u00e0 e progresso<\/strong><\/h3>\n<p>La bandiera dell'Eritrea, adottata ufficialmente nel 1995, presenta un disegno triangolare unico con campi verdi, rossi e blu. Il verde rappresenta l'agricoltura e l'economia del Paese, il blu simboleggia il Mar Rosso e il rosso i sacrifici fatti per l'indipendenza. Nel triangolo rosso si trova un ramo d'ulivo dorato circondato da una corona, che simboleggia la pace e la forza duratura della nazione. Insieme, questi elementi incarnano l'identit\u00e0 e le aspirazioni dell'Eritrea.<\/p>\n<h3><strong>Versatilit\u00e0 d'uso<\/strong><\/h3>\n<p>Perfetta per celebrazioni nazionali, eventi culturali, scopi educativi o collezioni personali, la bandiera dell'Eritrea \u00e8 una rappresentazione significativa della storia e dei valori del Paese. I suoi colori resistenti allo sbiadimento e il design robusto assicurano che rimanga vibrante e d'impatto nel tempo.<\/p>","protected":false},"excerpt":{"rendered":"<p>Bandiera di 150 x 90 cm con 2 robusti occhielli in metallo per un'appensione sicura.<\/p>","protected":false},"featured_media":1549,"comment_status":"open","ping_status":"closed","template":"","meta":{"_gspb_post_css":"","iawp_total_views":13},"product_brand":[],"product_cat":[60,58],"product_tag":[],"class_list":{"0":"post-2518","1":"product","2":"type-product","3":"status-publish","4":"has-post-thumbnail","6":"product_cat-africa-flags","7":"product_cat-country-flags","9":"first","10":"instock","11":"sale","12":"shipping-taxable","13":"purchasable","14":"product-type-simple"},"_links":{"self":[{"href":"https:\/\/cosmoflag.com\/it\/wp-json\/wp\/v2\/product\/2518","targetHints":{"allow":["GET"]}}],"collection":[{"href":"https:\/\/cosmoflag.com\/it\/wp-json\/wp\/v2\/product"}],"about":[{"href":"https:\/\/cosmoflag.com\/it\/wp-json\/wp\/v2\/types\/product"}],"replies":[{"embeddable":true,"href":"https:\/\/cosmoflag.com\/it\/wp-json\/wp\/v2\/comments?post=2518"}],"wp:featuredmedia":[{"embeddable":true,"href":"https:\/\/cosmoflag.com\/it\/wp-json\/wp\/v2\/media\/1549"}],"wp:attachment":[{"href":"https:\/\/cosmoflag.com\/it\/wp-json\/wp\/v2\/media?parent=2518"}],"wp:term":[{"taxonomy":"product_brand","embeddable":true,"href":"https:\/\/cosmoflag.com\/it\/wp-json\/wp\/v2\/product_brand?post=2518"},{"taxonomy":"product_cat","embeddable":true,"href":"https:\/\/cosmoflag.com\/it\/wp-json\/wp\/v2\/product_cat?post=2518"},{"taxonomy":"product_tag","embeddable":true,"href":"https:\/\/cosmoflag.com\/it\/wp-json\/wp\/v2\/product_tag?post=2518"}],"curies":[{"name":"wp","href":"https:\/\/api.w.org\/{rel}","templated":true}]}}