{"id":2515,"date":"2024-12-19T21:38:00","date_gmt":"2024-12-19T19:38:00","guid":{"rendered":"https:\/\/cosmoflag.com\/?post_type=product&#038;p=2515"},"modified":"2025-08-12T21:20:28","modified_gmt":"2025-08-12T19:20:28","slug":"bandiera-della-germania-orientale-gdr","status":"publish","type":"product","link":"https:\/\/cosmoflag.com\/it\/prodotto\/bandiera-della-germania-orientale-gdr\/","title":{"rendered":"Bandiera della Germania Est DDR"},"content":{"rendered":"<p><strong>Bandiera della Germania Est Caratteristiche<\/strong><\/p>\n<p>La nostra bandiera della Germania Est DDR \u00e8 realizzata in poliestere di prima qualit\u00e0, per garantire un'eccellente durata sia in interni che in esterni. Include occhielli in metallo per una facile installazione e una tenuta sicura, anche in condizioni atmosferiche difficili. Misurando 90 x 150 cm\/35 x 59 pollici, questa bandiera offre un'eccellente visibilit\u00e0 su pali, pareti o durante eventi storici.<\/p>\n<p><strong>Un simbolo del socialismo e della storia<\/strong><\/p>\n<p>La bandiera della Germania Est (Repubblica Democratica Tedesca) \u00e8 stata adottata ufficialmente nel 1959. Presenta il tricolore nero, rosso e oro delle tradizionali bandiere tedesche, sovrapposto all'emblema della DDR. L'emblema comprende un martello e un compasso, circondati da un anello di segale, che simboleggia l'unit\u00e0 di operai, ingegneri e agricoltori sotto il socialismo. Questa bandiera \u00e8 una potente rappresentazione della storia politica e dell'identit\u00e0 della Germania Est durante la Guerra Fredda.<\/p>\n<p><strong>Versatilit\u00e0 d'uso<\/strong><\/p>\n<p>Perfetta per rievocazioni storiche, esposizioni didattiche, eventi culturali o come parte di una collezione personale, la bandiera della DDR \u00e8 una rappresentazione significativa di un periodo unico della storia tedesca e mondiale. I suoi colori resistenti allo sbiadimento e il suo design robusto garantiscono che rimanga vibrante e d'impatto nel tempo.<\/p>","protected":false},"excerpt":{"rendered":"<p>Bandiera di 150 x 90 cm con 2 robusti occhielli in metallo per un'appensione sicura.<\/p>","protected":false},"featured_media":1574,"comment_status":"open","ping_status":"closed","template":"","meta":{"_gspb_post_css":"","iawp_total_views":43},"product_brand":[],"product_cat":[69],"product_tag":[],"class_list":{"0":"post-2515","1":"product","2":"type-product","3":"status-publish","4":"has-post-thumbnail","6":"product_cat-historical-flags","8":"first","9":"instock","10":"sale","11":"shipping-taxable","12":"purchasable","13":"product-type-simple"},"_links":{"self":[{"href":"https:\/\/cosmoflag.com\/it\/wp-json\/wp\/v2\/product\/2515","targetHints":{"allow":["GET"]}}],"collection":[{"href":"https:\/\/cosmoflag.com\/it\/wp-json\/wp\/v2\/product"}],"about":[{"href":"https:\/\/cosmoflag.com\/it\/wp-json\/wp\/v2\/types\/product"}],"replies":[{"embeddable":true,"href":"https:\/\/cosmoflag.com\/it\/wp-json\/wp\/v2\/comments?post=2515"}],"wp:featuredmedia":[{"embeddable":true,"href":"https:\/\/cosmoflag.com\/it\/wp-json\/wp\/v2\/media\/1574"}],"wp:attachment":[{"href":"https:\/\/cosmoflag.com\/it\/wp-json\/wp\/v2\/media?parent=2515"}],"wp:term":[{"taxonomy":"product_brand","embeddable":true,"href":"https:\/\/cosmoflag.com\/it\/wp-json\/wp\/v2\/product_brand?post=2515"},{"taxonomy":"product_cat","embeddable":true,"href":"https:\/\/cosmoflag.com\/it\/wp-json\/wp\/v2\/product_cat?post=2515"},{"taxonomy":"product_tag","embeddable":true,"href":"https:\/\/cosmoflag.com\/it\/wp-json\/wp\/v2\/product_tag?post=2515"}],"curies":[{"name":"wp","href":"https:\/\/api.w.org\/{rel}","templated":true}]}}