{"id":2513,"date":"2024-12-19T21:01:00","date_gmt":"2024-12-19T19:01:00","guid":{"rendered":"https:\/\/cosmoflag.com\/?post_type=product&#038;p=2513"},"modified":"2026-01-19T19:08:33","modified_gmt":"2026-01-19T17:08:33","slug":"bandiera-di-guerra-imperiale-tedesca-reichskriegsflagge","status":"publish","type":"product","link":"https:\/\/cosmoflag.com\/it\/prodotto\/bandiera-di-guerra-imperiale-tedesca-reichskriegsflagge\/","title":{"rendered":"Bandiera di guerra della Germania imperiale Reichskriegsflagge"},"content":{"rendered":"<h3><strong>Bandiera di guerra della Germania imperiale Caratteristiche<\/strong><\/h3>\n<p>La nostra bandiera di guerra della Germania imperiale Reichskriegsflagge \u00e8 realizzata in poliestere di prima qualit\u00e0, che garantisce una durata eccezionale per un uso duraturo sia all'interno che all'esterno. \u00c8 dotata di occhielli in metallo per una facile installazione e una tenuta sicura, anche in condizioni atmosferiche difficili. Con una dimensione di 90 x 150 cm, questa bandiera garantisce una visibilit\u00e0 eccezionale per essere esposta su pali, pareti o durante le rievocazioni storiche.<\/p>\n<h3><strong>Un simbolo del patrimonio militare<\/strong><\/h3>\n<p>La bandiera di guerra della Germania imperiale, nota anche come Reichskriegsflagge, \u00e8 stata un emblema chiave dell'Impero tedesco tra la fine del XIX e l'inizio del XX secolo. Caratterizzata da un campo bianco con una croce nera e l'iconica aquila al centro, il disegno riflette la tradizione militare e l'orgoglio nazionale. Gli accenti rossi simboleggiano il coraggio e l'unit\u00e0 degli Stati tedeschi. Questa bandiera ricorda un periodo importante della storia europea.<\/p>\n<h3><strong>Versatilit\u00e0 d'uso<\/strong><\/h3>\n<p>Perfetta per rievocazioni storiche, esposizioni didattiche, eventi culturali o come parte di una collezione personale, la bandiera di guerra della Germania imperiale Reichskriegsflagge \u00e8 una rappresentazione significativa dell'eredit\u00e0 militare e culturale della Germania. I suoi colori resistenti allo sbiadimento e il suo design robusto assicurano che rimanga vibrante e d'impatto nel tempo.<\/p>","protected":false},"excerpt":{"rendered":"<p>Bandiera di 150 x 90 cm con 2 robusti occhielli in metallo per un'appensione sicura.<\/p>","protected":false},"featured_media":1593,"comment_status":"open","ping_status":"closed","template":"","meta":{"_gspb_post_css":"","iawp_total_views":113},"product_brand":[],"product_cat":[69],"product_tag":[],"class_list":{"0":"post-2513","1":"product","2":"type-product","3":"status-publish","4":"has-post-thumbnail","6":"product_cat-historical-flags","8":"first","9":"instock","10":"sale","11":"shipping-taxable","12":"purchasable","13":"product-type-simple"},"_links":{"self":[{"href":"https:\/\/cosmoflag.com\/it\/wp-json\/wp\/v2\/product\/2513","targetHints":{"allow":["GET"]}}],"collection":[{"href":"https:\/\/cosmoflag.com\/it\/wp-json\/wp\/v2\/product"}],"about":[{"href":"https:\/\/cosmoflag.com\/it\/wp-json\/wp\/v2\/types\/product"}],"replies":[{"embeddable":true,"href":"https:\/\/cosmoflag.com\/it\/wp-json\/wp\/v2\/comments?post=2513"}],"wp:featuredmedia":[{"embeddable":true,"href":"https:\/\/cosmoflag.com\/it\/wp-json\/wp\/v2\/media\/1593"}],"wp:attachment":[{"href":"https:\/\/cosmoflag.com\/it\/wp-json\/wp\/v2\/media?parent=2513"}],"wp:term":[{"taxonomy":"product_brand","embeddable":true,"href":"https:\/\/cosmoflag.com\/it\/wp-json\/wp\/v2\/product_brand?post=2513"},{"taxonomy":"product_cat","embeddable":true,"href":"https:\/\/cosmoflag.com\/it\/wp-json\/wp\/v2\/product_cat?post=2513"},{"taxonomy":"product_tag","embeddable":true,"href":"https:\/\/cosmoflag.com\/it\/wp-json\/wp\/v2\/product_tag?post=2513"}],"curies":[{"name":"wp","href":"https:\/\/api.w.org\/{rel}","templated":true}]}}