{"id":2512,"date":"2024-12-19T20:54:00","date_gmt":"2024-12-19T18:54:00","guid":{"rendered":"https:\/\/cosmoflag.com\/?post_type=product&#038;p=2512"},"modified":"2025-11-27T20:53:32","modified_gmt":"2025-11-27T18:53:32","slug":"bandiera-di-guerra-della-germania-imperiale-con-sfondo-rosso","status":"publish","type":"product","link":"https:\/\/cosmoflag.com\/it\/prodotto\/bandiera-di-guerra-della-germania-imperiale-con-sfondo-rosso\/","title":{"rendered":"Bandiera di guerra della Germania imperiale con sfondo rosso"},"content":{"rendered":"<h3><strong>Bandiera di guerra della Germania imperiale Caratteristiche<\/strong><\/h3>\n<p>La nostra bandiera di guerra della Germania imperiale \u00e8 realizzata in poliestere di prima qualit\u00e0, per garantire una lunga durata sia all'interno che all'esterno. \u00c8 dotata di occhielli in metallo per una facile installazione e una tenuta sicura, anche in condizioni atmosferiche difficili. Misurando 90 x 150 cm, questa bandiera offre un'eccellente visibilit\u00e0, sia che venga esposta su pali, pareti o durante le rievocazioni storiche.<\/p>\n<h3><strong>Un simbolo di eredit\u00e0 militare<\/strong><\/h3>\n<p>La Bandiera di guerra della Germania imperiale, caratterizzata da uno sfondo rosso con una croce nera e l'iconica aquila al centro, era un simbolo importante della potenza militare dell'Impero tedesco durante la fine del XIX e l'inizio del XX secolo. La croce nera riflette le tradizionali insegne militari tedesche, mentre l'aquila simboleggia forza e sovranit\u00e0. Questa bandiera \u00e8 un ricordo storico di un'epoca importante della storia europea.<\/p>\n<h3><strong>Versatilit\u00e0 d'uso<\/strong><\/h3>\n<p>Perfetta per le rievocazioni storiche, le esposizioni didattiche, gli eventi culturali o come parte di una collezione personale, la bandiera di guerra della Germania imperiale \u00e8 una rappresentazione significativa della storia militare tedesca. I suoi colori resistenti allo sbiadimento e il design robusto assicurano che rimanga vibrante e d'impatto nel tempo.<\/p>","protected":false},"excerpt":{"rendered":"<p>Bandiera di 150 x 90 cm con 2 robusti occhielli in metallo per un'appensione sicura.<\/p>","protected":false},"featured_media":1600,"comment_status":"open","ping_status":"closed","template":"","meta":{"_gspb_post_css":"","iawp_total_views":146},"product_brand":[],"product_cat":[69],"product_tag":[],"class_list":{"0":"post-2512","1":"product","2":"type-product","3":"status-publish","4":"has-post-thumbnail","6":"product_cat-historical-flags","8":"first","9":"instock","10":"sale","11":"shipping-taxable","12":"purchasable","13":"product-type-simple"},"_links":{"self":[{"href":"https:\/\/cosmoflag.com\/it\/wp-json\/wp\/v2\/product\/2512","targetHints":{"allow":["GET"]}}],"collection":[{"href":"https:\/\/cosmoflag.com\/it\/wp-json\/wp\/v2\/product"}],"about":[{"href":"https:\/\/cosmoflag.com\/it\/wp-json\/wp\/v2\/types\/product"}],"replies":[{"embeddable":true,"href":"https:\/\/cosmoflag.com\/it\/wp-json\/wp\/v2\/comments?post=2512"}],"wp:featuredmedia":[{"embeddable":true,"href":"https:\/\/cosmoflag.com\/it\/wp-json\/wp\/v2\/media\/1600"}],"wp:attachment":[{"href":"https:\/\/cosmoflag.com\/it\/wp-json\/wp\/v2\/media?parent=2512"}],"wp:term":[{"taxonomy":"product_brand","embeddable":true,"href":"https:\/\/cosmoflag.com\/it\/wp-json\/wp\/v2\/product_brand?post=2512"},{"taxonomy":"product_cat","embeddable":true,"href":"https:\/\/cosmoflag.com\/it\/wp-json\/wp\/v2\/product_cat?post=2512"},{"taxonomy":"product_tag","embeddable":true,"href":"https:\/\/cosmoflag.com\/it\/wp-json\/wp\/v2\/product_tag?post=2512"}],"curies":[{"name":"wp","href":"https:\/\/api.w.org\/{rel}","templated":true}]}}