{"id":2508,"date":"2024-12-19T17:22:00","date_gmt":"2024-12-19T15:22:00","guid":{"rendered":"https:\/\/cosmoflag.com\/?post_type=product&#038;p=2508"},"modified":"2025-08-12T21:20:29","modified_gmt":"2025-08-12T19:20:29","slug":"bandiera-dellarabia-saudita","status":"publish","type":"product","link":"https:\/\/cosmoflag.com\/it\/prodotto\/bandiera-dellarabia-saudita\/","title":{"rendered":"Bandiera dell'Arabia Saudita"},"content":{"rendered":"<h3><strong>Bandiera dell'Arabia Saudita Caratteristiche<\/strong><\/h3>\n<p>La nostra bandiera dell'Arabia Saudita \u00e8 realizzata in poliestere di prima qualit\u00e0, per garantire una lunga durata sia in interni che in esterni. \u00c8 dotata di occhielli in metallo per una facile installazione e una tenuta sicura, anche in condizioni atmosferiche difficili. Con dimensioni di 90 x 150 cm, questa bandiera garantisce un'eccellente visibilit\u00e0 su pali, pareti o durante eventi culturali.<\/p>\n<h3><strong>Un simbolo di fede e identit\u00e0<\/strong><\/h3>\n<p>La bandiera dell'Arabia Saudita, adottata ufficialmente nel 1973, presenta un campo verde che simboleggia l'Islam, con la dichiarazione di fede islamica (Shahada) scritta in caratteri arabi bianchi. Sotto di esso si trova una spada bianca, simbolo della giustizia e della forza della nazione. L'insieme di questi elementi riflette la profonda eredit\u00e0 religiosa dell'Arabia Saudita e il suo impegno per l'unit\u00e0 e la giustizia secondo i principi islamici.<\/p>\n<h3><strong>Versatilit\u00e0 d'uso<\/strong><\/h3>\n<p>Perfetta per le celebrazioni nazionali, gli eventi religiosi, gli scopi educativi o come parte di una collezione personale, la bandiera dell'Arabia Saudita \u00e8 una rappresentazione significativa dell'identit\u00e0 e dei valori della nazione. I suoi colori resistenti allo sbiadimento e il design robusto assicurano che rimanga vibrante e d'impatto nel tempo.<\/p>","protected":false},"excerpt":{"rendered":"<p>Bandiera di 150 x 90 cm con 2 robusti occhielli in metallo per un'appensione sicura.<\/p>","protected":false},"featured_media":1652,"comment_status":"open","ping_status":"closed","template":"","meta":{"_gspb_post_css":"","iawp_total_views":6},"product_brand":[],"product_cat":[66,58],"product_tag":[],"class_list":{"0":"post-2508","1":"product","2":"type-product","3":"status-publish","4":"has-post-thumbnail","6":"product_cat-middle-east-flags","7":"product_cat-country-flags","9":"first","10":"instock","11":"sale","12":"shipping-taxable","13":"purchasable","14":"product-type-simple"},"_links":{"self":[{"href":"https:\/\/cosmoflag.com\/it\/wp-json\/wp\/v2\/product\/2508","targetHints":{"allow":["GET"]}}],"collection":[{"href":"https:\/\/cosmoflag.com\/it\/wp-json\/wp\/v2\/product"}],"about":[{"href":"https:\/\/cosmoflag.com\/it\/wp-json\/wp\/v2\/types\/product"}],"replies":[{"embeddable":true,"href":"https:\/\/cosmoflag.com\/it\/wp-json\/wp\/v2\/comments?post=2508"}],"wp:featuredmedia":[{"embeddable":true,"href":"https:\/\/cosmoflag.com\/it\/wp-json\/wp\/v2\/media\/1652"}],"wp:attachment":[{"href":"https:\/\/cosmoflag.com\/it\/wp-json\/wp\/v2\/media?parent=2508"}],"wp:term":[{"taxonomy":"product_brand","embeddable":true,"href":"https:\/\/cosmoflag.com\/it\/wp-json\/wp\/v2\/product_brand?post=2508"},{"taxonomy":"product_cat","embeddable":true,"href":"https:\/\/cosmoflag.com\/it\/wp-json\/wp\/v2\/product_cat?post=2508"},{"taxonomy":"product_tag","embeddable":true,"href":"https:\/\/cosmoflag.com\/it\/wp-json\/wp\/v2\/product_tag?post=2508"}],"curies":[{"name":"wp","href":"https:\/\/api.w.org\/{rel}","templated":true}]}}