{"id":2505,"date":"2024-12-19T16:07:00","date_gmt":"2024-12-19T14:07:00","guid":{"rendered":"https:\/\/cosmoflag.com\/?post_type=product&#038;p=2505"},"modified":"2025-08-12T21:20:31","modified_gmt":"2025-08-12T19:20:31","slug":"bandiera-dellindipendenza-siriana","status":"publish","type":"product","link":"https:\/\/cosmoflag.com\/it\/prodotto\/bandiera-dellindipendenza-siriana\/","title":{"rendered":"Bandiera dell'indipendenza siriana"},"content":{"rendered":"<h3><strong>Bandiera dell'indipendenza siriana Caratteristiche<\/strong><\/h3>\n<p>La nostra bandiera dell'indipendenza siriana \u00e8 realizzata in poliestere di prima qualit\u00e0, per garantire una lunga durata sia all'interno che all'esterno. \u00c8 dotata di occhielli in metallo per una facile installazione e una tenuta sicura, anche in condizioni atmosferiche avverse. Con una dimensione di 90 x 150 cm, questa bandiera assicura un'eccellente visibilit\u00e0, sia che venga esposta su pali, pareti o durante le manifestazioni pubbliche.<\/p>\n<h3><strong>Un simbolo di libert\u00e0 e resistenza<\/strong><\/h3>\n<p>La bandiera dell'indipendenza siriana, nota anche come \"bandiera della Siria libera\", presenta tre strisce orizzontali di colore verde, bianco e nero, con tre stelle rosse al centro. Utilizzata originariamente durante l'indipendenza della Siria nel 1932, questa bandiera \u00e8 diventata un simbolo dell'opposizione siriana e della lotta per la libert\u00e0. La striscia verde rappresenta la terra, il bianco simboleggia la pace e il nero riflette le lotte passate, mentre le stelle rosse significano sacrificio e speranza per una Siria libera.<\/p>\n<h3><strong>Versatilit\u00e0 d'uso<\/strong><\/h3>\n<p>Perfetta per manifestazioni, eventi culturali, esposizioni didattiche o collezioni personali, la bandiera dell'indipendenza siriana \u00e8 una rappresentazione significativa della lotta in corso per la libert\u00e0 e l'unit\u00e0. I suoi colori resistenti allo sbiadimento e il design robusto assicurano che rimanga vibrante e d'impatto nel tempo.<\/p>","protected":false},"excerpt":{"rendered":"<p>Bandiera di 150 x 90 cm con 2 robusti occhielli in metallo per un'appensione sicura.<\/p>","protected":false},"featured_media":1696,"comment_status":"open","ping_status":"closed","template":"","meta":{"_gspb_post_css":"","iawp_total_views":7},"product_brand":[],"product_cat":[60,58],"product_tag":[],"class_list":{"0":"post-2505","1":"product","2":"type-product","3":"status-publish","4":"has-post-thumbnail","6":"product_cat-africa-flags","7":"product_cat-country-flags","9":"first","10":"instock","11":"sale","12":"shipping-taxable","13":"purchasable","14":"product-type-simple"},"_links":{"self":[{"href":"https:\/\/cosmoflag.com\/it\/wp-json\/wp\/v2\/product\/2505","targetHints":{"allow":["GET"]}}],"collection":[{"href":"https:\/\/cosmoflag.com\/it\/wp-json\/wp\/v2\/product"}],"about":[{"href":"https:\/\/cosmoflag.com\/it\/wp-json\/wp\/v2\/types\/product"}],"replies":[{"embeddable":true,"href":"https:\/\/cosmoflag.com\/it\/wp-json\/wp\/v2\/comments?post=2505"}],"wp:featuredmedia":[{"embeddable":true,"href":"https:\/\/cosmoflag.com\/it\/wp-json\/wp\/v2\/media\/1696"}],"wp:attachment":[{"href":"https:\/\/cosmoflag.com\/it\/wp-json\/wp\/v2\/media?parent=2505"}],"wp:term":[{"taxonomy":"product_brand","embeddable":true,"href":"https:\/\/cosmoflag.com\/it\/wp-json\/wp\/v2\/product_brand?post=2505"},{"taxonomy":"product_cat","embeddable":true,"href":"https:\/\/cosmoflag.com\/it\/wp-json\/wp\/v2\/product_cat?post=2505"},{"taxonomy":"product_tag","embeddable":true,"href":"https:\/\/cosmoflag.com\/it\/wp-json\/wp\/v2\/product_tag?post=2505"}],"curies":[{"name":"wp","href":"https:\/\/api.w.org\/{rel}","templated":true}]}}