{"id":2497,"date":"2024-12-19T14:41:00","date_gmt":"2024-12-19T12:41:00","guid":{"rendered":"https:\/\/cosmoflag.com\/?post_type=product&#038;p=2497"},"modified":"2025-08-12T21:20:36","modified_gmt":"2025-08-12T19:20:36","slug":"bandiera-dello-yemen","status":"publish","type":"product","link":"https:\/\/cosmoflag.com\/it\/prodotto\/bandiera-dello-yemen\/","title":{"rendered":"Bandiera dello Yemen"},"content":{"rendered":"<h3><strong>Bandiera dello Yemen Caratteristiche<\/strong><\/h3>\n<p>La nostra bandiera dello Yemen \u00e8 realizzata in poliestere di alta qualit\u00e0, che ne garantisce la resistenza per un uso duraturo sia all'interno che all'esterno. \u00c8 dotata di occhielli in metallo per una facile installazione e una tenuta sicura, anche in condizioni atmosferiche avverse. Con dimensioni di 90 x 150 cm, questa bandiera assicura un'eccellente visibilit\u00e0 se esposta su pali, pareti o durante eventi nazionali.<\/p>\n<h3><strong>Un simbolo di unit\u00e0 e indipendenza<\/strong><\/h3>\n<p>La bandiera dello Yemen, adottata ufficialmente nel 1990 in seguito all'unificazione dello Yemen del Nord e dello Yemen del Sud, presenta tre strisce orizzontali di colore rosso, bianco e nero. Il rosso simboleggia il sangue di coloro che si sono sacrificati per l'indipendenza, il bianco rappresenta la speranza e un futuro luminoso, mentre il nero indica le lotte storiche del Paese. Questo disegno semplice ma significativo incarna l'orgoglio e le aspirazioni dello Yemen.<\/p>\n<h3><strong>Versatilit\u00e0 d'uso<\/strong><\/h3>\n<p>Perfetta per le celebrazioni nazionali, gli eventi culturali, gli scopi educativi o come parte di una collezione personale, la bandiera dello Yemen \u00e8 una rappresentazione significativa dell'identit\u00e0 e del patrimonio del Paese. Il suo design robusto e i colori resistenti allo sbiadimento garantiscono che mantenga la sua vivacit\u00e0 e il suo significato nel tempo.<\/p>","protected":false},"excerpt":{"rendered":"<p>Bandiera di 150 x 90 cm con 2 robusti occhielli in metallo per un'appensione sicura.<\/p>","protected":false},"featured_media":1782,"comment_status":"open","ping_status":"closed","template":"","meta":{"_gspb_post_css":"","iawp_total_views":0},"product_brand":[],"product_cat":[66,58],"product_tag":[],"class_list":{"0":"post-2497","1":"product","2":"type-product","3":"status-publish","4":"has-post-thumbnail","6":"product_cat-middle-east-flags","7":"product_cat-country-flags","9":"first","10":"instock","11":"sale","12":"shipping-taxable","13":"purchasable","14":"product-type-simple"},"_links":{"self":[{"href":"https:\/\/cosmoflag.com\/it\/wp-json\/wp\/v2\/product\/2497","targetHints":{"allow":["GET"]}}],"collection":[{"href":"https:\/\/cosmoflag.com\/it\/wp-json\/wp\/v2\/product"}],"about":[{"href":"https:\/\/cosmoflag.com\/it\/wp-json\/wp\/v2\/types\/product"}],"replies":[{"embeddable":true,"href":"https:\/\/cosmoflag.com\/it\/wp-json\/wp\/v2\/comments?post=2497"}],"wp:featuredmedia":[{"embeddable":true,"href":"https:\/\/cosmoflag.com\/it\/wp-json\/wp\/v2\/media\/1782"}],"wp:attachment":[{"href":"https:\/\/cosmoflag.com\/it\/wp-json\/wp\/v2\/media?parent=2497"}],"wp:term":[{"taxonomy":"product_brand","embeddable":true,"href":"https:\/\/cosmoflag.com\/it\/wp-json\/wp\/v2\/product_brand?post=2497"},{"taxonomy":"product_cat","embeddable":true,"href":"https:\/\/cosmoflag.com\/it\/wp-json\/wp\/v2\/product_cat?post=2497"},{"taxonomy":"product_tag","embeddable":true,"href":"https:\/\/cosmoflag.com\/it\/wp-json\/wp\/v2\/product_tag?post=2497"}],"curies":[{"name":"wp","href":"https:\/\/api.w.org\/{rel}","templated":true}]}}