{"id":2495,"date":"2024-12-19T14:34:00","date_gmt":"2024-12-19T12:34:00","guid":{"rendered":"https:\/\/cosmoflag.com\/?post_type=product&#038;p=2495"},"modified":"2025-08-12T21:20:37","modified_gmt":"2025-08-12T19:20:37","slug":"bandiera-delle-isole-cook","status":"publish","type":"product","link":"https:\/\/cosmoflag.com\/it\/prodotto\/bandiera-delle-isole-cook\/","title":{"rendered":"Bandiera delle Isole Cook"},"content":{"rendered":"<h3><strong>Caratteristiche della bandiera delle Isole Cook<\/strong><\/h3>\n<p>La nostra bandiera delle Isole Cook \u00e8 realizzata in poliestere di alta qualit\u00e0, per garantire una lunga durata sia in interni che in esterni. \u00c8 dotata di occhielli in metallo per una facile installazione e una tenuta sicura, anche in condizioni atmosferiche avverse. Con dimensioni di 90 x 150 cm, questa bandiera offre un'eccellente visibilit\u00e0 per essere esposta su pali, pareti o durante le celebrazioni culturali.<\/p>\n<h3><strong>Un simbolo di eredit\u00e0 e unit\u00e0<\/strong><\/h3>\n<p>La bandiera delle Isole Cook, adottata ufficialmente nel 1979, combina elementi dell'identit\u00e0 culturale e dei legami storici della nazione. Presenta un campo blu che simboleggia l'oceano, con 15 stelle bianche disposte in cerchio, che rappresentano le 15 isole che compongono le Isole Cook. La Union Jack nell'angolo superiore sinistro riflette il legame storico della nazione con la Gran Bretagna e simboleggia il suo status di territorio autogovernato all'interno del Commonwealth.<\/p>\n<h3><strong>Versatilit\u00e0 d'uso<\/strong><\/h3>\n<p>Perfetta per celebrazioni nazionali, eventi culturali, scopi educativi o collezioni personali, la bandiera delle Isole Cook \u00e8 una rappresentazione significativa della storia e dell'orgoglio della nazione. I suoi colori resistenti allo sbiadimento e il design robusto assicurano che rimanga vibrante e d'impatto nel tempo.<\/p>","protected":false},"excerpt":{"rendered":"<p>Bandiera di 150 x 90 cm con 2 robusti occhielli in metallo per un'appensione sicura.<\/p>","protected":false},"featured_media":1867,"comment_status":"open","ping_status":"closed","template":"","meta":{"_gspb_post_css":"","iawp_total_views":1},"product_brand":[],"product_cat":[67,58],"product_tag":[],"class_list":{"0":"post-2495","1":"product","2":"type-product","3":"status-publish","4":"has-post-thumbnail","6":"product_cat-oceania-flag","7":"product_cat-country-flags","9":"first","10":"instock","11":"sale","12":"shipping-taxable","13":"purchasable","14":"product-type-simple"},"_links":{"self":[{"href":"https:\/\/cosmoflag.com\/it\/wp-json\/wp\/v2\/product\/2495","targetHints":{"allow":["GET"]}}],"collection":[{"href":"https:\/\/cosmoflag.com\/it\/wp-json\/wp\/v2\/product"}],"about":[{"href":"https:\/\/cosmoflag.com\/it\/wp-json\/wp\/v2\/types\/product"}],"replies":[{"embeddable":true,"href":"https:\/\/cosmoflag.com\/it\/wp-json\/wp\/v2\/comments?post=2495"}],"wp:featuredmedia":[{"embeddable":true,"href":"https:\/\/cosmoflag.com\/it\/wp-json\/wp\/v2\/media\/1867"}],"wp:attachment":[{"href":"https:\/\/cosmoflag.com\/it\/wp-json\/wp\/v2\/media?parent=2495"}],"wp:term":[{"taxonomy":"product_brand","embeddable":true,"href":"https:\/\/cosmoflag.com\/it\/wp-json\/wp\/v2\/product_brand?post=2495"},{"taxonomy":"product_cat","embeddable":true,"href":"https:\/\/cosmoflag.com\/it\/wp-json\/wp\/v2\/product_cat?post=2495"},{"taxonomy":"product_tag","embeddable":true,"href":"https:\/\/cosmoflag.com\/it\/wp-json\/wp\/v2\/product_tag?post=2495"}],"curies":[{"name":"wp","href":"https:\/\/api.w.org\/{rel}","templated":true}]}}