{"id":2494,"date":"2024-12-19T14:31:00","date_gmt":"2024-12-19T12:31:00","guid":{"rendered":"https:\/\/cosmoflag.com\/?post_type=product&#038;p=2494"},"modified":"2025-08-12T21:20:37","modified_gmt":"2025-08-12T19:20:37","slug":"bandiera-per-immersione","status":"publish","type":"product","link":"https:\/\/cosmoflag.com\/it\/prodotto\/bandiera-per-immersione\/","title":{"rendered":"Bandiera di immersione"},"content":{"rendered":"<h3><strong>Caratteristiche della bandiera subacquea<\/strong><\/h3>\n<p>La nostra bandiera subacquea \u00e8 realizzata in poliestere di prima qualit\u00e0, che garantisce un'eccellente durata per l'uso in ambienti interni ed esterni. \u00c8 dotata di occhielli in metallo per una facile installazione e un fissaggio sicuro a pali o barche. Con una dimensione di 90 x 150 cm, questa bandiera offre una visibilit\u00e0 eccezionale anche a distanza, rendendola uno strumento di sicurezza essenziale per le attivit\u00e0 subacquee.<\/p>\n<h3><strong>Un simbolo universale di sicurezza<\/strong><\/h3>\n<p>La bandiera subacquea rossa con una striscia bianca diagonale \u00e8 un simbolo riconosciuto a livello mondiale per le attivit\u00e0 di immersione e snorkeling. Segnala la presenza di subacquei sotto la superficie e avverte le imbarcazioni e i natanti vicini di mantenere una distanza di sicurezza. Questa bandiera \u00e8 un requisito di sicurezza fondamentale per i subacquei, in quanto garantisce un'interazione sicura e rispettosa con gli ambienti marini.<\/p>\n<h3><strong>Versatilit\u00e0 d'uso<\/strong><\/h3>\n<p>Perfetta per le barche da immersione, le imbarcazioni private o i programmi didattici di immersione, la bandiera subacquea \u00e8 un must per chiunque partecipi ad attivit\u00e0 subacquee. Il design robusto e i colori resistenti allo sbiadimento garantiscono prestazioni affidabili e una visibilit\u00e0 duratura anche in condizioni marine difficili.<\/p>","protected":false},"excerpt":{"rendered":"<p>Bandiera di 150 x 90 cm con 2 robusti occhielli in metallo per un'appensione sicura.<\/p>","protected":false},"featured_media":1869,"comment_status":"open","ping_status":"closed","template":"","meta":{"_gspb_post_css":"","iawp_total_views":12},"product_brand":[],"product_cat":[68],"product_tag":[],"class_list":{"0":"post-2494","1":"product","2":"type-product","3":"status-publish","4":"has-post-thumbnail","6":"product_cat-official-flags","8":"first","9":"instock","10":"sale","11":"shipping-taxable","12":"purchasable","13":"product-type-simple"},"_links":{"self":[{"href":"https:\/\/cosmoflag.com\/it\/wp-json\/wp\/v2\/product\/2494","targetHints":{"allow":["GET"]}}],"collection":[{"href":"https:\/\/cosmoflag.com\/it\/wp-json\/wp\/v2\/product"}],"about":[{"href":"https:\/\/cosmoflag.com\/it\/wp-json\/wp\/v2\/types\/product"}],"replies":[{"embeddable":true,"href":"https:\/\/cosmoflag.com\/it\/wp-json\/wp\/v2\/comments?post=2494"}],"wp:featuredmedia":[{"embeddable":true,"href":"https:\/\/cosmoflag.com\/it\/wp-json\/wp\/v2\/media\/1869"}],"wp:attachment":[{"href":"https:\/\/cosmoflag.com\/it\/wp-json\/wp\/v2\/media?parent=2494"}],"wp:term":[{"taxonomy":"product_brand","embeddable":true,"href":"https:\/\/cosmoflag.com\/it\/wp-json\/wp\/v2\/product_brand?post=2494"},{"taxonomy":"product_cat","embeddable":true,"href":"https:\/\/cosmoflag.com\/it\/wp-json\/wp\/v2\/product_cat?post=2494"},{"taxonomy":"product_tag","embeddable":true,"href":"https:\/\/cosmoflag.com\/it\/wp-json\/wp\/v2\/product_tag?post=2494"}],"curies":[{"name":"wp","href":"https:\/\/api.w.org\/{rel}","templated":true}]}}