{"id":2487,"date":"2024-12-19T14:03:00","date_gmt":"2024-12-19T12:03:00","guid":{"rendered":"https:\/\/cosmoflag.com\/?post_type=product&#038;p=2487"},"modified":"2025-08-12T21:20:39","modified_gmt":"2025-08-12T19:20:39","slug":"bandiera-haitiana","status":"publish","type":"product","link":"https:\/\/cosmoflag.com\/it\/prodotto\/bandiera-haitiana\/","title":{"rendered":"Bandiera di Haiti"},"content":{"rendered":"<h3><strong>Caratteristiche della bandiera di Haiti<\/strong><\/h3>\n<p>La nostra bandiera di Haiti \u00e8 realizzata in poliestere di prima qualit\u00e0, per garantire una lunga durata sia all'interno che all'esterno. \u00c8 dotata di occhielli in metallo per una facile installazione e una tenuta sicura, anche in condizioni atmosferiche difficili. Con una dimensione di 90 x 150 cm, questa bandiera offre un'eccellente visibilit\u00e0, sia che venga esposta su un'asta, su una parete o durante le celebrazioni nazionali.<\/p>\n<h3><strong>Un simbolo di orgoglio e libert\u00e0<\/strong><\/h3>\n<p>La bandiera di Haiti, adottata ufficialmente nel 1986, presenta due bande orizzontali di colore blu e rosso, che simboleggiano unit\u00e0 e forza. Al centro si trova lo stemma del Paese su un pannello bianco, che mostra la famosa palma sormontata dal berretto frigio, simbolo di libert\u00e0. Cannoni, bandiere e altri simboli dell'indipendenza circondano l'albero, commemorando la lotta di Haiti per la libert\u00e0 come prima repubblica nera indipendente.<\/p>\n<h3><strong>Versatilit\u00e0 d'uso<\/strong><\/h3>\n<p>Perfetta per le celebrazioni nazionali, gli eventi culturali, gli scopi educativi o come parte di una collezione personale, la bandiera di Haiti \u00e8 una rappresentazione significativa della storia e dell'identit\u00e0 del Paese. Il suo design robusto e i colori resistenti allo sbiadimento assicurano che la bandiera mantenga il suo significato simbolico e il suo impatto visivo nel tempo.<\/p>","protected":false},"excerpt":{"rendered":"<p>Bandiera di 150 x 90 cm con 2 robusti occhielli in metallo per un'appensione sicura.<\/p>","protected":false},"featured_media":1963,"comment_status":"open","ping_status":"closed","template":"","meta":{"_gspb_post_css":"","iawp_total_views":11},"product_brand":[],"product_cat":[62,58],"product_tag":[],"class_list":{"0":"post-2487","1":"product","2":"type-product","3":"status-publish","4":"has-post-thumbnail","6":"product_cat-north-america-flags","7":"product_cat-country-flags","9":"first","10":"instock","11":"sale","12":"shipping-taxable","13":"purchasable","14":"product-type-simple"},"_links":{"self":[{"href":"https:\/\/cosmoflag.com\/it\/wp-json\/wp\/v2\/product\/2487","targetHints":{"allow":["GET"]}}],"collection":[{"href":"https:\/\/cosmoflag.com\/it\/wp-json\/wp\/v2\/product"}],"about":[{"href":"https:\/\/cosmoflag.com\/it\/wp-json\/wp\/v2\/types\/product"}],"replies":[{"embeddable":true,"href":"https:\/\/cosmoflag.com\/it\/wp-json\/wp\/v2\/comments?post=2487"}],"wp:featuredmedia":[{"embeddable":true,"href":"https:\/\/cosmoflag.com\/it\/wp-json\/wp\/v2\/media\/1963"}],"wp:attachment":[{"href":"https:\/\/cosmoflag.com\/it\/wp-json\/wp\/v2\/media?parent=2487"}],"wp:term":[{"taxonomy":"product_brand","embeddable":true,"href":"https:\/\/cosmoflag.com\/it\/wp-json\/wp\/v2\/product_brand?post=2487"},{"taxonomy":"product_cat","embeddable":true,"href":"https:\/\/cosmoflag.com\/it\/wp-json\/wp\/v2\/product_cat?post=2487"},{"taxonomy":"product_tag","embeddable":true,"href":"https:\/\/cosmoflag.com\/it\/wp-json\/wp\/v2\/product_tag?post=2487"}],"curies":[{"name":"wp","href":"https:\/\/api.w.org\/{rel}","templated":true}]}}