{"id":2481,"date":"2024-12-19T13:41:00","date_gmt":"2024-12-19T11:41:00","guid":{"rendered":"https:\/\/cosmoflag.com\/?post_type=product&#038;p=2481"},"modified":"2025-08-12T21:20:41","modified_gmt":"2025-08-12T19:20:41","slug":"bandiera-del-nepal","status":"publish","type":"product","link":"https:\/\/cosmoflag.com\/it\/prodotto\/bandiera-del-nepal\/","title":{"rendered":"Bandiera del Nepal"},"content":{"rendered":"<h3><strong>Bandiera del Nepal Caratteristiche<\/strong><\/h3>\n<p>La nostra bandiera del Nepal \u00e8 realizzata in poliestere di prima qualit\u00e0, che garantisce durata e resistenza per uso interno ed esterno. Dotata di occhielli in metallo, \u00e8 facile da installare e rimane ben salda, anche in condizioni atmosferiche difficili. Con le sue dimensioni di 90 x 150 cm, questa bandiera offre un'eccellente visibilit\u00e0, rendendola perfetta per pali, pareti o eventi pubblici.<\/p>\n<h3><strong>Un simbolo nazionale davvero unico<\/strong><\/h3>\n<p>La bandiera del Nepal, adottata nel 1962, \u00e8 l'unica bandiera nazionale non rettangolare al mondo e consiste in due triangoli sovrapposti. Il triangolo superiore \u00e8 caratterizzato da una luna bianca, mentre quello inferiore mostra un sole bianco, che rappresenta pace e armonia. Il rosso simboleggia il coraggio e il bordo blu la pace. Questo disegno distintivo riflette il ricco patrimonio culturale del Nepal e il suo legame con l'Himalaya.<\/p>\n<h3><strong>Versatilit\u00e0 d'uso<\/strong><\/h3>\n<p>Ideale per eventi culturali, celebrazioni nazionali, esposizioni didattiche o collezioni personali, la bandiera del Nepal \u00e8 un potente simbolo di identit\u00e0 e orgoglio. I suoi colori resistenti allo sbiadimento e il design robusto garantiscono un impatto visivo e un significato duraturi.<\/p>","protected":false},"excerpt":{"rendered":"<p>Bandiera di 150 x 90 cm con 2 robusti occhielli in metallo per un'appensione sicura.<\/p>","protected":false},"featured_media":2076,"comment_status":"open","ping_status":"closed","template":"","meta":{"_gspb_post_css":"","iawp_total_views":22},"product_brand":[],"product_cat":[64,58],"product_tag":[],"class_list":{"0":"post-2481","1":"product","2":"type-product","3":"status-publish","4":"has-post-thumbnail","6":"product_cat-asia-flags","7":"product_cat-country-flags","9":"first","10":"instock","11":"sale","12":"shipping-taxable","13":"purchasable","14":"product-type-simple"},"_links":{"self":[{"href":"https:\/\/cosmoflag.com\/it\/wp-json\/wp\/v2\/product\/2481","targetHints":{"allow":["GET"]}}],"collection":[{"href":"https:\/\/cosmoflag.com\/it\/wp-json\/wp\/v2\/product"}],"about":[{"href":"https:\/\/cosmoflag.com\/it\/wp-json\/wp\/v2\/types\/product"}],"replies":[{"embeddable":true,"href":"https:\/\/cosmoflag.com\/it\/wp-json\/wp\/v2\/comments?post=2481"}],"wp:featuredmedia":[{"embeddable":true,"href":"https:\/\/cosmoflag.com\/it\/wp-json\/wp\/v2\/media\/2076"}],"wp:attachment":[{"href":"https:\/\/cosmoflag.com\/it\/wp-json\/wp\/v2\/media?parent=2481"}],"wp:term":[{"taxonomy":"product_brand","embeddable":true,"href":"https:\/\/cosmoflag.com\/it\/wp-json\/wp\/v2\/product_brand?post=2481"},{"taxonomy":"product_cat","embeddable":true,"href":"https:\/\/cosmoflag.com\/it\/wp-json\/wp\/v2\/product_cat?post=2481"},{"taxonomy":"product_tag","embeddable":true,"href":"https:\/\/cosmoflag.com\/it\/wp-json\/wp\/v2\/product_tag?post=2481"}],"curies":[{"name":"wp","href":"https:\/\/api.w.org\/{rel}","templated":true}]}}