{"id":2459,"date":"2024-12-16T14:49:00","date_gmt":"2024-12-16T12:49:00","guid":{"rendered":"https:\/\/cosmoflag.com\/?post_type=product&#038;p=2459"},"modified":"2025-08-12T21:20:48","modified_gmt":"2025-08-12T19:20:48","slug":"bandiera-ussr","status":"publish","type":"product","link":"https:\/\/cosmoflag.com\/it\/prodotto\/bandiera-ussr\/","title":{"rendered":"Bandiera dell'URSS"},"content":{"rendered":"<h3><strong>Bandiera dell'URSS Caratteristiche<\/strong><\/h3>\n<p>La nostra bandiera dell'Unione delle Repubbliche Socialiste Sovietiche \u00e8 realizzata in poliestere di alta qualit\u00e0, ideale per un uso duraturo, sia all'interno che all'esterno. \u00c8 dotata di occhielli in metallo per una facile installazione e una tenuta garantita, anche in condizioni atmosferiche avverse. Disponibile in un formato di 90 x 150 cm\/35 x 59 pollici per la massima visibilit\u00e0, la nostra bandiera soddisfa diverse esigenze, sia che vogliate esporla su un'asta o su una parete.<\/p>\n<h3><strong>Un simbolo di eredit\u00e0 storica<\/strong><\/h3>\n<p>La bandiera dell'Unione delle Repubbliche Socialiste Sovietiche, con il suo iconico sfondo rosso e l'emblema dorato della falce e martello sormontato da una stella, rappresenta un potente simbolo dell'Unione Sovietica. Adottata ufficialmente nel 1923, racchiude l'unit\u00e0 di operai e contadini, incarnando gli ideali del socialismo. Il rosso simboleggia la rivoluzione, mentre la falce e il martello indicano l'industria e l'agricoltura, che costituiscono le fondamenta della societ\u00e0 sovietica.<\/p>\n<h3><strong>Versatilit\u00e0 d'uso<\/strong><\/h3>\n<p>Che si tratti di rievocazioni storiche, eventi a tema, esposizioni didattiche o collezioni personali, la bandiera dell'URSS \u00e8 un pezzo significativo della storia. Il suo design robusto e i colori resistenti allo sbiadimento garantiscono che la bandiera mantenga il suo significato simbolico e il suo impatto visivo nel tempo.<\/p>","protected":false},"excerpt":{"rendered":"<p>Bandiera di 150 x 90 cm con 2 robusti occhielli in metallo per un'appensione sicura.<\/p>","protected":false},"featured_media":2460,"comment_status":"open","ping_status":"closed","template":"","meta":{"_gspb_post_css":"","iawp_total_views":61},"product_brand":[],"product_cat":[69],"product_tag":[],"class_list":{"0":"post-2459","1":"product","2":"type-product","3":"status-publish","4":"has-post-thumbnail","6":"product_cat-historical-flags","8":"first","9":"instock","10":"sale","11":"shipping-taxable","12":"purchasable","13":"product-type-simple"},"_links":{"self":[{"href":"https:\/\/cosmoflag.com\/it\/wp-json\/wp\/v2\/product\/2459","targetHints":{"allow":["GET"]}}],"collection":[{"href":"https:\/\/cosmoflag.com\/it\/wp-json\/wp\/v2\/product"}],"about":[{"href":"https:\/\/cosmoflag.com\/it\/wp-json\/wp\/v2\/types\/product"}],"replies":[{"embeddable":true,"href":"https:\/\/cosmoflag.com\/it\/wp-json\/wp\/v2\/comments?post=2459"}],"wp:featuredmedia":[{"embeddable":true,"href":"https:\/\/cosmoflag.com\/it\/wp-json\/wp\/v2\/media\/2460"}],"wp:attachment":[{"href":"https:\/\/cosmoflag.com\/it\/wp-json\/wp\/v2\/media?parent=2459"}],"wp:term":[{"taxonomy":"product_brand","embeddable":true,"href":"https:\/\/cosmoflag.com\/it\/wp-json\/wp\/v2\/product_brand?post=2459"},{"taxonomy":"product_cat","embeddable":true,"href":"https:\/\/cosmoflag.com\/it\/wp-json\/wp\/v2\/product_cat?post=2459"},{"taxonomy":"product_tag","embeddable":true,"href":"https:\/\/cosmoflag.com\/it\/wp-json\/wp\/v2\/product_tag?post=2459"}],"curies":[{"name":"wp","href":"https:\/\/api.w.org\/{rel}","templated":true}]}}