{"id":2457,"date":"2024-12-16T14:46:00","date_gmt":"2024-12-16T12:46:00","guid":{"rendered":"https:\/\/cosmoflag.com\/?post_type=product&#038;p=2457"},"modified":"2025-08-12T21:20:49","modified_gmt":"2025-08-12T19:20:49","slug":"bandiera-comunista","status":"publish","type":"product","link":"https:\/\/cosmoflag.com\/it\/prodotto\/bandiera-comunista\/","title":{"rendered":"Bandiera comunista"},"content":{"rendered":"<h3><strong>Caratteristiche della bandiera comunista<\/strong><\/h3>\n<p>La nostra bandiera del comunista \u00e8 realizzata in poliestere di alta qualit\u00e0, che garantisce durata e resistenza per uso interno ed esterno. \u00c8 dotata di occhielli in metallo per una facile installazione e una tenuta affidabile, anche in condizioni atmosferiche difficili. Con una dimensione di 90 x 150 cm\/35 x 59 pollici, questa bandiera offre un'eccellente visibilit\u00e0, sia che venga esposta su un'asta, su una parete o durante gli incontri pubblici.<\/p>\n<h3><strong>Un simbolo di rivoluzione e unit\u00e0<\/strong><\/h3>\n<p>La bandiera comunista, con il suo audace sfondo rosso e la falce e martello dorati, rappresenta l'unit\u00e0 di operai e contadini. Radicata nella storia rivoluzionaria, il rosso simboleggia i sacrifici fatti per la libert\u00e0 e l'uguaglianza, mentre la falce e il martello indicano la collaborazione tra industria e agricoltura. Questa bandiera \u00e8 stata un potente emblema dei movimenti sociali e politici in tutto il mondo.<\/p>\n<h3><strong>Versatilit\u00e0 d'uso<\/strong><\/h3>\n<p>Perfetta per raduni, eventi storici, scopi educativi o come parte di una collezione personale, la bandiera comunista \u00e8 una rappresentazione significativa degli ideali collettivi. Il suo design robusto e i colori resistenti allo sbiadimento assicurano che rimanga visivamente d'impatto e simbolicamente rilevante nel tempo.<\/p>","protected":false},"excerpt":{"rendered":"<p>Bandiera di 150 x 90 cm con 2 robusti occhielli in metallo per un'appensione sicura.<\/p>","protected":false},"featured_media":2458,"comment_status":"open","ping_status":"closed","template":"","meta":{"_gspb_post_css":"","iawp_total_views":161},"product_brand":[],"product_cat":[69],"product_tag":[],"class_list":{"0":"post-2457","1":"product","2":"type-product","3":"status-publish","4":"has-post-thumbnail","6":"product_cat-historical-flags","8":"first","9":"instock","10":"sale","11":"shipping-taxable","12":"purchasable","13":"product-type-simple"},"_links":{"self":[{"href":"https:\/\/cosmoflag.com\/it\/wp-json\/wp\/v2\/product\/2457","targetHints":{"allow":["GET"]}}],"collection":[{"href":"https:\/\/cosmoflag.com\/it\/wp-json\/wp\/v2\/product"}],"about":[{"href":"https:\/\/cosmoflag.com\/it\/wp-json\/wp\/v2\/types\/product"}],"replies":[{"embeddable":true,"href":"https:\/\/cosmoflag.com\/it\/wp-json\/wp\/v2\/comments?post=2457"}],"wp:featuredmedia":[{"embeddable":true,"href":"https:\/\/cosmoflag.com\/it\/wp-json\/wp\/v2\/media\/2458"}],"wp:attachment":[{"href":"https:\/\/cosmoflag.com\/it\/wp-json\/wp\/v2\/media?parent=2457"}],"wp:term":[{"taxonomy":"product_brand","embeddable":true,"href":"https:\/\/cosmoflag.com\/it\/wp-json\/wp\/v2\/product_brand?post=2457"},{"taxonomy":"product_cat","embeddable":true,"href":"https:\/\/cosmoflag.com\/it\/wp-json\/wp\/v2\/product_cat?post=2457"},{"taxonomy":"product_tag","embeddable":true,"href":"https:\/\/cosmoflag.com\/it\/wp-json\/wp\/v2\/product_tag?post=2457"}],"curies":[{"name":"wp","href":"https:\/\/api.w.org\/{rel}","templated":true}]}}