{"id":2452,"date":"2024-12-16T14:21:00","date_gmt":"2024-12-16T12:21:00","guid":{"rendered":"https:\/\/cosmoflag.com\/?post_type=product&#038;p=2452"},"modified":"2025-08-12T21:20:50","modified_gmt":"2025-08-12T19:20:50","slug":"bandiera-slovacca","status":"publish","type":"product","link":"https:\/\/cosmoflag.com\/it\/prodotto\/bandiera-slovacca\/","title":{"rendered":"Bandiera della Slovacchia"},"content":{"rendered":"<h3>Caratteristiche della bandiera slovacca<\/h3>\n<p>La nostra bandiera della Slovacchia \u00e8 realizzata in poliestere di alta qualit\u00e0, ideale per un uso durevole in interni ed esterni. \u00c8 dotata di occhielli in metallo per una facile installazione e una tenuta garantita, anche in condizioni atmosferiche avverse. Disponibile nel formato 90 x 150 cm\/35 x 59 pollici per la massima visibilit\u00e0, la nostra bandiera soddisfa diverse esigenze, sia che vogliate esporla su un'asta o su una parete.<\/p>\n<h3>Un simbolo nazionale ricco di storia<\/h3>\n<p>La bandiera della Slovacchia, con le sue strisce orizzontali bianche, blu e rosse e lo stemma nazionale sulla striscia bianca, \u00e8 molto pi\u00f9 di un semplice vessillo nazionale. Adottata nel 1993 dopo la dissoluzione della Cecoslovacchia, la bandiera si basa sui tradizionali colori panslavi. Lo stemma, caratterizzato da una doppia croce su una montagna a tre colline, simboleggia sia la fede cristiana sia il paesaggio montuoso della Slovacchia. Questa bandiera non \u00e8 solo un elemento decorativo, ma incarna la storia, la sovranit\u00e0 e i valori culturali del popolo slovacco.<\/p>\n<h3>Versatilit\u00e0 di utilizzo<\/h3>\n<p>Che si tratti di celebrazioni nazionali, eventi sportivi o scopi educativi, la bandiera slovacca \u00e8 adatta a tutte le occasioni. Il suo design robusto e i colori resistenti allo sbiadimento assicurano che la bandiera mantenga il suo significato e il suo impatto visivo nel tempo.<\/p>","protected":false},"excerpt":{"rendered":"<p>Bandiera di 150 x 90 cm con 2 robusti occhielli in metallo per un'appensione sicura.<\/p>","protected":false},"featured_media":2170,"comment_status":"open","ping_status":"closed","template":"","meta":{"_gspb_post_css":"","iawp_total_views":7},"product_brand":[],"product_cat":[65,58],"product_tag":[],"class_list":{"0":"post-2452","1":"product","2":"type-product","3":"status-publish","4":"has-post-thumbnail","6":"product_cat-europe-flags","7":"product_cat-country-flags","9":"first","10":"instock","11":"sale","12":"shipping-taxable","13":"purchasable","14":"product-type-simple"},"_links":{"self":[{"href":"https:\/\/cosmoflag.com\/it\/wp-json\/wp\/v2\/product\/2452","targetHints":{"allow":["GET"]}}],"collection":[{"href":"https:\/\/cosmoflag.com\/it\/wp-json\/wp\/v2\/product"}],"about":[{"href":"https:\/\/cosmoflag.com\/it\/wp-json\/wp\/v2\/types\/product"}],"replies":[{"embeddable":true,"href":"https:\/\/cosmoflag.com\/it\/wp-json\/wp\/v2\/comments?post=2452"}],"wp:featuredmedia":[{"embeddable":true,"href":"https:\/\/cosmoflag.com\/it\/wp-json\/wp\/v2\/media\/2170"}],"wp:attachment":[{"href":"https:\/\/cosmoflag.com\/it\/wp-json\/wp\/v2\/media?parent=2452"}],"wp:term":[{"taxonomy":"product_brand","embeddable":true,"href":"https:\/\/cosmoflag.com\/it\/wp-json\/wp\/v2\/product_brand?post=2452"},{"taxonomy":"product_cat","embeddable":true,"href":"https:\/\/cosmoflag.com\/it\/wp-json\/wp\/v2\/product_cat?post=2452"},{"taxonomy":"product_tag","embeddable":true,"href":"https:\/\/cosmoflag.com\/it\/wp-json\/wp\/v2\/product_tag?post=2452"}],"curies":[{"name":"wp","href":"https:\/\/api.w.org\/{rel}","templated":true}]}}