{"id":2445,"date":"2024-12-16T13:56:00","date_gmt":"2024-12-16T11:56:00","guid":{"rendered":"https:\/\/cosmoflag.com\/?post_type=product&#038;p=2445"},"modified":"2025-08-12T21:20:54","modified_gmt":"2025-08-12T19:20:54","slug":"bandiera-del-libano","status":"publish","type":"product","link":"https:\/\/cosmoflag.com\/it\/prodotto\/bandiera-del-libano\/","title":{"rendered":"Bandiera del Libano"},"content":{"rendered":"<h3>Caratteristiche della bandiera del Libano<\/h3>\n<p>La nostra bandiera del Libano \u00e8 realizzata in poliestere di alta qualit\u00e0, ideale per un uso duraturo, sia all'interno che all'esterno. \u00c8 dotata di occhielli in metallo per una facile installazione e una tenuta sicura, anche in condizioni atmosferiche avverse. Disponibile nel formato 90 x 150 cm\/35 x 59 pollici per la massima visibilit\u00e0, la nostra bandiera soddisfa diverse esigenze, sia che vogliate esporla su un'asta o su una parete.<\/p>\n<h3>Un simbolo nazionale ricco di storia<\/h3>\n<p>La bandiera del Libano, con le sue due strisce rosse orizzontali che incorniciano una striscia bianca centrale in cui \u00e8 inserito un cedro verde, \u00e8 molto pi\u00f9 di un semplice vessillo nazionale. Adottata nel 1943, il rosso simboleggia il sangue versato per l'indipendenza, il bianco rappresenta la pace e la purezza delle montagne innevate del Paese e il cedro verde \u00e8 un simbolo di santit\u00e0, pace ed eternit\u00e0, profondamente radicato nella storia e nella cultura libanese. Questa bandiera non \u00e8 solo un elemento decorativo, ma incarna la storia, la diversit\u00e0 e le aspirazioni del popolo libanese.<\/p>\n<h3>Versatilit\u00e0 di utilizzo<\/h3>\n<p>Che si tratti di celebrazioni nazionali, eventi culturali o scopi educativi, la bandiera libanese \u00e8 adatta a tutte le occasioni. Il suo design robusto e i colori resistenti allo sbiadimento garantiscono che la bandiera mantenga il suo significato e il suo impatto visivo nel tempo.<\/p>","protected":false},"excerpt":{"rendered":"<p>Bandiera di 150 x 90 cm con 2 robusti occhielli in metallo per un'appensione sicura.<\/p>","protected":false},"featured_media":2047,"comment_status":"open","ping_status":"closed","template":"","meta":{"_gspb_post_css":"","iawp_total_views":32},"product_brand":[],"product_cat":[66,58],"product_tag":[],"class_list":{"0":"post-2445","1":"product","2":"type-product","3":"status-publish","4":"has-post-thumbnail","6":"product_cat-middle-east-flags","7":"product_cat-country-flags","9":"first","10":"instock","11":"sale","12":"shipping-taxable","13":"purchasable","14":"product-type-simple"},"_links":{"self":[{"href":"https:\/\/cosmoflag.com\/it\/wp-json\/wp\/v2\/product\/2445","targetHints":{"allow":["GET"]}}],"collection":[{"href":"https:\/\/cosmoflag.com\/it\/wp-json\/wp\/v2\/product"}],"about":[{"href":"https:\/\/cosmoflag.com\/it\/wp-json\/wp\/v2\/types\/product"}],"replies":[{"embeddable":true,"href":"https:\/\/cosmoflag.com\/it\/wp-json\/wp\/v2\/comments?post=2445"}],"wp:featuredmedia":[{"embeddable":true,"href":"https:\/\/cosmoflag.com\/it\/wp-json\/wp\/v2\/media\/2047"}],"wp:attachment":[{"href":"https:\/\/cosmoflag.com\/it\/wp-json\/wp\/v2\/media?parent=2445"}],"wp:term":[{"taxonomy":"product_brand","embeddable":true,"href":"https:\/\/cosmoflag.com\/it\/wp-json\/wp\/v2\/product_brand?post=2445"},{"taxonomy":"product_cat","embeddable":true,"href":"https:\/\/cosmoflag.com\/it\/wp-json\/wp\/v2\/product_cat?post=2445"},{"taxonomy":"product_tag","embeddable":true,"href":"https:\/\/cosmoflag.com\/it\/wp-json\/wp\/v2\/product_tag?post=2445"}],"curies":[{"name":"wp","href":"https:\/\/api.w.org\/{rel}","templated":true}]}}