{"id":2438,"date":"2024-12-16T13:29:00","date_gmt":"2024-12-16T11:29:00","guid":{"rendered":"https:\/\/cosmoflag.com\/?post_type=product&#038;p=2438"},"modified":"2025-08-12T21:20:56","modified_gmt":"2025-08-12T19:20:56","slug":"bandiera-svedese","status":"publish","type":"product","link":"https:\/\/cosmoflag.com\/it\/prodotto\/bandiera-svedese\/","title":{"rendered":"Bandiera della Svezia"},"content":{"rendered":"<h3>Caratteristiche della bandiera della Svezia<\/h3>\n<p>La nostra bandiera della Svezia \u00e8 realizzata in poliestere di alta qualit\u00e0, ideale per un uso durevole in interni ed esterni. \u00c8 dotata di occhielli in metallo per una facile installazione e una tenuta garantita, anche in condizioni atmosferiche avverse. Disponibile nel formato 90 x 150 cm\/35 x 59 pollici per la massima visibilit\u00e0, la nostra bandiera soddisfa diverse esigenze, sia che vogliate esporla su un'asta o su una parete.<\/p>\n<h3>Un simbolo nazionale ricco di storia<\/h3>\n<p>La bandiera della Svezia, con il suo sfondo blu e la croce giallo oro che si estende dai bordi alle estremit\u00e0, \u00e8 molto pi\u00f9 di un semplice vessillo nazionale. Questo disegno, basato sul motivo della croce scandinava, \u00e8 stato adottato fin dal XVI secolo e simboleggia il cristianesimo. Il blu rappresenta la verit\u00e0, la lealt\u00e0 e la giustizia, mentre il giallo o l'oro simboleggiano la generosit\u00e0. Questa bandiera non \u00e8 solo un elemento decorativo, ma incarna la storia, la cultura e i valori del popolo svedese.<\/p>\n<h3>Versatilit\u00e0 di utilizzo<\/h3>\n<p>Che si tratti di celebrazioni nazionali, eventi sportivi o scopi educativi, la bandiera svedese \u00e8 adatta a tutte le occasioni. Il suo design robusto e i colori resistenti allo sbiadimento garantiscono che la bandiera mantenga il suo significato e il suo impatto visivo nel tempo.<\/p>","protected":false},"excerpt":{"rendered":"<p>Bandiera di 150 x 90 cm con 2 robusti occhielli in metallo per un'appensione sicura.<\/p>","protected":false},"featured_media":2197,"comment_status":"open","ping_status":"closed","template":"","meta":{"_gspb_post_css":"","iawp_total_views":13},"product_brand":[],"product_cat":[65,58],"product_tag":[],"class_list":{"0":"post-2438","1":"product","2":"type-product","3":"status-publish","4":"has-post-thumbnail","6":"product_cat-europe-flags","7":"product_cat-country-flags","9":"first","10":"instock","11":"sale","12":"shipping-taxable","13":"purchasable","14":"product-type-simple"},"_links":{"self":[{"href":"https:\/\/cosmoflag.com\/it\/wp-json\/wp\/v2\/product\/2438","targetHints":{"allow":["GET"]}}],"collection":[{"href":"https:\/\/cosmoflag.com\/it\/wp-json\/wp\/v2\/product"}],"about":[{"href":"https:\/\/cosmoflag.com\/it\/wp-json\/wp\/v2\/types\/product"}],"replies":[{"embeddable":true,"href":"https:\/\/cosmoflag.com\/it\/wp-json\/wp\/v2\/comments?post=2438"}],"wp:featuredmedia":[{"embeddable":true,"href":"https:\/\/cosmoflag.com\/it\/wp-json\/wp\/v2\/media\/2197"}],"wp:attachment":[{"href":"https:\/\/cosmoflag.com\/it\/wp-json\/wp\/v2\/media?parent=2438"}],"wp:term":[{"taxonomy":"product_brand","embeddable":true,"href":"https:\/\/cosmoflag.com\/it\/wp-json\/wp\/v2\/product_brand?post=2438"},{"taxonomy":"product_cat","embeddable":true,"href":"https:\/\/cosmoflag.com\/it\/wp-json\/wp\/v2\/product_cat?post=2438"},{"taxonomy":"product_tag","embeddable":true,"href":"https:\/\/cosmoflag.com\/it\/wp-json\/wp\/v2\/product_tag?post=2438"}],"curies":[{"name":"wp","href":"https:\/\/api.w.org\/{rel}","templated":true}]}}