{"id":2430,"date":"2024-12-15T22:15:00","date_gmt":"2024-12-15T20:15:00","guid":{"rendered":"https:\/\/cosmoflag.com\/?post_type=product&#038;p=2430"},"modified":"2025-08-12T21:20:59","modified_gmt":"2025-08-12T19:20:59","slug":"bandiera-della-nigeria","status":"publish","type":"product","link":"https:\/\/cosmoflag.com\/it\/prodotto\/bandiera-della-nigeria\/","title":{"rendered":"Bandiera della Nigeria"},"content":{"rendered":"<h3>Caratteristiche della bandiera della Nigeria<\/h3>\n<p>La nostra bandiera della Nigeria \u00e8 realizzata in poliestere di alta qualit\u00e0, che la rende ideale per un uso duraturo, sia all'interno che all'esterno. \u00c8 dotata di occhielli in metallo per una facile installazione e una tenuta garantita, anche in condizioni atmosferiche avverse. Disponibile nel formato 90 x 150 cm\/35 x 59 pollici per la massima visibilit\u00e0, la nostra bandiera soddisfa diverse esigenze, sia che vogliate esporla su un'asta o su una parete.<\/p>\n<h3>Un simbolo nazionale ricco di storia<\/h3>\n<p>La bandiera nigeriana, composta da tre strisce verticali di colore verde, bianco e verde, \u00e8 molto pi\u00f9 di un semplice vessillo nazionale. Adottata nel 1960 in occasione dell'indipendenza del Paese, il verde simboleggia le ricche foreste naturali e le praterie della Nigeria, riflettendo l'abbondanza agricola del Paese, mentre la striscia bianca rappresenta la pace e l'unit\u00e0. Questa bandiera non \u00e8 solo un elemento decorativo, ma incarna le aspirazioni del popolo nigeriano alla pace e alla prosperit\u00e0.<\/p>\n<h3>Versatilit\u00e0 di utilizzo<\/h3>\n<p>Che si tratti di celebrazioni nazionali, eventi sportivi, dimostrazioni politiche o scopi educativi, la bandiera nigeriana \u00e8 adatta a tutte le occasioni. Il suo design robusto e i colori resistenti allo sbiadimento garantiscono che la bandiera mantenga il suo significato e il suo impatto visivo nel tempo.<\/p>","protected":false},"excerpt":{"rendered":"<p>Bandiera di 150 x 90 cm con 2 robusti occhielli in metallo per un'appensione sicura.<\/p>","protected":false},"featured_media":2090,"comment_status":"open","ping_status":"closed","template":"","meta":{"_gspb_post_css":"","iawp_total_views":4},"product_brand":[],"product_cat":[60,58],"product_tag":[],"class_list":{"0":"post-2430","1":"product","2":"type-product","3":"status-publish","4":"has-post-thumbnail","6":"product_cat-africa-flags","7":"product_cat-country-flags","9":"first","10":"instock","11":"sale","12":"shipping-taxable","13":"purchasable","14":"product-type-simple"},"_links":{"self":[{"href":"https:\/\/cosmoflag.com\/it\/wp-json\/wp\/v2\/product\/2430","targetHints":{"allow":["GET"]}}],"collection":[{"href":"https:\/\/cosmoflag.com\/it\/wp-json\/wp\/v2\/product"}],"about":[{"href":"https:\/\/cosmoflag.com\/it\/wp-json\/wp\/v2\/types\/product"}],"replies":[{"embeddable":true,"href":"https:\/\/cosmoflag.com\/it\/wp-json\/wp\/v2\/comments?post=2430"}],"wp:featuredmedia":[{"embeddable":true,"href":"https:\/\/cosmoflag.com\/it\/wp-json\/wp\/v2\/media\/2090"}],"wp:attachment":[{"href":"https:\/\/cosmoflag.com\/it\/wp-json\/wp\/v2\/media?parent=2430"}],"wp:term":[{"taxonomy":"product_brand","embeddable":true,"href":"https:\/\/cosmoflag.com\/it\/wp-json\/wp\/v2\/product_brand?post=2430"},{"taxonomy":"product_cat","embeddable":true,"href":"https:\/\/cosmoflag.com\/it\/wp-json\/wp\/v2\/product_cat?post=2430"},{"taxonomy":"product_tag","embeddable":true,"href":"https:\/\/cosmoflag.com\/it\/wp-json\/wp\/v2\/product_tag?post=2430"}],"curies":[{"name":"wp","href":"https:\/\/api.w.org\/{rel}","templated":true}]}}