{"id":2428,"date":"2024-12-15T22:08:00","date_gmt":"2024-12-15T20:08:00","guid":{"rendered":"https:\/\/cosmoflag.com\/?post_type=product&#038;p=2428"},"modified":"2025-08-12T21:21:00","modified_gmt":"2025-08-12T19:21:00","slug":"bandiera-dellafghanistan","status":"publish","type":"product","link":"https:\/\/cosmoflag.com\/it\/prodotto\/bandiera-dellafghanistan\/","title":{"rendered":"Bandiera dell'Afghanistan"},"content":{"rendered":"<h3>Caratteristiche della bandiera dell'Afghanistan<\/h3>\n<p>La nostra bandiera dell'Afghanistan \u00e8 realizzata in poliestere di alta qualit\u00e0, ideale per un uso durevole in interni ed esterni. \u00c8 dotata di occhielli in metallo per una facile installazione e una tenuta garantita, anche in condizioni atmosferiche avverse. Disponibile in dimensioni fino a 90 x 150 cm\/35 x 59 pollici per la massima visibilit\u00e0, la nostra bandiera soddisfa diverse esigenze, sia che vogliate esporla su un'asta o su una parete.<\/p>\n<h3>Un simbolo nazionale ricco di storia<\/h3>\n<p>La bandiera dell'Afghanistan, adottata nel 2021, presenta tre strisce verticali nere, rosse e verdi. Questa bandiera, nota come \"Tricolore\", si \u00e8 evoluta attraverso numerose versioni a partire dal XX secolo. Il nero rappresenta il passato oscuro del Paese, il rosso simboleggia il sangue versato per l'indipendenza e il verde evoca speranza e prosperit\u00e0 per il futuro. Al centro della bandiera si trova l'emblema nazionale, che comprende una moschea con il mihrab rivolto verso la Mecca e spighe di grano.<\/p>\n<h3>Versatilit\u00e0 di utilizzo<\/h3>\n<p>Che si tratti di celebrazioni nazionali, eventi sportivi, dimostrazioni politiche o scopi educativi, la bandiera afghana \u00e8 adatta a tutte le occasioni. Il suo design robusto e i colori resistenti allo sbiadimento garantiscono che la bandiera mantenga il suo significato e il suo impatto visivo nel tempo.<\/p>","protected":false},"excerpt":{"rendered":"<p>Bandiera di 150 x 90 cm con 2 robusti occhielli in metallo per un'appensione sicura.<\/p>","protected":false},"featured_media":1449,"comment_status":"open","ping_status":"closed","template":"","meta":{"_gspb_post_css":"","iawp_total_views":32},"product_brand":[],"product_cat":[64,58],"product_tag":[],"class_list":{"0":"post-2428","1":"product","2":"type-product","3":"status-publish","4":"has-post-thumbnail","6":"product_cat-asia-flags","7":"product_cat-country-flags","9":"first","10":"instock","11":"sale","12":"shipping-taxable","13":"purchasable","14":"product-type-simple"},"_links":{"self":[{"href":"https:\/\/cosmoflag.com\/it\/wp-json\/wp\/v2\/product\/2428","targetHints":{"allow":["GET"]}}],"collection":[{"href":"https:\/\/cosmoflag.com\/it\/wp-json\/wp\/v2\/product"}],"about":[{"href":"https:\/\/cosmoflag.com\/it\/wp-json\/wp\/v2\/types\/product"}],"replies":[{"embeddable":true,"href":"https:\/\/cosmoflag.com\/it\/wp-json\/wp\/v2\/comments?post=2428"}],"wp:featuredmedia":[{"embeddable":true,"href":"https:\/\/cosmoflag.com\/it\/wp-json\/wp\/v2\/media\/1449"}],"wp:attachment":[{"href":"https:\/\/cosmoflag.com\/it\/wp-json\/wp\/v2\/media?parent=2428"}],"wp:term":[{"taxonomy":"product_brand","embeddable":true,"href":"https:\/\/cosmoflag.com\/it\/wp-json\/wp\/v2\/product_brand?post=2428"},{"taxonomy":"product_cat","embeddable":true,"href":"https:\/\/cosmoflag.com\/it\/wp-json\/wp\/v2\/product_cat?post=2428"},{"taxonomy":"product_tag","embeddable":true,"href":"https:\/\/cosmoflag.com\/it\/wp-json\/wp\/v2\/product_tag?post=2428"}],"curies":[{"name":"wp","href":"https:\/\/api.w.org\/{rel}","templated":true}]}}