{"id":2412,"date":"2024-12-15T21:21:00","date_gmt":"2024-12-15T19:21:00","guid":{"rendered":"https:\/\/cosmoflag.com\/?post_type=product&#038;p=2412"},"modified":"2025-08-12T21:23:05","modified_gmt":"2025-08-12T19:23:05","slug":"bandiera-delletiopia","status":"publish","type":"product","link":"https:\/\/cosmoflag.com\/it\/prodotto\/bandiera-delletiopia\/","title":{"rendered":"Bandiera dell'Etiopia"},"content":{"rendered":"<h3>Caratteristiche della bandiera dell'Etiopia<\/h3>\n<p>La nostra bandiera dell'Etiopia, spesso considerata un simbolo dell'indipendenza africana, \u00e8 realizzata in poliestere di alta qualit\u00e0, che la rende ideale per un uso duraturo, sia all'interno che all'esterno. \u00c8 dotata di occhielli in metallo per una facile installazione e una tenuta sicura, anche in condizioni atmosferiche avverse. Disponibile nel formato 90 x 150 cm\/35 x 59 pollici per la massima visibilit\u00e0, la nostra bandiera soddisfa diverse esigenze, sia che vogliate esporla su un'asta o su una parete.<\/p>\n<h3>Un simbolo nazionale ricco di storia<\/h3>\n<p>L'attuale bandiera dell'Etiopia \u00e8 stata adottata nel 1996 e consiste in tre strisce orizzontali di colore verde, giallo e rosso, con un disco blu al centro, caratterizzato da una stella a cinque punte. Questi colori sono significativi nel contesto africano: il verde simboleggia la terra fertile e la speranza, il giallo la pace e l'armonia, il rosso il sacrificio e il coraggio. La stella rappresenta l'unit\u00e0 e l'uguaglianza dei popoli dell'Etiopia. Questa bandiera \u00e8 diventata un'icona dei movimenti panafricani e rastafari.<\/p>\n<h3>Versatilit\u00e0 di utilizzo<\/h3>\n<p>Che si tratti di celebrazioni nazionali, eventi sportivi, dimostrazioni politiche o scopi educativi, la bandiera etiope \u00e8 adatta a tutte le occasioni. Il suo design robusto e i colori resistenti allo sbiadimento garantiscono che la bandiera mantenga il suo significato e il suo impatto visivo nel tempo.<\/p>","protected":false},"excerpt":{"rendered":"<p>Bandiera di 150 x 90 cm con 2 robusti occhielli in metallo per un'appensione sicura.<\/p>","protected":false},"featured_media":1553,"comment_status":"open","ping_status":"closed","template":"","meta":{"_gspb_post_css":"","iawp_total_views":15},"product_brand":[],"product_cat":[60,58],"product_tag":[],"class_list":{"0":"post-2412","1":"product","2":"type-product","3":"status-publish","4":"has-post-thumbnail","6":"product_cat-africa-flags","7":"product_cat-country-flags","9":"first","10":"instock","11":"sale","12":"shipping-taxable","13":"purchasable","14":"product-type-simple"},"_links":{"self":[{"href":"https:\/\/cosmoflag.com\/it\/wp-json\/wp\/v2\/product\/2412","targetHints":{"allow":["GET"]}}],"collection":[{"href":"https:\/\/cosmoflag.com\/it\/wp-json\/wp\/v2\/product"}],"about":[{"href":"https:\/\/cosmoflag.com\/it\/wp-json\/wp\/v2\/types\/product"}],"replies":[{"embeddable":true,"href":"https:\/\/cosmoflag.com\/it\/wp-json\/wp\/v2\/comments?post=2412"}],"wp:featuredmedia":[{"embeddable":true,"href":"https:\/\/cosmoflag.com\/it\/wp-json\/wp\/v2\/media\/1553"}],"wp:attachment":[{"href":"https:\/\/cosmoflag.com\/it\/wp-json\/wp\/v2\/media?parent=2412"}],"wp:term":[{"taxonomy":"product_brand","embeddable":true,"href":"https:\/\/cosmoflag.com\/it\/wp-json\/wp\/v2\/product_brand?post=2412"},{"taxonomy":"product_cat","embeddable":true,"href":"https:\/\/cosmoflag.com\/it\/wp-json\/wp\/v2\/product_cat?post=2412"},{"taxonomy":"product_tag","embeddable":true,"href":"https:\/\/cosmoflag.com\/it\/wp-json\/wp\/v2\/product_tag?post=2412"}],"curies":[{"name":"wp","href":"https:\/\/api.w.org\/{rel}","templated":true}]}}