{"id":2400,"date":"2024-12-15T20:33:00","date_gmt":"2024-12-15T18:33:00","guid":{"rendered":"https:\/\/cosmoflag.com\/?post_type=product&#038;p=2400"},"modified":"2025-08-12T21:23:13","modified_gmt":"2025-08-12T19:23:13","slug":"bandiera-irlandese","status":"publish","type":"product","link":"https:\/\/cosmoflag.com\/it\/prodotto\/bandiera-irlandese\/","title":{"rendered":"Bandiera dell'Irlanda"},"content":{"rendered":"<h3>Caratteristiche della bandiera irlandese<\/h3>\n<p>La nostra bandiera dell'Irlanda \u00e8 realizzata in poliestere di alta qualit\u00e0, ideale per un uso durevole in interni ed esterni. \u00c8 dotata di occhielli in metallo per una facile installazione e una tenuta garantita, anche in condizioni atmosferiche avverse. Disponibile nel formato 90 x 150 cm\/35 x 59 pollici per la massima visibilit\u00e0, la nostra bandiera soddisfa diverse esigenze, sia che vogliate esporla su un'asta o su una parete.<\/p>\n<h3>Un simbolo nazionale ricco di storia<\/h3>\n<p>La bandiera dell'Irlanda, spesso chiamata tricolore irlandese, \u00e8 composta da tre strisce verticali di colore verde, bianco e arancione. Adottata ufficialmente nel 1937 ma in uso dal 1848, ogni colore ha un forte simbolismo: il verde rappresenta la tradizione gaelica dell'Irlanda, il bianco simboleggia la pace e l'unit\u00e0 tra gli irlandesi di tutte le origini e l'arancione rappresenta i sostenitori di Guglielmo d'Orange. La bandiera riflette la complessa storia dell'isola e la sua aspirazione all'unit\u00e0 nazionale.<\/p>\n<h3>Versatilit\u00e0 di utilizzo<\/h3>\n<p>Che si tratti di celebrazioni nazionali, eventi sportivi, culturali o educativi, la bandiera irlandese \u00e8 adatta a tutte le occasioni. Il suo design robusto e i colori resistenti allo sbiadimento assicurano che la bandiera mantenga il suo significato e il suo impatto visivo nel tempo.<\/p>","protected":false},"excerpt":{"rendered":"<p>Bandiera di 150 x 90 cm con 2 robusti occhielli in metallo per un'appensione sicura.<\/p>","protected":false},"featured_media":1165,"comment_status":"open","ping_status":"closed","template":"","meta":{"_gspb_post_css":"","iawp_total_views":21},"product_brand":[],"product_cat":[65,58],"product_tag":[],"class_list":{"0":"post-2400","1":"product","2":"type-product","3":"status-publish","4":"has-post-thumbnail","6":"product_cat-europe-flags","7":"product_cat-country-flags","9":"first","10":"instock","11":"sale","12":"shipping-taxable","13":"purchasable","14":"product-type-simple"},"_links":{"self":[{"href":"https:\/\/cosmoflag.com\/it\/wp-json\/wp\/v2\/product\/2400","targetHints":{"allow":["GET"]}}],"collection":[{"href":"https:\/\/cosmoflag.com\/it\/wp-json\/wp\/v2\/product"}],"about":[{"href":"https:\/\/cosmoflag.com\/it\/wp-json\/wp\/v2\/types\/product"}],"replies":[{"embeddable":true,"href":"https:\/\/cosmoflag.com\/it\/wp-json\/wp\/v2\/comments?post=2400"}],"wp:featuredmedia":[{"embeddable":true,"href":"https:\/\/cosmoflag.com\/it\/wp-json\/wp\/v2\/media\/1165"}],"wp:attachment":[{"href":"https:\/\/cosmoflag.com\/it\/wp-json\/wp\/v2\/media?parent=2400"}],"wp:term":[{"taxonomy":"product_brand","embeddable":true,"href":"https:\/\/cosmoflag.com\/it\/wp-json\/wp\/v2\/product_brand?post=2400"},{"taxonomy":"product_cat","embeddable":true,"href":"https:\/\/cosmoflag.com\/it\/wp-json\/wp\/v2\/product_cat?post=2400"},{"taxonomy":"product_tag","embeddable":true,"href":"https:\/\/cosmoflag.com\/it\/wp-json\/wp\/v2\/product_tag?post=2400"}],"curies":[{"name":"wp","href":"https:\/\/api.w.org\/{rel}","templated":true}]}}