{"id":2396,"date":"2024-12-15T20:15:00","date_gmt":"2024-12-15T18:15:00","guid":{"rendered":"https:\/\/cosmoflag.com\/?post_type=product&#038;p=2396"},"modified":"2025-08-12T21:23:14","modified_gmt":"2025-08-12T19:23:14","slug":"bandiera-del-nicaragua","status":"publish","type":"product","link":"https:\/\/cosmoflag.com\/it\/prodotto\/bandiera-del-nicaragua\/","title":{"rendered":"Bandiera del Nicaragua"},"content":{"rendered":"<h3>Caratteristiche della bandiera del Nicaragua<\/h3>\n<p>La nostra bandiera del Nicaragua \u00e8 realizzata in poliestere di alta qualit\u00e0, ideale per un uso duraturo, sia all'interno che all'esterno. \u00c8 dotata di occhielli in metallo per una facile installazione e una tenuta garantita, anche in condizioni atmosferiche avverse. Disponibile nel formato 90 x 150 cm\/35 x 59 pollici per la massima visibilit\u00e0, la nostra bandiera soddisfa diverse esigenze, sia che vogliate esporla su un'asta o su una parete.<\/p>\n<h3>Un simbolo nazionale ricco di storia<\/h3>\n<p>La bandiera del Nicaragua, adottata nel 1908, \u00e8 composta da tre strisce orizzontali con il blu in alto e in basso e il bianco al centro, evocando la bandiera della Federazione Centroamericana. Al centro della striscia bianca si trova l'emblema nazionale, caratterizzato da cinque vulcani, un arcobaleno, un cappello frigio e la scritta \"Rep\u00fablica de Nicaragua - Am\u00e9rica Central\". I vulcani rappresentano i cinque membri della federazione originale, l'arcobaleno simboleggia la pace e il berretto frigio \u00e8 un simbolo di libert\u00e0.<\/p>\n<h3>Versatilit\u00e0 di utilizzo<\/h3>\n<p>Che si tratti di celebrazioni nazionali, eventi sportivi, culturali o educativi, la bandiera del Nicaragua \u00e8 adatta a tutte le occasioni. Il suo design robusto e i colori resistenti allo sbiadimento garantiscono che la bandiera mantenga il suo significato e il suo impatto visivo nel tempo.<\/p>","protected":false},"excerpt":{"rendered":"<p>Bandiera di 150 x 90 cm con 2 robusti occhielli in metallo per un'appensione sicura.<\/p>","protected":false},"featured_media":1288,"comment_status":"open","ping_status":"closed","template":"","meta":{"_gspb_post_css":"","iawp_total_views":8},"product_brand":[],"product_cat":[61,58],"product_tag":[],"class_list":{"0":"post-2396","1":"product","2":"type-product","3":"status-publish","4":"has-post-thumbnail","6":"product_cat-central-america-flags","7":"product_cat-country-flags","9":"first","10":"instock","11":"sale","12":"shipping-taxable","13":"purchasable","14":"product-type-simple"},"_links":{"self":[{"href":"https:\/\/cosmoflag.com\/it\/wp-json\/wp\/v2\/product\/2396","targetHints":{"allow":["GET"]}}],"collection":[{"href":"https:\/\/cosmoflag.com\/it\/wp-json\/wp\/v2\/product"}],"about":[{"href":"https:\/\/cosmoflag.com\/it\/wp-json\/wp\/v2\/types\/product"}],"replies":[{"embeddable":true,"href":"https:\/\/cosmoflag.com\/it\/wp-json\/wp\/v2\/comments?post=2396"}],"wp:featuredmedia":[{"embeddable":true,"href":"https:\/\/cosmoflag.com\/it\/wp-json\/wp\/v2\/media\/1288"}],"wp:attachment":[{"href":"https:\/\/cosmoflag.com\/it\/wp-json\/wp\/v2\/media?parent=2396"}],"wp:term":[{"taxonomy":"product_brand","embeddable":true,"href":"https:\/\/cosmoflag.com\/it\/wp-json\/wp\/v2\/product_brand?post=2396"},{"taxonomy":"product_cat","embeddable":true,"href":"https:\/\/cosmoflag.com\/it\/wp-json\/wp\/v2\/product_cat?post=2396"},{"taxonomy":"product_tag","embeddable":true,"href":"https:\/\/cosmoflag.com\/it\/wp-json\/wp\/v2\/product_tag?post=2396"}],"curies":[{"name":"wp","href":"https:\/\/api.w.org\/{rel}","templated":true}]}}