{"id":2387,"date":"2024-12-15T19:37:00","date_gmt":"2024-12-15T17:37:00","guid":{"rendered":"https:\/\/cosmoflag.com\/?post_type=product&#038;p=2387"},"modified":"2025-08-12T21:23:16","modified_gmt":"2025-08-12T19:23:16","slug":"bandiera-del-messico","status":"publish","type":"product","link":"https:\/\/cosmoflag.com\/it\/prodotto\/bandiera-del-messico\/","title":{"rendered":"Bandiera del Messico"},"content":{"rendered":"<h3>Caratteristiche della bandiera messicana<\/h3>\n<p>La nostra bandiera del Messico \u00e8 realizzata in poliestere di alta qualit\u00e0, ideale per un uso durevole in interni ed esterni. \u00c8 dotata di occhielli in metallo per una facile installazione e una tenuta garantita, anche in condizioni atmosferiche avverse. Disponibile in un formato di 90 x 150 cm\/35 x 59 pollici per la massima visibilit\u00e0, la nostra bandiera soddisfa diverse esigenze, sia che vogliate esporla su un'asta o su una parete.<\/p>\n<h3>Un simbolo nazionale ricco di storia<\/h3>\n<p>La bandiera messicana, adottata nel 1968 ma basata su disegni precedenti, \u00e8 composta da tre strisce verticali di colore verde, bianco e rosso. Al centro della striscia bianca si trova l'emblema nazionale, che raffigura un'aquila messicana appollaiata su un nopal (cactus) che tiene nel becco un serpente. Questa immagine \u00e8 altamente simbolica per il Messico, poich\u00e9 si basa su una leggenda azteca che indicava il luogo in cui fondare la capitale, Tenochtitlan. I colori della bandiera sono ricchi di significati: il verde rappresenta la speranza e la prosperit\u00e0, il bianco simboleggia la pace e l'unit\u00e0, mentre il rosso ricorda il sangue versato dagli eroi nazionali.<\/p>\n<h3>Versatilit\u00e0 di utilizzo<\/h3>\n<p>Che si tratti di celebrazioni nazionali, eventi sportivi, dimostrazioni politiche o scopi educativi, la bandiera messicana \u00e8 adatta a tutte le occasioni. Il suo design robusto e i colori resistenti allo sbiadimento assicurano che la bandiera mantenga il suo significato e il suo impatto visivo nel tempo.<\/p>","protected":false},"excerpt":{"rendered":"<p>Bandiera di 150 x 90 cm con 2 robusti occhielli in metallo per un'appensione sicura.<\/p>","protected":false},"featured_media":2388,"comment_status":"open","ping_status":"closed","template":"","meta":{"_gspb_post_css":"","iawp_total_views":76},"product_brand":[],"product_cat":[62,58],"product_tag":[],"class_list":{"0":"post-2387","1":"product","2":"type-product","3":"status-publish","4":"has-post-thumbnail","6":"product_cat-north-america-flags","7":"product_cat-country-flags","9":"first","10":"instock","11":"sale","12":"shipping-taxable","13":"purchasable","14":"product-type-simple"},"_links":{"self":[{"href":"https:\/\/cosmoflag.com\/it\/wp-json\/wp\/v2\/product\/2387","targetHints":{"allow":["GET"]}}],"collection":[{"href":"https:\/\/cosmoflag.com\/it\/wp-json\/wp\/v2\/product"}],"about":[{"href":"https:\/\/cosmoflag.com\/it\/wp-json\/wp\/v2\/types\/product"}],"replies":[{"embeddable":true,"href":"https:\/\/cosmoflag.com\/it\/wp-json\/wp\/v2\/comments?post=2387"}],"wp:featuredmedia":[{"embeddable":true,"href":"https:\/\/cosmoflag.com\/it\/wp-json\/wp\/v2\/media\/2388"}],"wp:attachment":[{"href":"https:\/\/cosmoflag.com\/it\/wp-json\/wp\/v2\/media?parent=2387"}],"wp:term":[{"taxonomy":"product_brand","embeddable":true,"href":"https:\/\/cosmoflag.com\/it\/wp-json\/wp\/v2\/product_brand?post=2387"},{"taxonomy":"product_cat","embeddable":true,"href":"https:\/\/cosmoflag.com\/it\/wp-json\/wp\/v2\/product_cat?post=2387"},{"taxonomy":"product_tag","embeddable":true,"href":"https:\/\/cosmoflag.com\/it\/wp-json\/wp\/v2\/product_tag?post=2387"}],"curies":[{"name":"wp","href":"https:\/\/api.w.org\/{rel}","templated":true}]}}