{"id":2380,"date":"2024-12-15T15:15:00","date_gmt":"2024-12-15T13:15:00","guid":{"rendered":"https:\/\/cosmoflag.com\/?post_type=product&#038;p=2380"},"modified":"2025-08-12T21:23:18","modified_gmt":"2025-08-12T19:23:18","slug":"bandiera-di-trinidad-e-tobago","status":"publish","type":"product","link":"https:\/\/cosmoflag.com\/it\/prodotto\/bandiera-di-trinidad-e-tobago\/","title":{"rendered":"Bandiera di Trinidad e Tobago"},"content":{"rendered":"<h3>Caratteristiche della bandiera di Trinidad e Tobago<\/h3>\n<p>La nostra bandiera di Trinidad e Tobago \u00e8 realizzata in poliestere di alta qualit\u00e0, ideale per un uso duraturo, sia all'interno che all'esterno. \u00c8 dotata di occhielli in metallo per una facile installazione e una tenuta sicura, anche in condizioni atmosferiche avverse. Disponibile nel formato 90 x 150 cm\/35 x 59 pollici per la massima visibilit\u00e0, la nostra bandiera soddisfa diverse esigenze, sia che vogliate esporla su un'asta o su una parete.<\/p>\n<h3>Un simbolo nazionale ricco di storia<\/h3>\n<p>Adottata in occasione dell'indipendenza nel 1962, la bandiera di Trinidad e Tobago \u00e8 disegnata con una diagonale nera bordata di bianco che divide un campo rosso. Il rosso simboleggia la vitalit\u00e0 del sole e il calore del popolo di Trinidad e Tobago, il nero rappresenta la ricchezza del Paese e la determinazione del popolo a unire le forze per il bene comune, mentre il bianco simboleggia l'uguaglianza e la fiducia del popolo nel proprio futuro collettivo. Questo disegno non \u00e8 solo vivace, ma anche ricco di significato, e riflette l'identit\u00e0 e l'unit\u00e0 nazionale del Paese.<\/p>\n<h3>Versatilit\u00e0 di utilizzo<\/h3>\n<p>Che si tratti di celebrazioni nazionali, eventi sportivi, culturali o educativi, la bandiera di Trinidad e Tobago \u00e8 adatta a tutte le occasioni. Il suo design robusto e i colori resistenti allo sbiadimento garantiscono che la bandiera mantenga il suo significato e il suo impatto visivo nel tempo.<\/p>","protected":false},"excerpt":{"rendered":"<p>Bandiera di 150 x 90 cm con 2 robusti occhielli in metallo per un'appensione sicura.<\/p>","protected":false},"featured_media":1731,"comment_status":"open","ping_status":"closed","template":"","meta":{"_gspb_post_css":"","iawp_total_views":6},"product_brand":[],"product_cat":[63,58],"product_tag":[],"class_list":{"0":"post-2380","1":"product","2":"type-product","3":"status-publish","4":"has-post-thumbnail","6":"product_cat-south-america-flag","7":"product_cat-country-flags","9":"first","10":"instock","11":"sale","12":"shipping-taxable","13":"purchasable","14":"product-type-simple"},"_links":{"self":[{"href":"https:\/\/cosmoflag.com\/it\/wp-json\/wp\/v2\/product\/2380","targetHints":{"allow":["GET"]}}],"collection":[{"href":"https:\/\/cosmoflag.com\/it\/wp-json\/wp\/v2\/product"}],"about":[{"href":"https:\/\/cosmoflag.com\/it\/wp-json\/wp\/v2\/types\/product"}],"replies":[{"embeddable":true,"href":"https:\/\/cosmoflag.com\/it\/wp-json\/wp\/v2\/comments?post=2380"}],"wp:featuredmedia":[{"embeddable":true,"href":"https:\/\/cosmoflag.com\/it\/wp-json\/wp\/v2\/media\/1731"}],"wp:attachment":[{"href":"https:\/\/cosmoflag.com\/it\/wp-json\/wp\/v2\/media?parent=2380"}],"wp:term":[{"taxonomy":"product_brand","embeddable":true,"href":"https:\/\/cosmoflag.com\/it\/wp-json\/wp\/v2\/product_brand?post=2380"},{"taxonomy":"product_cat","embeddable":true,"href":"https:\/\/cosmoflag.com\/it\/wp-json\/wp\/v2\/product_cat?post=2380"},{"taxonomy":"product_tag","embeddable":true,"href":"https:\/\/cosmoflag.com\/it\/wp-json\/wp\/v2\/product_tag?post=2380"}],"curies":[{"name":"wp","href":"https:\/\/api.w.org\/{rel}","templated":true}]}}