{"id":2379,"date":"2024-12-15T15:12:00","date_gmt":"2024-12-15T13:12:00","guid":{"rendered":"https:\/\/cosmoflag.com\/?post_type=product&#038;p=2379"},"modified":"2025-08-12T21:23:21","modified_gmt":"2025-08-12T19:23:21","slug":"bandiera-delluzbekistan","status":"publish","type":"product","link":"https:\/\/cosmoflag.com\/it\/prodotto\/bandiera-delluzbekistan\/","title":{"rendered":"Bandiera dell'Uzbekistan"},"content":{"rendered":"<h3>Caratteristiche della bandiera dell'Uzbekistan<\/h3>\n<p>La nostra bandiera dell'Uzbekistan \u00e8 realizzata in poliestere di alta qualit\u00e0, ideale per un uso duraturo, sia all'interno che all'esterno. \u00c8 dotata di occhielli metallici per una facile installazione e una tenuta sicura, anche in condizioni atmosferiche avverse. Disponibile nel formato 90 x 150 cm\/35 x 59 pollici per la massima visibilit\u00e0, la nostra bandiera soddisfa diverse esigenze, sia che vogliate esporla su un'asta o su una parete.<\/p>\n<h3>Un simbolo nazionale ricco di storia<\/h3>\n<p>Adottata nel 1991, dopo l'indipendenza dall'Unione Sovietica, la bandiera dell'Uzbekistan \u00e8 composta da tre bande orizzontali di colore blu, bianco e verde, separate da sottili strisce rosse. Il blu rappresenta il cielo e l'acqua, simboli di vita, mentre il bianco simboleggia la pace. Il verde rappresenta la natura e la fertilit\u00e0, mentre le sottili linee rosse simboleggiano la forza vitale delle persone. L'asta presenta una mezzaluna accompagnata da dodici stelle, simbolo di indipendenza e segno delle dodici regioni del Paese.<\/p>\n<h3>Uso versatile<\/h3>\n<p>Che si tratti di celebrazioni nazionali, eventi sportivi, dimostrazioni politiche o scopi educativi, la bandiera uzbeka \u00e8 adatta a tutte le occasioni. Il suo design robusto e i colori resistenti allo sbiadimento garantiscono che la bandiera mantenga il suo significato e il suo impatto visivo nel tempo.<\/p>","protected":false},"excerpt":{"rendered":"<p>Bandiera di 150 x 90 cm con 2 robusti occhielli in metallo per un'appensione sicura.<\/p>","protected":false},"featured_media":1443,"comment_status":"open","ping_status":"closed","template":"","meta":{"_gspb_post_css":"","iawp_total_views":11},"product_brand":[],"product_cat":[64,58],"product_tag":[],"class_list":{"0":"post-2379","1":"product","2":"type-product","3":"status-publish","4":"has-post-thumbnail","6":"product_cat-asia-flags","7":"product_cat-country-flags","9":"first","10":"instock","11":"sale","12":"shipping-taxable","13":"purchasable","14":"product-type-simple"},"_links":{"self":[{"href":"https:\/\/cosmoflag.com\/it\/wp-json\/wp\/v2\/product\/2379","targetHints":{"allow":["GET"]}}],"collection":[{"href":"https:\/\/cosmoflag.com\/it\/wp-json\/wp\/v2\/product"}],"about":[{"href":"https:\/\/cosmoflag.com\/it\/wp-json\/wp\/v2\/types\/product"}],"replies":[{"embeddable":true,"href":"https:\/\/cosmoflag.com\/it\/wp-json\/wp\/v2\/comments?post=2379"}],"wp:featuredmedia":[{"embeddable":true,"href":"https:\/\/cosmoflag.com\/it\/wp-json\/wp\/v2\/media\/1443"}],"wp:attachment":[{"href":"https:\/\/cosmoflag.com\/it\/wp-json\/wp\/v2\/media?parent=2379"}],"wp:term":[{"taxonomy":"product_brand","embeddable":true,"href":"https:\/\/cosmoflag.com\/it\/wp-json\/wp\/v2\/product_brand?post=2379"},{"taxonomy":"product_cat","embeddable":true,"href":"https:\/\/cosmoflag.com\/it\/wp-json\/wp\/v2\/product_cat?post=2379"},{"taxonomy":"product_tag","embeddable":true,"href":"https:\/\/cosmoflag.com\/it\/wp-json\/wp\/v2\/product_tag?post=2379"}],"curies":[{"name":"wp","href":"https:\/\/api.w.org\/{rel}","templated":true}]}}