{"id":2347,"date":"2024-12-13T14:18:00","date_gmt":"2024-12-13T12:18:00","guid":{"rendered":"https:\/\/cosmoflag.com\/?post_type=product&#038;p=2347"},"modified":"2025-08-12T21:23:35","modified_gmt":"2025-08-12T19:23:35","slug":"croce-di-borgogna-bandiera","status":"publish","type":"product","link":"https:\/\/cosmoflag.com\/it\/prodotto\/croce-di-borgogna-bandiera\/","title":{"rendered":"Croce di Borgogna Bandiera"},"content":{"rendered":"<h3>Caratteristiche della bandiera della Croce di Borgogna<\/h3>\n<p>La nostra bandiera Cross of Burgundy \u00e8 realizzata in poliestere di alta qualit\u00e0, ideale per un uso duraturo, sia all'interno che all'esterno. \u00c8 dotata di occhielli in metallo per una facile installazione e garantisce che rimanga al suo posto, anche in condizioni atmosferiche avverse. Disponibile nel formato 90 x 150 cm\/35 x 59 pollici per la massima visibilit\u00e0, la nostra bandiera soddisfa diverse esigenze, sia che vogliate esporla su un'asta o su una parete.<\/p>\n<h3>Un simbolo storico di grande significato<\/h3>\n<p>La Croce di Borgogna, emblema utilizzato a partire dal XV secolo dai duchi di Borgogna, divenne ampiamente riconosciuta quando fu adottata dai regni spagnoli, compreso il periodo dell'Impero spagnolo in cui era presente su bandiere e stendardi militari. Il disegno consiste in una croce di Sant'Andrea rossa, spesso con fiamme, su sfondo bianco. La croce ricorda il martirio di Sant'Andrea, che si dice sia stato crocifisso su una croce a forma di X. Simboleggia la lotta storica e il sacrificio. Simboleggia la lotta storica e il sacrificio.<\/p>\n<h3>Versatilit\u00e0 di utilizzo<\/h3>\n<p>Questa bandiera \u00e8 spesso utilizzata in contesti storici, rievocazioni o come simbolo araldico. Il suo design robusto e i colori resistenti allo sbiadimento garantiscono che la bandiera mantenga il suo significato e il suo impatto visivo nel tempo.<\/p>","protected":false},"excerpt":{"rendered":"<p>Bandiera di 150 x 90 cm con 2 robusti occhielli in metallo per un'appensione sicura.<\/p>","protected":false},"featured_media":1056,"comment_status":"open","ping_status":"closed","template":"","meta":{"_gspb_post_css":"","iawp_total_views":8},"product_brand":[],"product_cat":[15,69],"product_tag":[],"class_list":{"0":"post-2347","1":"product","2":"type-product","3":"status-publish","4":"has-post-thumbnail","6":"product_cat-other","7":"product_cat-historical-flags","9":"first","10":"instock","11":"sale","12":"shipping-taxable","13":"purchasable","14":"product-type-simple"},"_links":{"self":[{"href":"https:\/\/cosmoflag.com\/it\/wp-json\/wp\/v2\/product\/2347","targetHints":{"allow":["GET"]}}],"collection":[{"href":"https:\/\/cosmoflag.com\/it\/wp-json\/wp\/v2\/product"}],"about":[{"href":"https:\/\/cosmoflag.com\/it\/wp-json\/wp\/v2\/types\/product"}],"replies":[{"embeddable":true,"href":"https:\/\/cosmoflag.com\/it\/wp-json\/wp\/v2\/comments?post=2347"}],"wp:featuredmedia":[{"embeddable":true,"href":"https:\/\/cosmoflag.com\/it\/wp-json\/wp\/v2\/media\/1056"}],"wp:attachment":[{"href":"https:\/\/cosmoflag.com\/it\/wp-json\/wp\/v2\/media?parent=2347"}],"wp:term":[{"taxonomy":"product_brand","embeddable":true,"href":"https:\/\/cosmoflag.com\/it\/wp-json\/wp\/v2\/product_brand?post=2347"},{"taxonomy":"product_cat","embeddable":true,"href":"https:\/\/cosmoflag.com\/it\/wp-json\/wp\/v2\/product_cat?post=2347"},{"taxonomy":"product_tag","embeddable":true,"href":"https:\/\/cosmoflag.com\/it\/wp-json\/wp\/v2\/product_tag?post=2347"}],"curies":[{"name":"wp","href":"https:\/\/api.w.org\/{rel}","templated":true}]}}