{"id":2342,"date":"2024-12-13T13:53:00","date_gmt":"2024-12-13T11:53:00","guid":{"rendered":"https:\/\/cosmoflag.com\/?post_type=product&#038;p=2342"},"modified":"2025-08-12T21:23:36","modified_gmt":"2025-08-12T19:23:36","slug":"bandiera-della-bosnia-erzegovina","status":"publish","type":"product","link":"https:\/\/cosmoflag.com\/it\/prodotto\/bandiera-della-bosnia-erzegovina\/","title":{"rendered":"Bandiera della Bosnia-Erzegovina"},"content":{"rendered":"<h3>Caratteristiche della bandiera della Bosnia-Erzegovina<\/h3>\n<p>La nostra bandiera della Bosnia-Erzegovina \u00e8 realizzata in poliestere di alta qualit\u00e0, ideale per un uso duraturo, sia all'interno che all'esterno. \u00c8 dotata di occhielli in metallo per una facile installazione e una tenuta sicura, anche in condizioni atmosferiche avverse. Disponibile nel formato 90 x 150 cm\/35 x 59 pollici per la massima visibilit\u00e0, la nostra bandiera soddisfa diverse esigenze, sia che vogliate esporla su un'asta o su una parete.<\/p>\n<h3>Un simbolo nazionale ricco di storia<\/h3>\n<p>La bandiera della Bosnia-Erzegovina, adottata nel 1998, \u00e8 composta da un triangolo blu e giallo che rappresenta la forma geografica approssimativa del Paese e i tre popoli costituenti (bosniaci, serbi e croati). Lo sfondo \u00e8 blu, con un triangolo giallo che punta verso l'alto lungo l'asta della bandiera. La bandiera \u00e8 inoltre ornata da stelle bianche a cinque punte, tagliate in alto e in basso, allineate in una striscia diagonale che segue il triangolo. Queste stelle rappresentano l'Europa e l'aspirazione della Bosnia-Erzegovina all'integrazione europea.<\/p>\n<h3>Versatilit\u00e0 di utilizzo<\/h3>\n<p>Che si tratti di celebrazioni nazionali, eventi sportivi, conferenze internazionali o scopi educativi, la bandiera della Bosnia-Erzegovina \u00e8 adatta a tutte le occasioni. Il suo design robusto e i colori resistenti allo sbiadimento garantiscono che la bandiera mantenga il suo significato e il suo impatto visivo nel tempo.<\/p>","protected":false},"excerpt":{"rendered":"<p>Bandiera di 150 x 90 cm con 2 robusti occhielli in metallo per un'appensione sicura.<\/p>","protected":false},"featured_media":1836,"comment_status":"open","ping_status":"closed","template":"","meta":{"_gspb_post_css":"","iawp_total_views":10},"product_brand":[],"product_cat":[58,65],"product_tag":[],"class_list":{"0":"post-2342","1":"product","2":"type-product","3":"status-publish","4":"has-post-thumbnail","6":"product_cat-country-flags","7":"product_cat-europe-flags","9":"first","10":"instock","11":"sale","12":"shipping-taxable","13":"purchasable","14":"product-type-simple"},"_links":{"self":[{"href":"https:\/\/cosmoflag.com\/it\/wp-json\/wp\/v2\/product\/2342","targetHints":{"allow":["GET"]}}],"collection":[{"href":"https:\/\/cosmoflag.com\/it\/wp-json\/wp\/v2\/product"}],"about":[{"href":"https:\/\/cosmoflag.com\/it\/wp-json\/wp\/v2\/types\/product"}],"replies":[{"embeddable":true,"href":"https:\/\/cosmoflag.com\/it\/wp-json\/wp\/v2\/comments?post=2342"}],"wp:featuredmedia":[{"embeddable":true,"href":"https:\/\/cosmoflag.com\/it\/wp-json\/wp\/v2\/media\/1836"}],"wp:attachment":[{"href":"https:\/\/cosmoflag.com\/it\/wp-json\/wp\/v2\/media?parent=2342"}],"wp:term":[{"taxonomy":"product_brand","embeddable":true,"href":"https:\/\/cosmoflag.com\/it\/wp-json\/wp\/v2\/product_brand?post=2342"},{"taxonomy":"product_cat","embeddable":true,"href":"https:\/\/cosmoflag.com\/it\/wp-json\/wp\/v2\/product_cat?post=2342"},{"taxonomy":"product_tag","embeddable":true,"href":"https:\/\/cosmoflag.com\/it\/wp-json\/wp\/v2\/product_tag?post=2342"}],"curies":[{"name":"wp","href":"https:\/\/api.w.org\/{rel}","templated":true}]}}