{"id":2335,"date":"2024-12-12T23:34:00","date_gmt":"2024-12-12T21:34:00","guid":{"rendered":"https:\/\/cosmoflag.com\/?post_type=product&#038;p=2335"},"modified":"2025-11-30T23:47:11","modified_gmt":"2025-11-30T21:47:11","slug":"bandiera-dellarmenia","status":"publish","type":"product","link":"https:\/\/cosmoflag.com\/it\/prodotto\/bandiera-dellarmenia\/","title":{"rendered":"Bandiera dell'Armenia"},"content":{"rendered":"<h3><strong>Caratteristiche della bandiera armena<\/strong><\/h3>\n<p>La nostra bandiera dell'Armenia \u00e8 realizzata in poliestere di alta qualit\u00e0, ideale per un uso duraturo sia all'interno che all'esterno. \u00c8 dotata di occhielli in metallo che ne facilitano l'installazione e ne garantiscono la tenuta anche in condizioni climatiche avverse. Disponibile nelle dimensioni 90 x 150 cm\/35 x 59 pollici per la massima visibilit\u00e0, la nostra bandiera soddisfa diverse esigenze, sia che vogliate esporla su un'asta o su una parete.<\/p>\n<h3><strong>Un simbolo nazionale ricco di storia<\/strong><\/h3>\n<p>La bandiera dell'Armenia, composta da tre strisce orizzontali di colore rosso, blu e arancione, \u00e8 molto pi\u00f9 di un semplice vessillo nazionale. Adottata nel 1990, poco prima dell'indipendenza del Paese dall'Unione Sovietica, ogni colore porta con s\u00e9 un significato profondo: il rosso simboleggia il sangue versato per l'indipendenza e il mantenimento della cristianit\u00e0, il blu rappresenta il desiderio del popolo armeno di vivere sotto un cielo pacifico e l'arancione indica la creativit\u00e0 e il duro lavoro del popolo. Questa bandiera non \u00e8 solo un elemento decorativo, ma incarna le aspirazioni, il coraggio e l'orgoglio della nazione armena.<\/p>\n<h3><strong>Uso versatile<\/strong><\/h3>\n<p>Che si tratti di celebrazioni nazionali, eventi culturali, raduni sportivi o scopi educativi, la bandiera armena si adatta a tutte le occasioni. Il suo design robusto e i colori resistenti allo sbiadimento garantiscono che la bandiera mantenga il suo significato e il suo impatto visivo nel tempo.<\/p>","protected":false},"excerpt":{"rendered":"<p>Bandiera di 150 x 90 cm con 2 robusti occhielli in metallo per un'appensione sicura.<\/p>","protected":false},"featured_media":1812,"comment_status":"open","ping_status":"closed","template":"","meta":{"_gspb_post_css":"","iawp_total_views":3},"product_brand":[],"product_cat":[66],"product_tag":[],"class_list":{"0":"post-2335","1":"product","2":"type-product","3":"status-publish","4":"has-post-thumbnail","6":"product_cat-middle-east-flags","8":"first","9":"instock","10":"sale","11":"shipping-taxable","12":"purchasable","13":"product-type-simple"},"_links":{"self":[{"href":"https:\/\/cosmoflag.com\/it\/wp-json\/wp\/v2\/product\/2335","targetHints":{"allow":["GET"]}}],"collection":[{"href":"https:\/\/cosmoflag.com\/it\/wp-json\/wp\/v2\/product"}],"about":[{"href":"https:\/\/cosmoflag.com\/it\/wp-json\/wp\/v2\/types\/product"}],"replies":[{"embeddable":true,"href":"https:\/\/cosmoflag.com\/it\/wp-json\/wp\/v2\/comments?post=2335"}],"wp:featuredmedia":[{"embeddable":true,"href":"https:\/\/cosmoflag.com\/it\/wp-json\/wp\/v2\/media\/1812"}],"wp:attachment":[{"href":"https:\/\/cosmoflag.com\/it\/wp-json\/wp\/v2\/media?parent=2335"}],"wp:term":[{"taxonomy":"product_brand","embeddable":true,"href":"https:\/\/cosmoflag.com\/it\/wp-json\/wp\/v2\/product_brand?post=2335"},{"taxonomy":"product_cat","embeddable":true,"href":"https:\/\/cosmoflag.com\/it\/wp-json\/wp\/v2\/product_cat?post=2335"},{"taxonomy":"product_tag","embeddable":true,"href":"https:\/\/cosmoflag.com\/it\/wp-json\/wp\/v2\/product_tag?post=2335"}],"curies":[{"name":"wp","href":"https:\/\/api.w.org\/{rel}","templated":true}]}}