{"id":2330,"date":"2024-12-12T23:02:00","date_gmt":"2024-12-12T21:02:00","guid":{"rendered":"https:\/\/cosmoflag.com\/?post_type=product&#038;p=2330"},"modified":"2025-08-12T21:23:42","modified_gmt":"2025-08-12T19:23:42","slug":"bandiera-del-poliamore","status":"publish","type":"product","link":"https:\/\/cosmoflag.com\/it\/prodotto\/bandiera-del-poliamore\/","title":{"rendered":"Bandiera del poliamore"},"content":{"rendered":"<h3>Caratteristiche della bandiera del poliamore<\/h3>\n<p>La nostra bandiera in poliammide \u00e8 realizzata in poliestere di alta qualit\u00e0, che la rende ideale per un uso duraturo, sia all'interno che all'esterno. \u00c8 dotata di occhielli in metallo per una facile installazione e una tenuta garantita, anche in condizioni atmosferiche avverse. Disponibile nel formato 90 x 150 cm\/35 59 pollici per la massima visibilit\u00e0, la nostra bandiera soddisfa diverse esigenze, sia che vogliate esporla su un'asta o su una parete.<\/p>\n<h3>Un simbolo nazionale ricco di storia<\/h3>\n<p>Questa bandiera presenta tre strisce orizzontali di colore blu, rosso e nero, con un simbolo \u03c0 giallo al centro della striscia rossa. Il blu rappresenta l'apertura e l'onest\u00e0 all'interno delle dinamiche delle relazioni poliamorose, il rosso simboleggia l'amore e la passione, mentre il nero rappresenta la solidariet\u00e0 con coloro che devono nascondere le loro relazioni poliamorose a causa delle pressioni sociali. Il simbolo \u03c0 \u00e8 la prima lettera della parola \"poliamore\" e rappresenta le infinite possibilit\u00e0 delle relazioni amorose.<\/p>\n<h3>Versatilit\u00e0 di utilizzo<\/h3>\n<p>Sia per le celebrazioni dell'orgoglio, che per gli incontri comunitari, le conferenze sulla non-monogamia o come strumento di educazione al poliamore, questa bandiera \u00e8 perfettamente adatta. Con il suo design robusto e i colori resistenti allo sbiadimento, rappresenta con orgoglio il movimento poliamoroso.<\/p>","protected":false},"excerpt":{"rendered":"<p>Bandiera di 150 x 90 cm con 2 robusti occhielli in metallo per un'appensione sicura.<\/p>","protected":false},"featured_media":1328,"comment_status":"open","ping_status":"closed","template":"","meta":{"_gspb_post_css":"","iawp_total_views":26},"product_brand":[],"product_cat":[57],"product_tag":[],"class_list":{"0":"post-2330","1":"product","2":"type-product","3":"status-publish","4":"has-post-thumbnail","6":"product_cat-lgbt-flags","8":"first","9":"instock","10":"sale","11":"shipping-taxable","12":"purchasable","13":"product-type-simple"},"_links":{"self":[{"href":"https:\/\/cosmoflag.com\/it\/wp-json\/wp\/v2\/product\/2330","targetHints":{"allow":["GET"]}}],"collection":[{"href":"https:\/\/cosmoflag.com\/it\/wp-json\/wp\/v2\/product"}],"about":[{"href":"https:\/\/cosmoflag.com\/it\/wp-json\/wp\/v2\/types\/product"}],"replies":[{"embeddable":true,"href":"https:\/\/cosmoflag.com\/it\/wp-json\/wp\/v2\/comments?post=2330"}],"wp:featuredmedia":[{"embeddable":true,"href":"https:\/\/cosmoflag.com\/it\/wp-json\/wp\/v2\/media\/1328"}],"wp:attachment":[{"href":"https:\/\/cosmoflag.com\/it\/wp-json\/wp\/v2\/media?parent=2330"}],"wp:term":[{"taxonomy":"product_brand","embeddable":true,"href":"https:\/\/cosmoflag.com\/it\/wp-json\/wp\/v2\/product_brand?post=2330"},{"taxonomy":"product_cat","embeddable":true,"href":"https:\/\/cosmoflag.com\/it\/wp-json\/wp\/v2\/product_cat?post=2330"},{"taxonomy":"product_tag","embeddable":true,"href":"https:\/\/cosmoflag.com\/it\/wp-json\/wp\/v2\/product_tag?post=2330"}],"curies":[{"name":"wp","href":"https:\/\/api.w.org\/{rel}","templated":true}]}}