{"id":2321,"date":"2024-12-12T14:22:00","date_gmt":"2024-12-12T12:22:00","guid":{"rendered":"https:\/\/cosmoflag.com\/?post_type=product&#038;p=2321"},"modified":"2025-08-12T21:23:44","modified_gmt":"2025-08-12T19:23:44","slug":"bandiera-progressista-lgbt","status":"publish","type":"product","link":"https:\/\/cosmoflag.com\/it\/prodotto\/bandiera-progressista-lgbt\/","title":{"rendered":"Bandiera progressista LGBT"},"content":{"rendered":"<h3>Caratteristiche della bandiera progressista LGBT<\/h3>\n<p>La nostra bandiera LGBT Progressive \u00e8 realizzata in poliestere di alta qualit\u00e0, ideale per un uso duraturo, sia all'interno che all'esterno. \u00c8 dotata di occhielli in metallo per una facile installazione e una tenuta garantita, anche in condizioni atmosferiche avverse. Disponibile nel formato 90\u00d7150 cm\/35\u00d759 pollici per la massima visibilit\u00e0, la nostra bandiera soddisfa diverse esigenze, sia che vogliate esporla su un'asta o su una parete.<\/p>\n<h3>Un simbolo nazionale ricco di storia<\/h3>\n<p>La bandiera progressista LGBT amplia il tradizionale disegno della bandiera arcobaleno incorporando altri colori come il nero, il marrone, il blu, il rosa e il bianco. Questi colori sono stati inseriti per rappresentare specificamente le comunit\u00e0 trans, nera e marrone, sottolineando l'importanza dell'inclusione e della visibilit\u00e0 per tutti i membri della comunit\u00e0 LGBT. Questa bandiera sottolinea il continuo impegno per il progresso e l'uguaglianza.<\/p>\n<h3>Versatilit\u00e0 di utilizzo<\/h3>\n<p>Ideale per parate dell'orgoglio, manifestazioni, eventi culturali o come mezzo di educazione alla diversit\u00e0 e all'inclusione, la bandiera LGBT progressista \u00e8 adatta a tutte le occasioni. Il design robusto e i colori resistenti allo sbiadimento garantiscono che la bandiera mantenga il suo significato e il suo impatto visivo nel tempo.<\/p>","protected":false},"excerpt":{"rendered":"<p>Bandiera di 150 x 90 cm con 2 robusti occhielli in metallo per un'appensione sicura.<\/p>","protected":false},"featured_media":1212,"comment_status":"open","ping_status":"closed","template":"","meta":{"_gspb_post_css":"","iawp_total_views":51},"product_brand":[],"product_cat":[57],"product_tag":[],"class_list":{"0":"post-2321","1":"product","2":"type-product","3":"status-publish","4":"has-post-thumbnail","6":"product_cat-lgbt-flags","8":"first","9":"instock","10":"sale","11":"shipping-taxable","12":"purchasable","13":"product-type-simple"},"_links":{"self":[{"href":"https:\/\/cosmoflag.com\/it\/wp-json\/wp\/v2\/product\/2321","targetHints":{"allow":["GET"]}}],"collection":[{"href":"https:\/\/cosmoflag.com\/it\/wp-json\/wp\/v2\/product"}],"about":[{"href":"https:\/\/cosmoflag.com\/it\/wp-json\/wp\/v2\/types\/product"}],"replies":[{"embeddable":true,"href":"https:\/\/cosmoflag.com\/it\/wp-json\/wp\/v2\/comments?post=2321"}],"wp:featuredmedia":[{"embeddable":true,"href":"https:\/\/cosmoflag.com\/it\/wp-json\/wp\/v2\/media\/1212"}],"wp:attachment":[{"href":"https:\/\/cosmoflag.com\/it\/wp-json\/wp\/v2\/media?parent=2321"}],"wp:term":[{"taxonomy":"product_brand","embeddable":true,"href":"https:\/\/cosmoflag.com\/it\/wp-json\/wp\/v2\/product_brand?post=2321"},{"taxonomy":"product_cat","embeddable":true,"href":"https:\/\/cosmoflag.com\/it\/wp-json\/wp\/v2\/product_cat?post=2321"},{"taxonomy":"product_tag","embeddable":true,"href":"https:\/\/cosmoflag.com\/it\/wp-json\/wp\/v2\/product_tag?post=2321"}],"curies":[{"name":"wp","href":"https:\/\/api.w.org\/{rel}","templated":true}]}}