{"id":2320,"date":"2024-12-12T14:17:00","date_gmt":"2024-12-12T12:17:00","guid":{"rendered":"https:\/\/cosmoflag.com\/?post_type=product&#038;p=2320"},"modified":"2025-08-12T21:23:45","modified_gmt":"2025-08-12T19:23:45","slug":"bandiera-arcobaleno-lgbt","status":"publish","type":"product","link":"https:\/\/cosmoflag.com\/it\/prodotto\/bandiera-arcobaleno-lgbt\/","title":{"rendered":"Bandiera arcobaleno LGBT"},"content":{"rendered":"<h3>Caratteristiche della bandiera arcobaleno LGBT<\/h3>\n<p>La nostra bandiera arcobaleno LGBT \u00e8 realizzata in poliestere di alta qualit\u00e0, che la rende ideale per un uso duraturo, sia all'interno che all'esterno. \u00c8 dotata di occhielli in metallo per una facile installazione e una tenuta garantita, anche in condizioni atmosferiche avverse. Disponibile nel formato 90\u00d7150 cm\/35\u00d759 pollici per la massima visibilit\u00e0, la nostra bandiera soddisfa diverse esigenze, sia che vogliate esporla su un'asta o su una parete.<\/p>\n<h3>Un simbolo ricco di storia<\/h3>\n<p>La bandiera arcobaleno \u00e8 il simbolo universale della comunit\u00e0 LGBTQ+. Creata da Gilbert Baker nel 1978, presenta diverse bande di colori diversi, ognuna con un proprio significato: rosso per la vita, arancione per la guarigione, giallo per il sole, verde per la natura, blu per l'armonia e viola per lo spirito. Questa bandiera celebra la diversit\u00e0 e l'unit\u00e0 all'interno della comunit\u00e0.<\/p>\n<h3>Uso versatile<\/h3>\n<p>Che si tratti di parate dell'orgoglio, eventi comunitari, dimostrazioni culturali o come strumento educativo sulla diversit\u00e0 e l'inclusione, la bandiera arcobaleno LGBT \u00e8 adatta a tutte le occasioni. Il design robusto e i colori resistenti allo sbiadimento garantiscono che la bandiera mantenga il suo significato e il suo impatto visivo nel tempo.<\/p>","protected":false},"excerpt":{"rendered":"<p>Bandiera di 150 x 90 cm con 2 robusti occhielli in metallo per un'appensione sicura.<\/p>","protected":false},"featured_media":1219,"comment_status":"open","ping_status":"closed","template":"","meta":{"_gspb_post_css":"","iawp_total_views":78},"product_brand":[],"product_cat":[57],"product_tag":[],"class_list":{"0":"post-2320","1":"product","2":"type-product","3":"status-publish","4":"has-post-thumbnail","6":"product_cat-lgbt-flags","8":"first","9":"instock","10":"sale","11":"shipping-taxable","12":"purchasable","13":"product-type-simple"},"_links":{"self":[{"href":"https:\/\/cosmoflag.com\/it\/wp-json\/wp\/v2\/product\/2320","targetHints":{"allow":["GET"]}}],"collection":[{"href":"https:\/\/cosmoflag.com\/it\/wp-json\/wp\/v2\/product"}],"about":[{"href":"https:\/\/cosmoflag.com\/it\/wp-json\/wp\/v2\/types\/product"}],"replies":[{"embeddable":true,"href":"https:\/\/cosmoflag.com\/it\/wp-json\/wp\/v2\/comments?post=2320"}],"wp:featuredmedia":[{"embeddable":true,"href":"https:\/\/cosmoflag.com\/it\/wp-json\/wp\/v2\/media\/1219"}],"wp:attachment":[{"href":"https:\/\/cosmoflag.com\/it\/wp-json\/wp\/v2\/media?parent=2320"}],"wp:term":[{"taxonomy":"product_brand","embeddable":true,"href":"https:\/\/cosmoflag.com\/it\/wp-json\/wp\/v2\/product_brand?post=2320"},{"taxonomy":"product_cat","embeddable":true,"href":"https:\/\/cosmoflag.com\/it\/wp-json\/wp\/v2\/product_cat?post=2320"},{"taxonomy":"product_tag","embeddable":true,"href":"https:\/\/cosmoflag.com\/it\/wp-json\/wp\/v2\/product_tag?post=2320"}],"curies":[{"name":"wp","href":"https:\/\/api.w.org\/{rel}","templated":true}]}}