{"id":2318,"date":"2024-12-12T14:12:00","date_gmt":"2024-12-12T12:12:00","guid":{"rendered":"https:\/\/cosmoflag.com\/?post_type=product&#038;p=2318"},"modified":"2025-08-12T21:23:45","modified_gmt":"2025-08-12T19:23:45","slug":"bandiera-dellorgoglio-lgbt-di-filadelfia","status":"publish","type":"product","link":"https:\/\/cosmoflag.com\/it\/prodotto\/bandiera-dellorgoglio-lgbt-di-filadelfia\/","title":{"rendered":"Bandiera del Philadelphia Pride LGBT"},"content":{"rendered":"<h3>Caratteristiche della bandiera del Philadelphia Pride LGBT<\/h3>\n<p>La nostra bandiera LGBT Philadelphia Pride \u00e8 realizzata in poliestere di alta qualit\u00e0, che la rende ideale per un uso duraturo, sia all'interno che all'esterno. \u00c8 dotata di occhielli in metallo per una facile installazione e una tenuta garantita, anche in condizioni atmosferiche avverse. Disponibile nel formato 90\u00d7150 cm\/35\u00d759 pollici per la massima visibilit\u00e0, la nostra bandiera soddisfa diverse esigenze, sia che vogliate esporla su un'asta o su una parete.<\/p>\n<p><strong>Un simbolo nazionale ricco di storia<\/strong><\/p>\n<p>La bandiera del Philadelphia Pride LGBT aggiunge due strisce, una nera e una marrone, sopra i tradizionali sei colori dell'arcobaleno della bandiera del Pride LGBTQ+. Queste aggiunte sono state fatte per sottolineare la diversit\u00e0 e l'inclusione, in particolare per quanto riguarda le persone di colore all'interno della comunit\u00e0 LGBTQ+. Questa versione della bandiera \u00e8 stata introdotta nel 2017 per rafforzare la visibilit\u00e0 delle persone LGBTQ+ di colore e di colore, affermando l'impegno verso tutte le voci della comunit\u00e0.<\/p>\n<p><strong>Versatilit\u00e0 di utilizzo<\/strong><\/p>\n<p>Ideale per parate dell'orgoglio, manifestazioni, eventi culturali o come strumento educativo, la bandiera del Philadelphia Pride \u00e8 un potente simbolo di inclusione. Il design robusto e i colori resistenti allo sbiadimento garantiscono che la bandiera mantenga il suo impatto visivo e il suo significato nel tempo.<\/p>","protected":false},"excerpt":{"rendered":"<p>Bandiera di 150 x 90 cm con 2 robusti occhielli in metallo per un'appensione sicura.<\/p>","protected":false},"featured_media":1206,"comment_status":"open","ping_status":"closed","template":"","meta":{"_gspb_post_css":"","iawp_total_views":12},"product_brand":[],"product_cat":[57],"product_tag":[],"class_list":{"0":"post-2318","1":"product","2":"type-product","3":"status-publish","4":"has-post-thumbnail","6":"product_cat-lgbt-flags","8":"first","9":"instock","10":"sale","11":"shipping-taxable","12":"purchasable","13":"product-type-simple"},"_links":{"self":[{"href":"https:\/\/cosmoflag.com\/it\/wp-json\/wp\/v2\/product\/2318","targetHints":{"allow":["GET"]}}],"collection":[{"href":"https:\/\/cosmoflag.com\/it\/wp-json\/wp\/v2\/product"}],"about":[{"href":"https:\/\/cosmoflag.com\/it\/wp-json\/wp\/v2\/types\/product"}],"replies":[{"embeddable":true,"href":"https:\/\/cosmoflag.com\/it\/wp-json\/wp\/v2\/comments?post=2318"}],"wp:featuredmedia":[{"embeddable":true,"href":"https:\/\/cosmoflag.com\/it\/wp-json\/wp\/v2\/media\/1206"}],"wp:attachment":[{"href":"https:\/\/cosmoflag.com\/it\/wp-json\/wp\/v2\/media?parent=2318"}],"wp:term":[{"taxonomy":"product_brand","embeddable":true,"href":"https:\/\/cosmoflag.com\/it\/wp-json\/wp\/v2\/product_brand?post=2318"},{"taxonomy":"product_cat","embeddable":true,"href":"https:\/\/cosmoflag.com\/it\/wp-json\/wp\/v2\/product_cat?post=2318"},{"taxonomy":"product_tag","embeddable":true,"href":"https:\/\/cosmoflag.com\/it\/wp-json\/wp\/v2\/product_tag?post=2318"}],"curies":[{"name":"wp","href":"https:\/\/api.w.org\/{rel}","templated":true}]}}