{"id":2315,"date":"2024-12-12T13:56:00","date_gmt":"2024-12-12T11:56:00","guid":{"rendered":"https:\/\/cosmoflag.com\/?post_type=product&#038;p=2315"},"modified":"2025-08-12T21:23:46","modified_gmt":"2025-08-12T19:23:46","slug":"bandiera-bisessuale","status":"publish","type":"product","link":"https:\/\/cosmoflag.com\/it\/prodotto\/bandiera-bisessuale\/","title":{"rendered":"Bandiera bisessuale"},"content":{"rendered":"<h3>Caratteristiche della bandiera bisessuale<\/h3>\n<p>La nostra bandiera bisessuale \u00e8 realizzata in poliestere di alta qualit\u00e0, che la rende ideale per un uso duraturo, sia all'interno che all'esterno. \u00c8 dotata di occhielli in metallo per una facile installazione e una tenuta garantita, anche in condizioni atmosferiche avverse. Disponibile nel formato 90\u00d7150 cm per la massima visibilit\u00e0, la nostra bandiera soddisfa diverse esigenze, sia che vogliate esporla su un'asta o su una parete.<\/p>\n<h3>Un simbolo nazionale ricco di storia<\/h3>\n<p>La bandiera bisessuale presenta tre strisce orizzontali: una striscia rosa in alto per l'attrazione omosessuale, una striscia blu in basso per l'attrazione eterosessuale e una striscia viola al centro che rappresenta l'attrazione per entrambi i sessi. Questa bandiera \u00e8 stata creata per aumentare la visibilit\u00e0 delle persone bisessuali all'interno della comunit\u00e0 LGBTQ+ e oltre, evidenziando la diversit\u00e0 delle attrazioni sessuali.<\/p>\n<h3>Uso versatile<\/h3>\n<p>Ideale per eventi pride, incontri comunitari, eventi culturali o come strumento educativo sulla bisessualit\u00e0, la bandiera bisessuale \u00e8 perfettamente adatta a tutte queste occasioni. La sua struttura durevole e i colori resistenti allo sbiadimento garantiscono che la bandiera mantenga la sua bellezza e il suo significato.<\/p>","protected":false},"excerpt":{"rendered":"<p>Bandiera di 150 x 90 cm con 2 robusti occhielli in metallo per un'appensione sicura.<\/p>","protected":false},"featured_media":1010,"comment_status":"open","ping_status":"closed","template":"","meta":{"_gspb_post_css":"","iawp_total_views":26},"product_brand":[],"product_cat":[57],"product_tag":[],"class_list":{"0":"post-2315","1":"product","2":"type-product","3":"status-publish","4":"has-post-thumbnail","6":"product_cat-lgbt-flags","8":"first","9":"instock","10":"sale","11":"shipping-taxable","12":"purchasable","13":"product-type-simple"},"_links":{"self":[{"href":"https:\/\/cosmoflag.com\/it\/wp-json\/wp\/v2\/product\/2315","targetHints":{"allow":["GET"]}}],"collection":[{"href":"https:\/\/cosmoflag.com\/it\/wp-json\/wp\/v2\/product"}],"about":[{"href":"https:\/\/cosmoflag.com\/it\/wp-json\/wp\/v2\/types\/product"}],"replies":[{"embeddable":true,"href":"https:\/\/cosmoflag.com\/it\/wp-json\/wp\/v2\/comments?post=2315"}],"wp:featuredmedia":[{"embeddable":true,"href":"https:\/\/cosmoflag.com\/it\/wp-json\/wp\/v2\/media\/1010"}],"wp:attachment":[{"href":"https:\/\/cosmoflag.com\/it\/wp-json\/wp\/v2\/media?parent=2315"}],"wp:term":[{"taxonomy":"product_brand","embeddable":true,"href":"https:\/\/cosmoflag.com\/it\/wp-json\/wp\/v2\/product_brand?post=2315"},{"taxonomy":"product_cat","embeddable":true,"href":"https:\/\/cosmoflag.com\/it\/wp-json\/wp\/v2\/product_cat?post=2315"},{"taxonomy":"product_tag","embeddable":true,"href":"https:\/\/cosmoflag.com\/it\/wp-json\/wp\/v2\/product_tag?post=2315"}],"curies":[{"name":"wp","href":"https:\/\/api.w.org\/{rel}","templated":true}]}}