{"id":2312,"date":"2024-12-12T13:43:00","date_gmt":"2024-12-12T11:43:00","guid":{"rendered":"https:\/\/cosmoflag.com\/?post_type=product&#038;p=2312"},"modified":"2026-04-04T13:27:14","modified_gmt":"2026-04-04T11:27:14","slug":"bandiera-dellorgoglio-intersessuale","status":"publish","type":"product","link":"https:\/\/cosmoflag.com\/it\/prodotto\/bandiera-dellorgoglio-intersessuale\/","title":{"rendered":"Bandiera dell'orgoglio intersessuale"},"content":{"rendered":"<h3>Caratteristiche della bandiera dell'Orgoglio Intersex Progress<\/h3>\n<p>La nostra bandiera Intersex Progress Pride \u00e8 realizzata in poliestere di alta qualit\u00e0, ideale per un uso duraturo, sia in interni che in esterni. \u00c8 dotata di occhielli in metallo per una facile installazione e una tenuta garantita, anche in condizioni atmosferiche avverse. Disponibile nel formato 90 x 150 cm per la massima visibilit\u00e0, la nostra bandiera soddisfa diverse esigenze, sia che vogliate esporla su un'asta o su una parete.<\/p>\n<h3>Un simbolo nazionale ricco di storia<\/h3>\n<p>La bandiera dell'Intersex Progress Pride riprende il design della tradizionale bandiera del Progress Pride con l'aggiunta di un cerchio viola su sfondo giallo nella striscia della freccia rivolta a destra, che simboleggia la comunit\u00e0 intersex. Questo design innovativo sottolinea l'importanza dell'inclusione e della visibilit\u00e0 delle persone intersex all'interno della comunit\u00e0 LGBTQ+. La bandiera celebra anche i contributi e la resilienza delle persone transgender, di colore e intersessuali.<\/p>\n<h3>Versatilit\u00e0 di utilizzo<\/h3>\n<p>Perfetta per le parate dell'orgoglio, gli eventi comunitari, le dimostrazioni culturali o come strumento educativo, questa bandiera \u00e8 un potente simbolo di inclusione. Il design robusto e i colori resistenti allo sbiadimento garantiscono che la bandiera mantenga il suo impatto visivo e il suo significato nel tempo.<\/p>","protected":false},"excerpt":{"rendered":"<p>Bandiera di 150 x 90 cm con 2 robusti occhielli in metallo per un'appensione sicura.<\/p>","protected":false},"featured_media":1151,"comment_status":"open","ping_status":"closed","template":"","meta":{"_gspb_post_css":"","iawp_total_views":43},"product_brand":[],"product_cat":[57],"product_tag":[],"class_list":{"0":"post-2312","1":"product","2":"type-product","3":"status-publish","4":"has-post-thumbnail","6":"product_cat-lgbt-flags","8":"first","9":"instock","10":"sale","11":"shipping-taxable","12":"purchasable","13":"product-type-simple"},"_links":{"self":[{"href":"https:\/\/cosmoflag.com\/it\/wp-json\/wp\/v2\/product\/2312","targetHints":{"allow":["GET"]}}],"collection":[{"href":"https:\/\/cosmoflag.com\/it\/wp-json\/wp\/v2\/product"}],"about":[{"href":"https:\/\/cosmoflag.com\/it\/wp-json\/wp\/v2\/types\/product"}],"replies":[{"embeddable":true,"href":"https:\/\/cosmoflag.com\/it\/wp-json\/wp\/v2\/comments?post=2312"}],"wp:featuredmedia":[{"embeddable":true,"href":"https:\/\/cosmoflag.com\/it\/wp-json\/wp\/v2\/media\/1151"}],"wp:attachment":[{"href":"https:\/\/cosmoflag.com\/it\/wp-json\/wp\/v2\/media?parent=2312"}],"wp:term":[{"taxonomy":"product_brand","embeddable":true,"href":"https:\/\/cosmoflag.com\/it\/wp-json\/wp\/v2\/product_brand?post=2312"},{"taxonomy":"product_cat","embeddable":true,"href":"https:\/\/cosmoflag.com\/it\/wp-json\/wp\/v2\/product_cat?post=2312"},{"taxonomy":"product_tag","embeddable":true,"href":"https:\/\/cosmoflag.com\/it\/wp-json\/wp\/v2\/product_tag?post=2312"}],"curies":[{"name":"wp","href":"https:\/\/api.w.org\/{rel}","templated":true}]}}